{"id":257,"date":"2018-11-23T15:41:53","date_gmt":"2018-11-23T15:41:53","guid":{"rendered":"http:\/\/arramara.wpengine.com\/?page_id=257"},"modified":"2019-07-08T18:30:33","modified_gmt":"2019-07-08T18:30:33","slug":"fostaithe","status":"publish","type":"page","link":"https:\/\/acadiankelpmeal.com\/ga\/eolas-fuinn\/fostaithe\/","title":{"rendered":"Fostaithe"},"content":{"rendered":"<p>[vc_row full_width=&#8221;stretch_row_content_no_spaces&#8221; content_placement=&#8221;middle&#8221; css=&#8221;.vc_custom_1547080647374{background: #e0e0e0 url(https:\/\/acadiankelpmeal.com\/wp-content\/uploads\/2018\/11\/Arramara-Group-shot-1-1-e1547080406304.jpg?id=669) !important;background-position: center !important;background-repeat: no-repeat !important;background-size: cover !important;}&#8221; el_class=&#8221;sub-banner background-xcenter-ytop&#8221;][vc_column css_animation=&#8221;fadeIn&#8221;][\/vc_column][\/vc_row][vc_row el_class=&#8221;page-bg-photo&#8221;][vc_column css_animation=&#8221;fadeIn&#8221; el_class=&#8221;content-center content-max&#8221;][vc_row_inner el_class=&#8221;container&#8221;][vc_column_inner][vc_column_text css_animation=&#8221;fadeIn&#8221;]<\/p>\n<h2>\u00c1r Fostaithe<\/h2>\n<p>&nbsp;<\/p>\n<p>N\u00ed amh\u00e1in gur comhlacht feamainne \u00e9 Arramara \u2013 is pobal muid chomh maith a bhfuil cur chuige d\u00edograiseach agus dearfach againn maidir leis an saol. Ag teacht isteach doirse ionad Chill Chiar\u00e1in dh\u00f3ibh, n\u00edl aon dabht ach go gcuid\u00edonn paisean agus tiomantas \u00e1r Fostaithe linn na t\u00e1irg\u00ed is fearr feamainne sa domhan a fhorbairt agus an <em>Ascophyllum nodosum<\/em> a choime\u00e1d mar acmhainn \u00c9ireannach inbhuanaithe don todhcha\u00ed. Fi\u00fa agus an l\u00e1 oibre thart b\u00edonn siad ag gn\u00edomh\u00fa f\u00f3s ar mhaithe le leas na pobail ina bhfuil siad ag obair agus ag c\u00f3na\u00ed iontu.<\/p>\n<p>[\/vc_column_text][\/vc_column_inner][\/vc_row_inner][vc_row_inner equal_height=&#8221;yes&#8221; content_placement=&#8221;top&#8221; el_class=&#8221;content-center content-max&#8221;][vc_column_inner width=&#8221;1\/2&#8243; css=&#8221;.vc_custom_1542749025635{padding: 50px !important;}&#8221;][vc_single_image image=&#8221;423&#8243; img_size=&#8221;1800 x 1200&#8243; alignment=&#8221;center&#8221; css_animation=&#8221;fadeIn&#8221;][vc_empty_space][vc_column_text css_animation=&#8221;fadeIn&#8221;]<\/p>\n<h3>Alan Considine<\/h3>\n<h4>Bainisteoir Monarchan<\/h4>\n<p>Is \u00e9 Alan Considine an Bainisteoir Monarchan at\u00e1 ag Arramara agus t\u00e1 s\u00e9 i bhfeighil oibr\u00edochta\u00ed an ionaid \u00f3 m\u00ed Feabhra 2014. Is duine d\u00edograiseach \u00e9 a bhfuil cur chuige l\u00f3ici\u00fail aige maidir lena phost, b\u00edonn s\u00e9 ag d\u00e9anamh forbairt\u00ed lean\u00fanacha ar an mhonarcha agus ag breathn\u00fa\u00a0 amach do na buis\u00e9id\u00ed oibre chun go bhfaighfidh custaim\u00e9ir\u00ed t\u00e1irg\u00ed feamainne de \u00e1rd-chaighde\u00e1n gan aon mhoill. Agus \u00e9 taobh amuigh den oifig is bre\u00e1 leis rotha\u00edocht sl\u00e9ibhe, snorcl\u00e1il agus cadhc\u00e1il.<\/p>\n<p>[\/vc_column_text][vc_empty_space][vc_column_text]<\/p>\n<p><a class=\"button blue\" href=\"mailto:aconsidine@arramara.ie\" target=\"_self\">Cuir r\u00edomhphost orm<\/a><\/p>\n<p>[\/vc_column_text][\/vc_column_inner][vc_column_inner width=&#8221;1\/2&#8243; css=&#8221;.vc_custom_1543872560975{padding-top: 50px !important;padding-right: 50px !important;padding-bottom: 50px !important;padding-left: 50px !important;}&#8221;][vc_single_image image=&#8221;425&#8243; img_size=&#8221;1800 x 1200&#8243; alignment=&#8221;center&#8221; css_animation=&#8221;fadeIn&#8221;][vc_empty_space][vc_column_text css_animation=&#8221;fadeIn&#8221;]<\/p>\n<h3>Jim Keogh<\/h3>\n<h4>Sti\u00farth\u00f3ir na hEorpa \u2013 C\u00farsa\u00ed Strait\u00e9iseach<\/h4>\n<p>Is \u00e9 Jim Keogh Sti\u00farth\u00f3ir na hEorpa \u2013 C\u00farsa\u00ed Strait\u00e9iseach ag Arramara agus baineann s\u00e9 \u00fas\u00e1id as na 40 bliain at\u00e1 caite aige san earn\u00e1il phoibl\u00ed chun cur le forbairt an chomhlachta. Mar ph\u00e1irt den phost seo tugann Jim treoir do thionscnaimh Strait\u00e9iseacha ar fud na hEorpa ar mhaithe le Arramara. Cuireann s\u00e9 seo le f\u00e1s agus leis an tionchar dearfach at\u00e1 ag \u00e1r gcomhlacht \u00c9ireannach anseo agus go hidirn\u00e1isi\u00fanta. Nuair nach bhfuil c\u00faraim\u00ed eile air is maith le Jim\u00a0 am a chaitheamh ag imirt gailf, ag c\u00f3caireacht, ag l\u00e9itheoireacht agus ag sn\u00e1mh nuair at\u00e1 an s\u00e9asur ceart ann<\/p>\n<p>[\/vc_column_text][vc_empty_space][vc_column_text]<\/p>\n<p><a class=\"button blue\" href=\"mailto:jfk@arramara.ie\" target=\"_self\">Cuir r\u00edomhphost orm<\/a><\/p>\n<p>[\/vc_column_text][\/vc_column_inner][\/vc_row_inner][vc_row_inner equal_height=&#8221;yes&#8221; content_placement=&#8221;top&#8221;][vc_column_inner width=&#8221;1\/2&#8243; css=&#8221;.vc_custom_1542749271464{padding: 50px !important;}&#8221;][vc_single_image image=&#8221;435&#8243; img_size=&#8221;full&#8221; alignment=&#8221;center&#8221; css_animation=&#8221;fadeInUp&#8221; el_class=&#8221;image-shadow&#8221;][vc_empty_space][vc_column_text css_animation=&#8221;fadeIn&#8221;]<\/p>\n<h3>Mich\u00e9al Mac Monagail<\/h3>\n<h4>Eola\u00ed Acmhainn\u00ed<\/h4>\n<p>Is \u00e9 Miche\u00e1l MacMonagail Eola\u00ed Acmhainn\u00ed Arramara agus is\u00a0 \u00e1r saineola\u00ed \u00e9 ar <em>Ascophyllum nodosum<\/em>. B\u00edonn Miche\u00e1l i bhfeigil an chl\u00e1ir sampl\u00e1la agus monat\u00f3ireachta, ag d\u00e9anamh suirbh\u00e9ireacht ar na l\u00e1thair bhainist\u00edochta chun cinnti\u00fa go bhfuil acmhainn na bithmhaise, foll\u00e1ine an l\u00e1thair feamainne agus an st\u00e1das bainte coinnithe ag leibh\u00e9il inbhuanaithe. Nuair a bh\u00edonn am saor aige, b\u00edonn s\u00e9 ag pl\u00e9 le deileadh adhmaid, l\u00e9itheoireacht, ag seinm cheoil agus ag obair ar a thr\u00e1chtas PhD.<\/p>\n<p>[\/vc_column_text][vc_empty_space][vc_column_text]<\/p>\n<p><a class=\"button blue\" href=\"mailto:mmacmonagail@arramara.ie\" target=\"_self\">Cuir r\u00edomhphost orm<\/a><\/p>\n<p>[\/vc_column_text][\/vc_column_inner][vc_column_inner width=&#8221;1\/2&#8243; css=&#8221;.vc_custom_1543872646878{padding-top: 50px !important;padding-right: 50px !important;padding-bottom: 50px !important;padding-left: 50px !important;}&#8221;][vc_single_image image=&#8221;428&#8243; img_size=&#8221;1800 x 1200&#8243; alignment=&#8221;center&#8221; css_animation=&#8221;fadeIn&#8221;][vc_empty_space][vc_column_text css_animation=&#8221;fadeIn&#8221;]<\/p>\n<h3>Maura Flaherty<\/h3>\n<h4>Bainisteoir Caighde\u00e1in agus S\u00e1bh\u00e1ilteachta<\/h4>\n<p>Is \u00ed Maura Flaherty Bainisteoir Caighde\u00e1in agus S\u00e1bh\u00e1ilteachta ag Arramara, ach bh\u00ed a l\u00e1n postanna aici le linn na 20 bliana a chaith s\u00ed ag obair leis an gcomhlacht. B\u00edonn gach l\u00e1 \u00e9ags\u00fail do Maura, ach t\u00e1 \u00f3n dearcadh grinn aici, chomh maith le meon dearfach maidir le c\u00farsa\u00ed foirne agus taca\u00edonn s\u00e9 seo le \u00e1rdchaighde\u00e1in agus feasacht an chomhlachta. Nuair nach bhfuil s\u00ed ag obair san oifig, is bre\u00e1 l\u00e9i am a chaitheamh lena clann, l\u00e9itheoireacht agus ag si\u00fail na b\u00f3ithr\u00ed beaga ag baile.<\/p>\n<p>[\/vc_column_text][vc_empty_space][vc_column_text]<\/p>\n<p><a class=\"button blue\" href=\"mailto:m.flaherty@arramara.ie\" target=\"_self\">Cuir r\u00edomhphost orm<\/a><\/p>\n<p>[\/vc_column_text][\/vc_column_inner][\/vc_row_inner][\/vc_column][\/vc_row][vc_row css_animation=&#8221;none&#8221; el_id=&#8221;titan-cta&#8221; el_class=&#8221;border-top&#8221;][vc_column]<\/p>\n<div class=\"templatera_shortcode\">\n<div class=\"vc_row wpb_row vc_row-fluid content-center content-max vc_row-o-content-middle vc_row-flex\">\n<div class=\"wpb_column vc_column_container vc_col-sm-6\">\n<div class=\"vc_column-inner\">\n<div class=\"wpb_wrapper\">\n<div  class=\"wpb_single_image wpb_content_element vc_align_center  wpb_animate_when_almost_visible wpb_fadeIn fadeIn\">\n<figure class=\"wpb_wrapper vc_figure\">\n<div class=\"vc_single_image-wrapper   vc_box_border_grey\"><img loading=\"lazy\" decoding=\"async\" class=\"vc_single_image-img \" src=\"https:\/\/acadiankelpmeal.com\/wp-content\/uploads\/2018\/11\/Titan@2x-300x154.png\" width=\"300\" height=\"154\" alt=\"Titan Seaweed Product Logo\" title=\"Titan@2x\" \/><\/div>\n<\/figure><\/div>\n<\/div>\n<\/div>\n<\/div>\n<div class=\"wpb_column vc_column_container vc_col-sm-6\">\n<div class=\"vc_column-inner\">\n<div class=\"wpb_wrapper\">\n<div class=\"wpb_text_column wpb_content_element  wpb_animate_when_almost_visible wpb_fadeIn fadeIn\" >\n<div class=\"wpb_wrapper\">\n<h2>Ar mhaith leat a bheith mar bhall do Phobal Arramara?<\/h2>\n<\/p><\/div>\n<\/p><\/div>\n<div class=\"wpb_text_column wpb_content_element  wpb_animate_when_almost_visible wpb_fadeInUp fadeInUp\" >\n<div class=\"wpb_wrapper\">\n\t\t\t<a class=\"button blue\" href=\"\/ga\/eolas-fuinn\/gairmeacha\/\" target=\"_self\">Cuardaigh \u00e1r gcuid post is d\u00e9ana\u00ed<\/a><\/p><\/div>\n<\/p><\/div>\n<\/div>\n<\/div>\n<\/div>\n<\/div>\n<\/div>\n<p>[\/vc_column][\/vc_row][vc_row][vc_column]<\/p>\n<div class=\"templatera_shortcode\">\n<div data-vc-full-width=\"true\" data-vc-full-width-init=\"false\" data-vc-stretch-content=\"true\" class=\"vc_row wpb_row vc_row-fluid split-cta vc_custom_1545310294281 vc_row-no-padding vc_row-o-equal-height vc_row-flex\">\n<div class=\"split-blue-overlay split-col wpb_column vc_column_container vc_col-sm-6 vc_col-has-fill\">\n<div class=\"vc_column-inner vc_custom_1545310623931\">\n<div class=\"wpb_wrapper\">\n<div class=\"wpb_text_column wpb_content_element  split-copy\" >\n<div class=\"wpb_wrapper\">\n<h3>D\u2019fh\u00e9adf\u00e1 r\u00e1 gur clann \u00e9 Arramara n\u00edos m\u00f3 n\u00e1 gn\u00f3 at\u00e1 ag cruth\u00fa todhcha\u00ed inbhuanaithe d\u2019\u00c9irinn<\/h3>\n<p style=\"text-align: center;\"><a class=\"button white-blue\" href=\"\/ga\/eolas-fuinn\/\" target=\"_self\">Eolas f\u00fainn agus \u00e1r ndream<\/a><\/p>\n<\/p><\/div>\n<\/p><\/div>\n<div  class=\"wpb_single_image wpb_content_element vc_align_center\">\n<figure class=\"wpb_wrapper vc_figure\">\n<div class=\"vc_single_image-wrapper   vc_box_border_grey\"><img loading=\"lazy\" decoding=\"async\" width=\"877\" height=\"845\" src=\"https:\/\/acadiankelpmeal.com\/wp-content\/uploads\/2018\/12\/collage-square.jpg\" class=\"vc_single_image-img attachment-full\" alt=\"arramara collage square\" srcset=\"https:\/\/acadiankelpmeal.com\/wp-content\/uploads\/2018\/12\/collage-square.jpg 877w, https:\/\/acadiankelpmeal.com\/wp-content\/uploads\/2018\/12\/collage-square-300x289.jpg 300w, https:\/\/acadiankelpmeal.com\/wp-content\/uploads\/2018\/12\/collage-square-768x740.jpg 768w\" sizes=\"auto, (max-width: 877px) 100vw, 877px\" \/><\/div>\n<\/figure><\/div>\n<\/div>\n<\/div>\n<\/div>\n<div class=\"split-green-overlay split-col wpb_column vc_column_container vc_col-sm-6 vc_col-has-fill\">\n<div class=\"vc_column-inner vc_custom_1545310240877\">\n<div class=\"wpb_wrapper\">\n<div class=\"wpb_text_column wpb_content_element  split-copy\" >\n<div class=\"wpb_wrapper\">\n<h3>Ag \u00fas\u00e1id cleachtais inbhuanithe maidir le baint feamainne agus bainisti\u00fa a dh\u00e9anamh ar acmhainn\u00ed, is f\u00e9idir feamainn a choinne\u00e1il mar acmhainn in-athnuaite<\/h3>\n<p style=\"text-align: center;\"><a class=\"button white-green\" href=\"\/ga\/eolaiocht-acmhainne\/\" target=\"_self\">Eolas faoi na cleachtais inbhuanaithe a \u00fas\u00e1ideann muid<\/a><\/p>\n<\/p><\/div>\n<\/p><\/div>\n<div  class=\"wpb_single_image wpb_content_element vc_align_center\">\n<figure class=\"wpb_wrapper vc_figure\">\n<div class=\"vc_single_image-wrapper   vc_box_border_grey\"><img loading=\"lazy\" decoding=\"async\" width=\"877\" height=\"845\" src=\"https:\/\/acadiankelpmeal.com\/wp-content\/uploads\/2018\/12\/arramara-mobile-half.jpg\" class=\"vc_single_image-img attachment-full\" alt=\"\" srcset=\"https:\/\/acadiankelpmeal.com\/wp-content\/uploads\/2018\/12\/arramara-mobile-half.jpg 877w, https:\/\/acadiankelpmeal.com\/wp-content\/uploads\/2018\/12\/arramara-mobile-half-300x289.jpg 300w, https:\/\/acadiankelpmeal.com\/wp-content\/uploads\/2018\/12\/arramara-mobile-half-768x740.jpg 768w\" sizes=\"auto, (max-width: 877px) 100vw, 877px\" \/><\/div>\n<\/figure><\/div>\n<\/div>\n<\/div>\n<\/div>\n<\/div>\n<div class=\"vc_row-full-width vc_clearfix\"><\/div>\n<\/div>\n<p>[\/vc_column][\/vc_row][vc_row][vc_column]<\/p>\n<div class=\"templatera_shortcode\">\n<div class=\"vc_row wpb_row vc_row-fluid content-center content-max\">\n<div class=\"wpb_column vc_column_container vc_col-sm-12\">\n<div class=\"vc_column-inner\">\n<div class=\"wpb_wrapper\">\n<div class=\"vc_empty_space\"   style=\"height: 60px\"><span class=\"vc_empty_space_inner\"><\/span><\/div>\n<div class=\"wpb_text_column wpb_content_element \" >\n<div class=\"wpb_wrapper\">\n<h2>\u00c1r Deimhni\u00fach\u00e1in<\/h2>\n<\/p><\/div>\n<\/p><\/div>\n<\/div>\n<\/div>\n<\/div>\n<\/div>\n<div class=\"vc_row wpb_row vc_row-fluid content-center content-max\">\n<div class=\"wpb_column vc_column_container vc_col-sm-12\">\n<div class=\"vc_column-inner\">\n<div class=\"wpb_wrapper\">\n<div class=\"vc_empty_space\"   style=\"height: 32px\"><span class=\"vc_empty_space_inner\"><\/span><\/div>\n<div  class=\"wpb_single_image wpb_content_element vc_align_center\">\n<figure class=\"wpb_wrapper vc_figure\">\n<div class=\"vc_single_image-wrapper   vc_box_border_grey\"><img loading=\"lazy\" decoding=\"async\" width=\"341\" height=\"341\" src=\"https:\/\/acadiankelpmeal.com\/wp-content\/uploads\/2018\/12\/NISO.jpg\" class=\"vc_single_image-img attachment-full\" alt=\"\" srcset=\"https:\/\/acadiankelpmeal.com\/wp-content\/uploads\/2018\/12\/NISO.jpg 341w, https:\/\/acadiankelpmeal.com\/wp-content\/uploads\/2018\/12\/NISO-150x150.jpg 150w, https:\/\/acadiankelpmeal.com\/wp-content\/uploads\/2018\/12\/NISO-300x300.jpg 300w\" sizes=\"auto, (max-width: 341px) 100vw, 341px\" \/><\/div>\n<\/figure><\/div>\n<\/div>\n<\/div>\n<\/div>\n<\/div>\n<div class=\"vc_row wpb_row vc_row-fluid content-center content-max\">\n<div class=\"wpb_column vc_column_container vc_col-sm-3\">\n<div class=\"vc_column-inner\">\n<div class=\"wpb_wrapper\">\n<div class=\"vc_empty_space\"   style=\"height: 32px\"><span class=\"vc_empty_space_inner\"><\/span><\/div>\n<\/div>\n<\/div>\n<\/div>\n<div class=\"wpb_column vc_column_container vc_col-sm-3\">\n<div class=\"vc_column-inner\">\n<div class=\"wpb_wrapper\"><\/div>\n<\/div>\n<\/div>\n<div class=\"wpb_column vc_column_container vc_col-sm-3\">\n<div class=\"vc_column-inner\">\n<div class=\"wpb_wrapper\">\n<div class=\"vc_empty_space\"   style=\"height: 32px\"><span class=\"vc_empty_space_inner\"><\/span><\/div>\n<\/div>\n<\/div>\n<\/div>\n<div class=\"wpb_column vc_column_container vc_col-sm-3\">\n<div class=\"vc_column-inner\">\n<div class=\"wpb_wrapper\">\n<div class=\"vc_empty_space\"   style=\"height: 32px\"><span class=\"vc_empty_space_inner\"><\/span><\/div>\n<\/div>\n<\/div>\n<\/div>\n<\/div>\n<\/div>\n<p>[\/vc_column][\/vc_row]<\/p>\n","protected":false},"excerpt":{"rendered":"\u00c1r Deimhni\u00fach\u00e1in","protected":false},"author":2,"featured_media":0,"parent":124,"menu_order":0,"comment_status":"closed","ping_status":"closed","template":"","meta":{"footnotes":""},"class_list":["post-257","page","type-page","status-publish","hentry"],"yoast_head":"<!-- This site is optimized with the Yoast SEO plugin v25.3.1 - https:\/\/yoast.com\/wordpress\/plugins\/seo\/ -->\n<title>Natural Irish Seaweed Processing | Arramara&#039;s Employees<\/title>\n<meta name=\"description\" content=\"Arramara is more than a natural irish seaweed processing company; we are a close-knit community. Meet the people bringing the finest Irish seaweed to you.\" \/>\n<meta name=\"robots\" content=\"index, follow, max-snippet:-1, max-image-preview:large, max-video-preview:-1\" \/>\n<link rel=\"canonical\" href=\"https:\/\/acadiankelpmeal.com\/?page_id=192\" \/>\n<meta property=\"og:locale\" content=\"ga_IE\" \/>\n<meta property=\"og:type\" content=\"article\" \/>\n<meta property=\"og:title\" content=\"Natural Irish Seaweed Processing | Arramara&#039;s Employees\" \/>\n<meta property=\"og:description\" content=\"Arramara is more than a natural irish seaweed processing company; we are a close-knit community. Meet the people bringing the finest Irish seaweed to you.\" \/>\n<meta property=\"og:url\" content=\"https:\/\/acadiankelpmeal.com\/?page_id=192\" \/>\n<meta property=\"og:site_name\" content=\"Acadian Kelp Organic Seaweed\" \/>\n<meta property=\"article:modified_time\" content=\"2019-07-08T18:30:33+00:00\" \/>\n<meta name=\"twitter:card\" content=\"summary_large_image\" \/>\n<meta name=\"twitter:label1\" content=\"Est. reading time\" \/>\n\t<meta name=\"twitter:data1\" content=\"5 minutes\" \/>\n<script type=\"application\/ld+json\" class=\"yoast-schema-graph\">{\"@context\":\"https:\/\/schema.org\",\"@graph\":[{\"@type\":\"WebPage\",\"@id\":\"https:\/\/acadiankelpmeal.com\/?page_id=192\",\"url\":\"https:\/\/acadiankelpmeal.com\/?page_id=192\",\"name\":\"Natural Irish Seaweed Processing | Arramara's Employees\",\"isPartOf\":{\"@id\":\"https:\/\/acadiankelpmeal.com\/#website\"},\"datePublished\":\"2018-11-23T15:41:53+00:00\",\"dateModified\":\"2019-07-08T18:30:33+00:00\",\"description\":\"Arramara is more than a natural irish seaweed processing company; we are a close-knit community. Meet the people bringing the finest Irish seaweed to you.\",\"breadcrumb\":{\"@id\":\"https:\/\/acadiankelpmeal.com\/?page_id=192#breadcrumb\"},\"inLanguage\":\"ga-IE\",\"potentialAction\":[{\"@type\":\"ReadAction\",\"target\":[\"https:\/\/acadiankelpmeal.com\/?page_id=192\"]}]},{\"@type\":\"BreadcrumbList\",\"@id\":\"https:\/\/acadiankelpmeal.com\/?page_id=192#breadcrumb\",\"itemListElement\":[{\"@type\":\"ListItem\",\"position\":1,\"name\":\"Home\",\"item\":\"https:\/\/acadiankelpmeal.com\/\"},{\"@type\":\"ListItem\",\"position\":2,\"name\":\"Eolas f\u00fainn\",\"item\":\"https:\/\/acadiankelpmeal.com\/our-story\/\"},{\"@type\":\"ListItem\",\"position\":3,\"name\":\"Fostaithe\"}]},{\"@type\":\"WebSite\",\"@id\":\"https:\/\/acadiankelpmeal.com\/#website\",\"url\":\"https:\/\/acadiankelpmeal.com\/\",\"name\":\"Acadian Kelp Organic Seaweed\",\"description\":\"Prebiotic and nutrient-rich for Healthy Animals and Soil\",\"publisher\":{\"@id\":\"https:\/\/acadiankelpmeal.com\/#organization\"},\"potentialAction\":[{\"@type\":\"SearchAction\",\"target\":{\"@type\":\"EntryPoint\",\"urlTemplate\":\"https:\/\/acadiankelpmeal.com\/?s={search_term_string}\"},\"query-input\":{\"@type\":\"PropertyValueSpecification\",\"valueRequired\":true,\"valueName\":\"search_term_string\"}}],\"inLanguage\":\"ga-IE\"},{\"@type\":\"Organization\",\"@id\":\"https:\/\/acadiankelpmeal.com\/#organization\",\"name\":\"Arramara\",\"url\":\"https:\/\/acadiankelpmeal.com\/\",\"logo\":{\"@type\":\"ImageObject\",\"inLanguage\":\"ga-IE\",\"@id\":\"https:\/\/acadiankelpmeal.com\/#\/schema\/logo\/image\/\",\"url\":\"https:\/\/acadiankelpmeal.com\/wp-content\/uploads\/2018\/11\/Group-205@2x.png\",\"contentUrl\":\"https:\/\/acadiankelpmeal.com\/wp-content\/uploads\/2018\/11\/Group-205@2x.png\",\"width\":261,\"height\":261,\"caption\":\"Arramara\"},\"image\":{\"@id\":\"https:\/\/acadiankelpmeal.com\/#\/schema\/logo\/image\/\"}}]}<\/script>\n<!-- \/ Yoast SEO plugin. -->","yoast_head_json":{"title":"Natural Irish Seaweed Processing | Arramara's Employees","description":"Arramara is more than a natural irish seaweed processing company; we are a close-knit community. Meet the people bringing the finest Irish seaweed to you.","robots":{"index":"index","follow":"follow","max-snippet":"max-snippet:-1","max-image-preview":"max-image-preview:large","max-video-preview":"max-video-preview:-1"},"canonical":"https:\/\/acadiankelpmeal.com\/?page_id=192","og_locale":"ga_IE","og_type":"article","og_title":"Natural Irish Seaweed Processing | Arramara's Employees","og_description":"Arramara is more than a natural irish seaweed processing company; we are a close-knit community. Meet the people bringing the finest Irish seaweed to you.","og_url":"https:\/\/acadiankelpmeal.com\/?page_id=192","og_site_name":"Acadian Kelp Organic Seaweed","article_modified_time":"2019-07-08T18:30:33+00:00","twitter_card":"summary_large_image","twitter_misc":{"Est. reading time":"5 minutes"},"schema":{"@context":"https:\/\/schema.org","@graph":[{"@type":"WebPage","@id":"https:\/\/acadiankelpmeal.com\/?page_id=192","url":"https:\/\/acadiankelpmeal.com\/?page_id=192","name":"Natural Irish Seaweed Processing | Arramara's Employees","isPartOf":{"@id":"https:\/\/acadiankelpmeal.com\/#website"},"datePublished":"2018-11-23T15:41:53+00:00","dateModified":"2019-07-08T18:30:33+00:00","description":"Arramara is more than a natural irish seaweed processing company; we are a close-knit community. Meet the people bringing the finest Irish seaweed to you.","breadcrumb":{"@id":"https:\/\/acadiankelpmeal.com\/?page_id=192#breadcrumb"},"inLanguage":"ga-IE","potentialAction":[{"@type":"ReadAction","target":["https:\/\/acadiankelpmeal.com\/?page_id=192"]}]},{"@type":"BreadcrumbList","@id":"https:\/\/acadiankelpmeal.com\/?page_id=192#breadcrumb","itemListElement":[{"@type":"ListItem","position":1,"name":"Home","item":"https:\/\/acadiankelpmeal.com\/"},{"@type":"ListItem","position":2,"name":"Eolas f\u00fainn","item":"https:\/\/acadiankelpmeal.com\/our-story\/"},{"@type":"ListItem","position":3,"name":"Fostaithe"}]},{"@type":"WebSite","@id":"https:\/\/acadiankelpmeal.com\/#website","url":"https:\/\/acadiankelpmeal.com\/","name":"Acadian Kelp Organic Seaweed","description":"Prebiotic and nutrient-rich for Healthy Animals and Soil","publisher":{"@id":"https:\/\/acadiankelpmeal.com\/#organization"},"potentialAction":[{"@type":"SearchAction","target":{"@type":"EntryPoint","urlTemplate":"https:\/\/acadiankelpmeal.com\/?s={search_term_string}"},"query-input":{"@type":"PropertyValueSpecification","valueRequired":true,"valueName":"search_term_string"}}],"inLanguage":"ga-IE"},{"@type":"Organization","@id":"https:\/\/acadiankelpmeal.com\/#organization","name":"Arramara","url":"https:\/\/acadiankelpmeal.com\/","logo":{"@type":"ImageObject","inLanguage":"ga-IE","@id":"https:\/\/acadiankelpmeal.com\/#\/schema\/logo\/image\/","url":"https:\/\/acadiankelpmeal.com\/wp-content\/uploads\/2018\/11\/Group-205@2x.png","contentUrl":"https:\/\/acadiankelpmeal.com\/wp-content\/uploads\/2018\/11\/Group-205@2x.png","width":261,"height":261,"caption":"Arramara"},"image":{"@id":"https:\/\/acadiankelpmeal.com\/#\/schema\/logo\/image\/"}}]}},"_links":{"self":[{"href":"https:\/\/acadiankelpmeal.com\/ga\/wp-json\/wp\/v2\/pages\/257","targetHints":{"allow":["GET"]}}],"collection":[{"href":"https:\/\/acadiankelpmeal.com\/ga\/wp-json\/wp\/v2\/pages"}],"about":[{"href":"https:\/\/acadiankelpmeal.com\/ga\/wp-json\/wp\/v2\/types\/page"}],"author":[{"embeddable":true,"href":"https:\/\/acadiankelpmeal.com\/ga\/wp-json\/wp\/v2\/users\/2"}],"replies":[{"embeddable":true,"href":"https:\/\/acadiankelpmeal.com\/ga\/wp-json\/wp\/v2\/comments?post=257"}],"version-history":[{"count":0,"href":"https:\/\/acadiankelpmeal.com\/ga\/wp-json\/wp\/v2\/pages\/257\/revisions"}],"up":[{"embeddable":true,"href":"https:\/\/acadiankelpmeal.com\/ga\/wp-json\/wp\/v2\/pages\/124"}],"wp:attachment":[{"href":"https:\/\/acadiankelpmeal.com\/ga\/wp-json\/wp\/v2\/media?parent=257"}],"curies":[{"name":"wp","href":"https:\/\/api.w.org\/{rel}","templated":true}]}}