{"id":232,"date":"2018-11-23T15:27:05","date_gmt":"2018-11-23T15:27:05","guid":{"rendered":"http:\/\/arramara.wpengine.com\/?page_id=232"},"modified":"2019-01-21T17:01:44","modified_gmt":"2019-01-21T17:01:44","slug":"modhanna-bainte","status":"publish","type":"page","link":"https:\/\/acadiankelpmeal.com\/ga\/eolaiocht-acmhainne\/modhanna-bainte\/","title":{"rendered":"Modhanna Bainte"},"content":{"rendered":"<p>[vc_row full_width=&#8221;stretch_row_content_no_spaces&#8221; content_placement=&#8221;middle&#8221; css=&#8221;.vc_custom_1547155808280{background: #e0e0e0 url(https:\/\/acadiankelpmeal.com\/wp-content\/uploads\/2018\/12\/Arramara5-Heading-in-2-e1547155785658.jpg?id=843) !important;background-position: center !important;background-repeat: no-repeat !important;background-size: cover !important;}&#8221; el_class=&#8221;sub-banner&#8221;][vc_column css_animation=&#8221;fadeIn&#8221;][\/vc_column][\/vc_row][vc_row el_class=&#8221;page-bg-photo&#8221;][vc_column css_animation=&#8221;fadeIn&#8221; el_class=&#8221;content-center content-max&#8221;][vc_row_inner el_class=&#8221;container&#8221;][vc_column_inner][vc_column_text css_animation=&#8221;fadeIn&#8221;]<\/p>\n<h2>Modhanna Bainte<\/h2>\n<p>&nbsp;<\/p>\n<p>T\u00e1 Arramara ar cheann de na pr\u00f3ise\u00e1laithe tr\u00e1cht\u00e1la is m\u00f3 den <em>Ascophyllum nodosum <\/em>in \u00c9irinn, t\u00e1imid tar \u00e9is cur chuige saini\u00fail don speiceas a fhorbairt agus muid ag obair leis na Bainteoir\u00ed a chuireann feamainn ar f\u00e1il dh\u00fainn. Baineann na Bainteoir\u00ed a bh\u00edonn ag obair linn \u00fas\u00e1id as measc\u00e1n do mhodhanna bainte le l\u00e1mh, mar shampla ag \u00fas\u00e1id sceana, corr\u00e1in. Le blianta beaga anuas, t\u00e1 modh eile bainte le l\u00e1mh at\u00e1 tairbheach don timpeallacht tagtha chun cinn, s\u00e9 sin \u00fas\u00e1id b\u00e1id bheaga agus r\u00e1c\u00e1in ar leith. Ag baint \u00fas\u00e1id as an d\u00e1 mhodh bainte seo cinnt\u00edonn muid go mbeidh feamainn \u00c9ireannach ar f\u00e1il mar acmhainn inbhuanaithe ar ch\u00f3sta thiar na h\u00c9ireann.<\/p>\n<p>[\/vc_column_text][\/vc_column_inner][\/vc_row_inner][vc_row_inner equal_height=&#8221;yes&#8221; content_placement=&#8221;middle&#8221; el_class=&#8221;content-center content-max&#8221;][vc_column_inner width=&#8221;1\/2&#8243; css=&#8221;.vc_custom_1542749025635{padding: 50px !important;}&#8221;][vc_column_text css_animation=&#8221;fadeIn&#8221;]<\/p>\n<div style=\"max-width: 420px; margin: 0 auto;\">\n<h3>Ag Baint le L\u00e1mh ag \u00fas\u00e1id\u00a0 Corr\u00e1n n\u00f3 Scian<\/h3>\n<p>&nbsp;<\/p>\n<p>T\u00e1 cleachtais bainte l\u00e1imhe simpl\u00ed ach \u00e9ifeachtach. Baintear <em>Ascohylplum nodosum<\/em> at\u00e1 le f\u00e1il go fl\u00fairseach ag am lag tr\u00e1 nuair at\u00e1 an cladach nochtaithe. \u00das\u00e1ideann bainteoir\u00ed a bhfuil taith\u00ed mhaith acu sceana g\u00e9ara n\u00f3 corr\u00e1in chun an <em>Ascohylplum<\/em> a ghearradh \u00f3 na carraigeacha ar an gcladach, b\u00edonn siad c\u00faramach \u00e1fach 5 &#8211; 20 cm don fheamainn a fh\u00e1g\u00e1il ina ndiaidh. B\u00edonn an modh bainte traidisi\u00fanta seo \u00e1 dh\u00e9anamh de r\u00e9ir uain\u00edochta in sa gcaoi go mbeidh deis ag an <em>Ascophyllum nodosum<\/em> f\u00e1s ar\u00eds, n\u00ed bheidh ar na bainteoir\u00ed filleadh ar\u00eds ansin go dt\u00ed go mbeidh tr\u00ed n\u00f3 c\u00faig de bhlianta caite.<\/p>\n<p>&nbsp;<\/p>\n<p>Ansin bail\u00edonnn an bainteoir an fheamainn agus cuireann i mburla\u00ed n\u00f3 i gclim\u00edn\u00ed \u00e9.<\/p>\n<p>&nbsp;<\/p>\n<p>Nuair a arda\u00edonn an taoille, tarrnig\u00edtear gach burla ar cheann taoide go hionad baili\u00fach\u00e1in (sleamhn\u00e1n n\u00f3 c\u00e9ibh) \u00e1it a dh\u00e9anann an fhoireann acmhainn\u00ed scr\u00fad\u00fa air sula dtugann iompr\u00f3ir leis an fheamainn go Arramara chun pr\u00f3is\u00e9ail (go hiond\u00fail in uala\u00ed 20 tonna).<\/p>\n<\/div>\n<p>[\/vc_column_text][\/vc_column_inner][vc_column_inner width=&#8221;1\/2&#8243; css=&#8221;.vc_custom_1542749037311{padding: 50px !important;}&#8221;][vc_single_image image=&#8221;555&#8243; img_size=&#8221;full&#8221; alignment=&#8221;center&#8221; css_animation=&#8221;fadeInUp&#8221; el_class=&#8221;image-shadow&#8221;][vc_empty_space][vc_column_text]<\/p>\n<div style=\"width: 640px;\" class=\"wp-video\"><video class=\"wp-video-shortcode\" id=\"video-232-1\" width=\"640\" height=\"360\" preload=\"metadata\" controls=\"controls\"><source type=\"video\/mp4\" src=\"\/wp-content\/themes\/boilerthemev3\/videos\/arramara-traditional-irish.mp4?_=1\" \/><a href=\"\/wp-content\/themes\/boilerthemev3\/videos\/arramara-traditional-irish.mp4\">\/wp-content\/themes\/boilerthemev3\/videos\/arramara-traditional-irish.mp4<\/a><\/video><\/div>\n<p>[\/vc_column_text][\/vc_column_inner][\/vc_row_inner][vc_row_inner equal_height=&#8221;yes&#8221; content_placement=&#8221;middle&#8221;][vc_column_inner width=&#8221;1\/2&#8243; css=&#8221;.vc_custom_1542749302113{padding: 50px !important;}&#8221;][vc_single_image image=&#8221;750&#8243; img_size=&#8221;full&#8221; alignment=&#8221;center&#8221; css_animation=&#8221;fadeInUp&#8221; el_class=&#8221;image-shadow&#8221;][vc_empty_space][vc_column_text]<\/p>\n<div style=\"width: 640px;\" class=\"wp-video\"><video class=\"wp-video-shortcode\" id=\"video-232-2\" width=\"640\" height=\"360\" preload=\"metadata\" controls=\"controls\"><source type=\"video\/mp4\" src=\"\/wp-content\/themes\/boilerthemev3\/videos\/First-Arramara-Irish-Video-with-Irish-Subtitles_1.mp4?_=2\" \/><a href=\"\/wp-content\/themes\/boilerthemev3\/videos\/First-Arramara-Irish-Video-with-Irish-Subtitles_1.mp4\">\/wp-content\/themes\/boilerthemev3\/videos\/First-Arramara-Irish-Video-with-Irish-Subtitles_1.mp4<\/a><\/video><\/div>\n<p>[\/vc_column_text][\/vc_column_inner][vc_column_inner width=&#8221;1\/2&#8243; css=&#8221;.vc_custom_1542749292398{padding: 50px !important;}&#8221;][vc_column_text css_animation=&#8221;fadeIn&#8221;]<\/p>\n<div style=\"max-width: 460px;\">\n<h3>Ag Baint le L\u00e1mh ag \u00fas\u00e1id B\u00e1d Beag agus R\u00e1c\u00e1n<\/h3>\n<p>&nbsp;<\/p>\n<p>Leis an m\u00f3dh \u00e1irithe seo baineann na bainteoir\u00ed \u00fas\u00e1id as b\u00e1d agus r\u00e1c\u00e1n. Cuireann siad r\u00e1c\u00e1n \u00e1irithe a bhfuil l\u00e1mh fhada air s\u00edos san uisce chun an <em>Ascophyllum<\/em>\u00a0a bhearradh. B\u00edonn siad c\u00faramach le linn an phr\u00f3isis seo go gcoinn\u00edtear an fr\u00e9amh sl\u00e1n. T\u00e1 an modh seo cos\u00fail le bheith ag gearradh do chuid f\u00e9ir ag baile agus cuireann s\u00e9 le borradh f\u00e1is na feamainne. Tugann s\u00e9 seo deis do na bainteoir\u00ed filleadh ar an l\u00e1thair ch\u00e9ana gach bliain i gcompar\u00e1id leis an tr\u00ed go c\u00faig bhliana a bh\u00edonn i gceist leis an modh bainte traidisi\u00fanta.<\/p>\n<\/div>\n<p>&nbsp;<\/p>\n<div style=\"max-width: 460px;\">\n<p>Nuair a bh\u00edonn feamainn \u00e1 bhaint \u00f3n mb\u00e1d, b\u00edonn deis ag na bainteoir\u00ed an obair a dh\u00e9anamh le linn taoille ard n\u00f3 \u00edseal agus ansin an fheamainn a st\u00f3r\u00e1il sa mb\u00e1d in \u00e1it \u00e9 a fh\u00e1g\u00e1il ar an gcladach. Mar gheall go mb\u00edonn an b\u00e1d go s\u00edora\u00ed ag bogadh leis an taoille agus an tsruth, d\u00e9antar bearradh ar leith ar na planda\u00ed <em>Ascophyllum. <\/em>De thoradh an phr\u00f3isis seo b\u00edonn ceannbhrat maith f\u00e1gtha do nithe idirthaoideach eile, agus b\u00edonn deis ag na p\u00e9ac\u00e1in athghini\u00faint a dh\u00e9anamh agus n\u00ed chuirtear isteach chomh m\u00f3r sin ar struct\u00far na h\u00e1ite. Ar an ioml\u00e1n taispe\u00e1nann \u00e1r gcuid taighde go bhfuil an modh bainte b\u00e1d agus r\u00e1c\u00e1n ar an gcleachtas is fearr maidir le c\u00farsa\u00ed inbhuanaithe de agus go m\u00e9ada\u00edonn s\u00e9 toirt na bithmhaise chomh maith.<\/p>\n<\/div>\n<p>[\/vc_column_text][\/vc_column_inner][\/vc_row_inner][vc_row_inner equal_height=&#8221;yes&#8221; content_placement=&#8221;middle&#8221;][vc_column_inner width=&#8221;1\/2&#8243; css=&#8221;.vc_custom_1542749281785{padding: 50px !important;}&#8221;][vc_column_text css_animation=&#8221;fadeIn&#8221;]<\/p>\n<p>I m\u00ed Dheireadh F\u00f3mhair 2013, tugadh cuireadh do Bhainteoir\u00ed agus iompr\u00f3ir\u00ed \u00e1iti\u00fala a raibh baint acu le Arramra dul go Ceanada chun l\u00e9argas a fh\u00e1il ar an gcaoi a bhaineann Acadian Seaplants an <em>Ascophyllum nodosum <\/em>ag \u00fas\u00e1id an modh bainte b\u00e1d agus r\u00e1c\u00e1n.<\/p>\n<p>&nbsp;<\/p>\n<p>Nuair a d\u2019fhill siad ar an mbaile, d\u2019iarr cuid acu an bhf\u00e9adfa\u00ed cur i l\u00e1thair a dh\u00e9anamh go h\u00e1iti\u00fail maidir leis an modh bainte b\u00e1d agus r\u00e1c\u00e1n chun \u00e9ifeacht agus \u00e9asca\u00edocht an phr\u00f3isis a thaispe\u00e1int.<\/p>\n<p>&nbsp;<\/p>\n<p>I m\u00ed an Mheithimh 2016, chur muid cur i l\u00e1thair maoirsithe ar si\u00fal i gcuan Chill Chiar\u00e1in i dtaca le l\u00e1 oscailte do bhainteoir\u00ed a d\u2019eagraigh Arramara ag an ionad t\u00e1irghe. Ina dhiaidh sin d\u2019iarr dh\u00e1 bhailitheoir feamianne as Cloch na R\u00f3n na b\u00e1id a thabhairt leo ar iasacht go nd\u00e9anfadh siad a thuilleadh trialacha ina gcuid l\u00e1thair bainte f\u00e9in, agus t\u00e1 siad ag baint leo gan str\u00f3 le b\u00e1d agus r\u00e1c\u00e1n \u00f3 shin. T\u00e1 suim l\u00e9irithe ag bainteoir\u00ed eile san mhodh \u00e9ags\u00fail seo chomh maith.<\/p>\n<p>[\/vc_column_text][\/vc_column_inner][vc_column_inner width=&#8221;1\/2&#8243; css=&#8221;.vc_custom_1542749271464{padding: 50px !important;}&#8221;][vc_single_image image=&#8221;557&#8243; img_size=&#8221;full&#8221; alignment=&#8221;center&#8221; css_animation=&#8221;fadeInUp&#8221; el_class=&#8221;image-shadow&#8221;][\/vc_column_inner][\/vc_row_inner][\/vc_column][\/vc_row][vc_row css_animation=&#8221;none&#8221; el_id=&#8221;titan-cta&#8221; el_class=&#8221;border-top&#8221;][vc_column]<\/p>\n<div class=\"templatera_shortcode\">\n<div class=\"vc_row wpb_row vc_row-fluid content-center content-max vc_row-o-content-middle vc_row-flex\">\n<div class=\"wpb_column vc_column_container vc_col-sm-6\">\n<div class=\"vc_column-inner\">\n<div class=\"wpb_wrapper\">\n<div  class=\"wpb_single_image wpb_content_element vc_align_center  wpb_animate_when_almost_visible wpb_fadeIn fadeIn\">\n<figure class=\"wpb_wrapper vc_figure\">\n<div class=\"vc_single_image-wrapper   vc_box_border_grey\"><img loading=\"lazy\" decoding=\"async\" class=\"vc_single_image-img \" src=\"https:\/\/acadiankelpmeal.com\/wp-content\/uploads\/2018\/11\/Titan@2x-300x154.png\" width=\"300\" height=\"154\" alt=\"Titan Seaweed Product Logo\" title=\"Titan@2x\" \/><\/div>\n<\/figure><\/div>\n<\/div>\n<\/div>\n<\/div>\n<div class=\"wpb_column vc_column_container vc_col-sm-6\">\n<div class=\"vc_column-inner\">\n<div class=\"wpb_wrapper\">\n<div class=\"wpb_text_column wpb_content_element  wpb_animate_when_almost_visible wpb_fadeIn fadeIn\" >\n<div class=\"wpb_wrapper\">\n<h2>Ar mhaith leat tuilleadh eolais mar gheall ar \u00fas\u00e1id inbhuanaithe na feamainne?<\/h2>\n<\/p><\/div>\n<\/p><\/div>\n<div class=\"wpb_text_column wpb_content_element  wpb_animate_when_almost_visible wpb_fadeInUp fadeInUp\" >\n<div class=\"wpb_wrapper\">\n\t\t\t<a class=\"button blue\" href=\"\/ga\/dean-teagmhail\/\" target=\"_self\">D\u00e9an teagmh\u00e1il linn <\/a><\/p><\/div>\n<\/p><\/div>\n<\/div>\n<\/div>\n<\/div>\n<\/div>\n<\/div>\n<p>[\/vc_column][\/vc_row][vc_row][vc_column]<\/p>\n<div class=\"templatera_shortcode\">\n<div data-vc-full-width=\"true\" data-vc-full-width-init=\"false\" data-vc-stretch-content=\"true\" class=\"vc_row wpb_row vc_row-fluid split-cta vc_custom_1545310294281 vc_row-no-padding vc_row-o-equal-height vc_row-flex\">\n<div class=\"split-blue-overlay split-col wpb_column vc_column_container vc_col-sm-6 vc_col-has-fill\">\n<div class=\"vc_column-inner vc_custom_1545310623931\">\n<div class=\"wpb_wrapper\">\n<div class=\"wpb_text_column wpb_content_element  split-copy\" >\n<div class=\"wpb_wrapper\">\n<h3>D\u2019fh\u00e9adf\u00e1 r\u00e1 gur clann \u00e9 Arramara n\u00edos m\u00f3 n\u00e1 gn\u00f3 at\u00e1 ag cruth\u00fa todhcha\u00ed inbhuanaithe d\u2019\u00c9irinn<\/h3>\n<p style=\"text-align: center;\"><a class=\"button white-blue\" href=\"\/ga\/eolas-fuinn\/\" target=\"_self\">Eolas f\u00fainn agus \u00e1r ndream<\/a><\/p>\n<\/p><\/div>\n<\/p><\/div>\n<div  class=\"wpb_single_image wpb_content_element vc_align_center\">\n<figure class=\"wpb_wrapper vc_figure\">\n<div class=\"vc_single_image-wrapper   vc_box_border_grey\"><img loading=\"lazy\" decoding=\"async\" width=\"877\" height=\"845\" src=\"https:\/\/acadiankelpmeal.com\/wp-content\/uploads\/2018\/12\/collage-square.jpg\" class=\"vc_single_image-img attachment-full\" alt=\"arramara collage square\" srcset=\"https:\/\/acadiankelpmeal.com\/wp-content\/uploads\/2018\/12\/collage-square.jpg 877w, https:\/\/acadiankelpmeal.com\/wp-content\/uploads\/2018\/12\/collage-square-300x289.jpg 300w, https:\/\/acadiankelpmeal.com\/wp-content\/uploads\/2018\/12\/collage-square-768x740.jpg 768w\" sizes=\"auto, (max-width: 877px) 100vw, 877px\" \/><\/div>\n<\/figure><\/div>\n<\/div>\n<\/div>\n<\/div>\n<div class=\"split-green-overlay split-col wpb_column vc_column_container vc_col-sm-6 vc_col-has-fill\">\n<div class=\"vc_column-inner vc_custom_1545310240877\">\n<div class=\"wpb_wrapper\">\n<div class=\"wpb_text_column wpb_content_element  split-copy\" >\n<div class=\"wpb_wrapper\">\n<h3>Ag \u00fas\u00e1id cleachtais inbhuanithe maidir le baint feamainne agus bainisti\u00fa a dh\u00e9anamh ar acmhainn\u00ed, is f\u00e9idir feamainn a choinne\u00e1il mar acmhainn in-athnuaite<\/h3>\n<p style=\"text-align: center;\"><a class=\"button white-green\" href=\"\/ga\/eolaiocht-acmhainne\/\" target=\"_self\">Eolas faoi na cleachtais inbhuanaithe a \u00fas\u00e1ideann muid<\/a><\/p>\n<\/p><\/div>\n<\/p><\/div>\n<div  class=\"wpb_single_image wpb_content_element vc_align_center\">\n<figure class=\"wpb_wrapper vc_figure\">\n<div class=\"vc_single_image-wrapper   vc_box_border_grey\"><img loading=\"lazy\" decoding=\"async\" width=\"877\" height=\"845\" src=\"https:\/\/acadiankelpmeal.com\/wp-content\/uploads\/2018\/12\/arramara-mobile-half.jpg\" class=\"vc_single_image-img attachment-full\" alt=\"\" srcset=\"https:\/\/acadiankelpmeal.com\/wp-content\/uploads\/2018\/12\/arramara-mobile-half.jpg 877w, https:\/\/acadiankelpmeal.com\/wp-content\/uploads\/2018\/12\/arramara-mobile-half-300x289.jpg 300w, https:\/\/acadiankelpmeal.com\/wp-content\/uploads\/2018\/12\/arramara-mobile-half-768x740.jpg 768w\" sizes=\"auto, (max-width: 877px) 100vw, 877px\" \/><\/div>\n<\/figure><\/div>\n<\/div>\n<\/div>\n<\/div>\n<\/div>\n<div class=\"vc_row-full-width vc_clearfix\"><\/div>\n<\/div>\n<p>[\/vc_column][\/vc_row]<\/p>\n","protected":false},"excerpt":{"rendered":"D\u2019fh\u00e9adf\u00e1 r\u00e1 gur clann \u00e9 Arramara n\u00edos m\u00f3 n\u00e1 gn\u00f3 at\u00e1 ag cruth\u00fa todhcha\u00ed inbhuanaithe d\u2019\u00c9irinn Eolas f\u00fainn agus \u00e1r ndream Ag \u00fas\u00e1id cleachtais inbhuanithe maidir le baint feamainne agus bainisti\u00fa a dh\u00e9anamh ar acmhainn\u00ed, is f\u00e9idir feamainn a choinne\u00e1il mar acmhainn in-athnuaite Eolas faoi na cleachtais inbhuanaithe a \u00fas\u00e1ideann muid","protected":false},"author":2,"featured_media":0,"parent":131,"menu_order":0,"comment_status":"closed","ping_status":"closed","template":"","meta":{"footnotes":""},"class_list":["post-232","page","type-page","status-publish","hentry"],"yoast_head":"<!-- This site is optimized with the Yoast SEO plugin v25.3.1 - https:\/\/yoast.com\/wordpress\/plugins\/seo\/ -->\n<title>Seaweed Harvesting Methods | Arramara Seaweed Harvest Methods<\/title>\n<meta name=\"description\" content=\"Whether using traditional methods by hand or our boat and rake method, Arramara&#039;s seaweed harvesting methods keep ascophyllum nodosum sustainable.\" \/>\n<meta name=\"robots\" content=\"index, follow, max-snippet:-1, max-image-preview:large, max-video-preview:-1\" \/>\n<link rel=\"canonical\" href=\"https:\/\/acadiankelpmeal.com\/ga\/eolaiocht-acmhainne\/modhanna-bainte\/\" \/>\n<meta property=\"og:locale\" content=\"ga_IE\" \/>\n<meta property=\"og:type\" content=\"article\" \/>\n<meta property=\"og:title\" content=\"Seaweed Harvesting Methods | Arramara Seaweed Harvest Methods\" \/>\n<meta property=\"og:description\" content=\"Whether using traditional methods by hand or our boat and rake method, Arramara&#039;s seaweed harvesting methods keep ascophyllum nodosum sustainable.\" \/>\n<meta property=\"og:url\" content=\"https:\/\/acadiankelpmeal.com\/ga\/eolaiocht-acmhainne\/modhanna-bainte\/\" \/>\n<meta property=\"og:site_name\" content=\"Acadian Kelp Organic Seaweed\" \/>\n<meta property=\"article:modified_time\" content=\"2019-01-21T17:01:44+00:00\" \/>\n<meta name=\"twitter:card\" content=\"summary_large_image\" \/>\n<meta name=\"twitter:label1\" content=\"Est. reading time\" \/>\n\t<meta name=\"twitter:data1\" content=\"6 minutes\" \/>\n<script type=\"application\/ld+json\" class=\"yoast-schema-graph\">{\"@context\":\"https:\/\/schema.org\",\"@graph\":[{\"@type\":\"WebPage\",\"@id\":\"https:\/\/acadiankelpmeal.com\/ga\/eolaiocht-acmhainne\/modhanna-bainte\/\",\"url\":\"https:\/\/acadiankelpmeal.com\/ga\/eolaiocht-acmhainne\/modhanna-bainte\/\",\"name\":\"Seaweed Harvesting Methods | Arramara Seaweed Harvest Methods\",\"isPartOf\":{\"@id\":\"https:\/\/acadiankelpmeal.com\/#website\"},\"datePublished\":\"2018-11-23T15:27:05+00:00\",\"dateModified\":\"2019-01-21T17:01:44+00:00\",\"description\":\"Whether using traditional methods by hand or our boat and rake method, Arramara's seaweed harvesting methods keep ascophyllum nodosum sustainable.\",\"breadcrumb\":{\"@id\":\"https:\/\/acadiankelpmeal.com\/ga\/eolaiocht-acmhainne\/modhanna-bainte\/#breadcrumb\"},\"inLanguage\":\"ga-IE\",\"potentialAction\":[{\"@type\":\"ReadAction\",\"target\":[\"https:\/\/acadiankelpmeal.com\/ga\/eolaiocht-acmhainne\/modhanna-bainte\/\"]}]},{\"@type\":\"BreadcrumbList\",\"@id\":\"https:\/\/acadiankelpmeal.com\/ga\/eolaiocht-acmhainne\/modhanna-bainte\/#breadcrumb\",\"itemListElement\":[{\"@type\":\"ListItem\",\"position\":1,\"name\":\"Home\",\"item\":\"https:\/\/acadiankelpmeal.com\/\"},{\"@type\":\"ListItem\",\"position\":2,\"name\":\"Eola\u00edocht Acmhainne\",\"item\":\"https:\/\/acadiankelpmeal.com\/ga\/eolaiocht-acmhainne\/\"},{\"@type\":\"ListItem\",\"position\":3,\"name\":\"Modhanna Bainte\"}]},{\"@type\":\"WebSite\",\"@id\":\"https:\/\/acadiankelpmeal.com\/#website\",\"url\":\"https:\/\/acadiankelpmeal.com\/\",\"name\":\"Acadian Kelp Organic Seaweed\",\"description\":\"Prebiotic and nutrient-rich for Healthy Animals and Soil\",\"publisher\":{\"@id\":\"https:\/\/acadiankelpmeal.com\/#organization\"},\"potentialAction\":[{\"@type\":\"SearchAction\",\"target\":{\"@type\":\"EntryPoint\",\"urlTemplate\":\"https:\/\/acadiankelpmeal.com\/?s={search_term_string}\"},\"query-input\":{\"@type\":\"PropertyValueSpecification\",\"valueRequired\":true,\"valueName\":\"search_term_string\"}}],\"inLanguage\":\"ga-IE\"},{\"@type\":\"Organization\",\"@id\":\"https:\/\/acadiankelpmeal.com\/#organization\",\"name\":\"Arramara\",\"url\":\"https:\/\/acadiankelpmeal.com\/\",\"logo\":{\"@type\":\"ImageObject\",\"inLanguage\":\"ga-IE\",\"@id\":\"https:\/\/acadiankelpmeal.com\/#\/schema\/logo\/image\/\",\"url\":\"https:\/\/acadiankelpmeal.com\/wp-content\/uploads\/2018\/11\/Group-205@2x.png\",\"contentUrl\":\"https:\/\/acadiankelpmeal.com\/wp-content\/uploads\/2018\/11\/Group-205@2x.png\",\"width\":261,\"height\":261,\"caption\":\"Arramara\"},\"image\":{\"@id\":\"https:\/\/acadiankelpmeal.com\/#\/schema\/logo\/image\/\"}}]}<\/script>\n<!-- \/ Yoast SEO plugin. -->","yoast_head_json":{"title":"Seaweed Harvesting Methods | Arramara Seaweed Harvest Methods","description":"Whether using traditional methods by hand or our boat and rake method, Arramara's seaweed harvesting methods keep ascophyllum nodosum sustainable.","robots":{"index":"index","follow":"follow","max-snippet":"max-snippet:-1","max-image-preview":"max-image-preview:large","max-video-preview":"max-video-preview:-1"},"canonical":"https:\/\/acadiankelpmeal.com\/ga\/eolaiocht-acmhainne\/modhanna-bainte\/","og_locale":"ga_IE","og_type":"article","og_title":"Seaweed Harvesting Methods | Arramara Seaweed Harvest Methods","og_description":"Whether using traditional methods by hand or our boat and rake method, Arramara's seaweed harvesting methods keep ascophyllum nodosum sustainable.","og_url":"https:\/\/acadiankelpmeal.com\/ga\/eolaiocht-acmhainne\/modhanna-bainte\/","og_site_name":"Acadian Kelp Organic Seaweed","article_modified_time":"2019-01-21T17:01:44+00:00","twitter_card":"summary_large_image","twitter_misc":{"Est. reading time":"6 minutes"},"schema":{"@context":"https:\/\/schema.org","@graph":[{"@type":"WebPage","@id":"https:\/\/acadiankelpmeal.com\/ga\/eolaiocht-acmhainne\/modhanna-bainte\/","url":"https:\/\/acadiankelpmeal.com\/ga\/eolaiocht-acmhainne\/modhanna-bainte\/","name":"Seaweed Harvesting Methods | Arramara Seaweed Harvest Methods","isPartOf":{"@id":"https:\/\/acadiankelpmeal.com\/#website"},"datePublished":"2018-11-23T15:27:05+00:00","dateModified":"2019-01-21T17:01:44+00:00","description":"Whether using traditional methods by hand or our boat and rake method, Arramara's seaweed harvesting methods keep ascophyllum nodosum sustainable.","breadcrumb":{"@id":"https:\/\/acadiankelpmeal.com\/ga\/eolaiocht-acmhainne\/modhanna-bainte\/#breadcrumb"},"inLanguage":"ga-IE","potentialAction":[{"@type":"ReadAction","target":["https:\/\/acadiankelpmeal.com\/ga\/eolaiocht-acmhainne\/modhanna-bainte\/"]}]},{"@type":"BreadcrumbList","@id":"https:\/\/acadiankelpmeal.com\/ga\/eolaiocht-acmhainne\/modhanna-bainte\/#breadcrumb","itemListElement":[{"@type":"ListItem","position":1,"name":"Home","item":"https:\/\/acadiankelpmeal.com\/"},{"@type":"ListItem","position":2,"name":"Eola\u00edocht Acmhainne","item":"https:\/\/acadiankelpmeal.com\/ga\/eolaiocht-acmhainne\/"},{"@type":"ListItem","position":3,"name":"Modhanna Bainte"}]},{"@type":"WebSite","@id":"https:\/\/acadiankelpmeal.com\/#website","url":"https:\/\/acadiankelpmeal.com\/","name":"Acadian Kelp Organic Seaweed","description":"Prebiotic and nutrient-rich for Healthy Animals and Soil","publisher":{"@id":"https:\/\/acadiankelpmeal.com\/#organization"},"potentialAction":[{"@type":"SearchAction","target":{"@type":"EntryPoint","urlTemplate":"https:\/\/acadiankelpmeal.com\/?s={search_term_string}"},"query-input":{"@type":"PropertyValueSpecification","valueRequired":true,"valueName":"search_term_string"}}],"inLanguage":"ga-IE"},{"@type":"Organization","@id":"https:\/\/acadiankelpmeal.com\/#organization","name":"Arramara","url":"https:\/\/acadiankelpmeal.com\/","logo":{"@type":"ImageObject","inLanguage":"ga-IE","@id":"https:\/\/acadiankelpmeal.com\/#\/schema\/logo\/image\/","url":"https:\/\/acadiankelpmeal.com\/wp-content\/uploads\/2018\/11\/Group-205@2x.png","contentUrl":"https:\/\/acadiankelpmeal.com\/wp-content\/uploads\/2018\/11\/Group-205@2x.png","width":261,"height":261,"caption":"Arramara"},"image":{"@id":"https:\/\/acadiankelpmeal.com\/#\/schema\/logo\/image\/"}}]}},"_links":{"self":[{"href":"https:\/\/acadiankelpmeal.com\/ga\/wp-json\/wp\/v2\/pages\/232","targetHints":{"allow":["GET"]}}],"collection":[{"href":"https:\/\/acadiankelpmeal.com\/ga\/wp-json\/wp\/v2\/pages"}],"about":[{"href":"https:\/\/acadiankelpmeal.com\/ga\/wp-json\/wp\/v2\/types\/page"}],"author":[{"embeddable":true,"href":"https:\/\/acadiankelpmeal.com\/ga\/wp-json\/wp\/v2\/users\/2"}],"replies":[{"embeddable":true,"href":"https:\/\/acadiankelpmeal.com\/ga\/wp-json\/wp\/v2\/comments?post=232"}],"version-history":[{"count":0,"href":"https:\/\/acadiankelpmeal.com\/ga\/wp-json\/wp\/v2\/pages\/232\/revisions"}],"up":[{"embeddable":true,"href":"https:\/\/acadiankelpmeal.com\/ga\/wp-json\/wp\/v2\/pages\/131"}],"wp:attachment":[{"href":"https:\/\/acadiankelpmeal.com\/ga\/wp-json\/wp\/v2\/media?parent=232"}],"curies":[{"name":"wp","href":"https:\/\/api.w.org\/{rel}","templated":true}]}}