{"id":226,"date":"2018-11-23T15:25:25","date_gmt":"2018-11-23T15:25:25","guid":{"rendered":"http:\/\/arramara.wpengine.com\/?page_id=226"},"modified":"2019-01-17T18:31:10","modified_gmt":"2019-01-17T18:31:10","slug":"titan-do-na-barrai","status":"publish","type":"page","link":"https:\/\/acadiankelpmeal.com\/ga\/tairgi-titan\/titan-do-na-barrai\/","title":{"rendered":"Titan\u2122 do na Barra\u00ed"},"content":{"rendered":"<p>[vc_row full_width=&#8221;stretch_row_content_no_spaces&#8221; content_placement=&#8221;middle&#8221; css=&#8221;.vc_custom_1547749867695{background: #e0e0e0 url(https:\/\/acadiankelpmeal.com\/wp-content\/uploads\/2019\/01\/Vegetables-2-edited-e1547749852548.jpg?id=1111) !important;background-position: center !important;background-repeat: no-repeat !important;background-size: cover !important;}&#8221; el_class=&#8221;sub-banner&#8221;][vc_column css_animation=&#8221;fadeIn&#8221;][\/vc_column][\/vc_row][vc_row el_class=&#8221;page-bg-photo&#8221;][vc_column css_animation=&#8221;fadeIn&#8221; el_class=&#8221;content-center content-max&#8221;][vc_row_inner el_class=&#8221;container&#8221;][vc_column_inner][vc_column_text css_animation=&#8221;fadeIn&#8221;]<\/p>\n<h2>Titan\u2122 do Bharra\u00ed<\/h2>\n<p>&nbsp;<\/p>\n<p>De bharr \u00e9ileamh domhanda, t\u00e1 saothr\u00f3ir\u00ed tr\u00e1cht\u00e1la ag lorg \u00e1bhar a threis\u00edonn an talamh le mianra\u00ed agus eile chun sl\u00e1inte agus l\u00e1idreacht a gcuid barra\u00ed a chinnti\u00fa. Seo \u00e9 an f\u00e1th go bhfuil an-mheas ag saothr\u00f3ir\u00ed ar fud na cruinne ar Titan do Bharra\u00ed mar go gcuireann s\u00e9 leis an luach d\u00edolta agus leis an mbrab\u00fas. Cuireann an feabhsaitheoir ithreach at\u00e1 againn at\u00e1 l\u00e1n le coth\u00fa \u00f3n bhfeamainn le m\u00e9id, caighde\u00e1n agus saol r\u00e9 tortha\u00ed, glasra\u00ed agus bl\u00e1thanna.<\/p>\n<p>[\/vc_column_text][\/vc_column_inner][\/vc_row_inner][vc_row_inner equal_height=&#8221;yes&#8221; content_placement=&#8221;middle&#8221; el_class=&#8221;content-center content-max&#8221;][vc_column_inner width=&#8221;1\/2&#8243; css=&#8221;.vc_custom_1542749025635{padding: 50px !important;}&#8221;][vc_single_image image=&#8221;158&#8243; img_size=&#8221;251 x 148&#8243; alignment=&#8221;center&#8221; css_animation=&#8221;fadeIn&#8221;][vc_empty_space][vc_column_text css_animation=&#8221;fadeIn&#8221;]<\/p>\n<div style=\"max-width: 420px; margin: 0 auto;\">\n<h3>An Eola\u00edocht<\/h3>\n<p>&nbsp;<\/p>\n<p>T\u00f3gtar isteach coth\u00fa agus \u00e1bhar eile mar \u00e9 isteach thr\u00edd an bhfr\u00e9amhch\u00f3ras agus scaiptear \u00e9 thr\u00edd an ngas agus na duileoga chun sl\u00e1inte an phlanda a chinnti\u00fa. Seo \u00e9 an f\u00e1th gur cheart go mbeadh an talamh at\u00e1 timpeall planda\u00ed l\u00e1idrithe le feabhsaitheoir ithreach at\u00e1 l\u00e1n le \u00e1bhar sl\u00e1\u00ednti\u00fail.<\/p>\n<p>&nbsp;<\/p>\n<p>Bainimid \u00fasaid as <i>Ascophyllum nodosum<\/i> at\u00e1 bainte go inbhuanaithe as uisc\u00ed ghlana an Atlantaigh chun cur le coth\u00fa \u00e1r bhfeabhsaitheoir ithreach. T\u00e1 an cothrama\u00edocht cheart \u00f3 thaobh \u00e1bhar cothaithe de le f\u00e1il i bhfeamainn \u00c9ireannach agus:<\/p>\n<ul>\n<li>Cuireann s\u00e9 le f\u00e1s agus forbairt an bhfr\u00e9amhch\u00f3ras<\/li>\n<li>Crutha\u00edonn s\u00e9 na conn\u00edollacha cearta do f\u00f3taisint\u00e9is agus anal\u00fa<\/li>\n<li>\u00c9asca\u00edonn s\u00e9 t\u00e1irgeadh si\u00facra\u00ed, prot\u00e9in\u00ed agus aig\u00e9id org\u00e1nacha<\/li>\n<li>Di\u00falta\u00edonn s\u00e9 ionfhabht\u00fa fungasach agus feithid\u00ed srl. a dh\u00e9anfadh dochar<\/li>\n<li>Tugann s\u00e9 cosaint in aghaidh strusanna \u00e9ags\u00fala imshaol<\/li>\n<li>Cuireann s\u00e9 moill ar aos\u00fa cealla\u00ed an phlanda<\/li>\n<li>Beatha\u00edonn s\u00e9 planda\u00ed ag l\u00e9ibh\u00e9al ceallach<\/li>\n<\/ul>\n<\/div>\n<p>[\/vc_column_text][\/vc_column_inner][vc_column_inner width=&#8221;1\/2&#8243; css=&#8221;.vc_custom_1542749037311{padding: 50px !important;}&#8221;][vc_single_image image=&#8221;389&#8243; img_size=&#8221;full&#8221; alignment=&#8221;center&#8221; css_animation=&#8221;fadeInUp&#8221; el_class=&#8221;image-shadow&#8221;][\/vc_column_inner][\/vc_row_inner][vc_row_inner equal_height=&#8221;yes&#8221; content_placement=&#8221;middle&#8221;][vc_column_inner width=&#8221;1\/2&#8243; css=&#8221;.vc_custom_1542749302113{padding: 50px !important;}&#8221;][vc_single_image image=&#8221;391&#8243; img_size=&#8221;full&#8221; alignment=&#8221;center&#8221; css_animation=&#8221;fadeInUp&#8221; el_class=&#8221;image-shadow&#8221;][\/vc_column_inner][vc_column_inner width=&#8221;1\/2&#8243; css=&#8221;.vc_custom_1542749292398{padding: 50px !important;}&#8221;][vc_single_image image=&#8221;158&#8243; img_size=&#8221;240 x 142&#8243; alignment=&#8221;center&#8221; css_animation=&#8221;fadeIn&#8221;][vc_empty_space][vc_column_text css_animation=&#8221;fadeIn&#8221;]<\/p>\n<div style=\"max-width: 460px;\">\n<h3 class=\"header-med\">Bunt\u00e1ist\u00ed Titan\u2122 do Bharra\u00ed<\/h3>\n<p>&nbsp;<\/p>\n<p>Is feabhsaitheoir ithreach feamainne \u00e9 Titan\u2122 do Bharra\u00ed at\u00e1 100% n\u00e1d\u00fartha. Cuireann s\u00e9 le caighde\u00e1n, t\u00e1irgeacht agus brab\u00fasacht barra\u00ed ar fud an domhain. Seo th\u00edos bunt\u00e1ist\u00ed an t\u00e1irge cothaitheach seo:<\/p>\n<ul>\n<li>Spreagann s\u00e9 f\u00e1s agus forbairt fr\u00e9amhacha, duilleoga agus planda\u00ed thr\u00ed m\u00e9ad\u00fa a dh\u00e9anamh ar an gcoth\u00fa at\u00e1 sa talamh<\/li>\n<li>Cuireann s\u00e9 le spreacadh agus f\u00e1s s\u00edolta<\/li>\n<li>Crutha\u00edonn s\u00e9 na coinn\u00edollacha cearta chun go mbeidh barr maith ar thortha\u00ed<\/li>\n<li>Tugann s\u00e9 cosaint in aghaidh feithid\u00ed \u00e9ags\u00fala, duch\u00e1n agus strusanna eile a bh\u00edonn ag cur as do na barra\u00ed<\/li>\n<li>Cuireann s\u00e9 le caighde\u00e1n an t\u00e1irge, an saol r\u00e9 agus brab\u00fasacht toradh na mbarra\u00ed<\/li>\n<\/ul>\n<\/div>\n<p>[\/vc_column_text][\/vc_column_inner][\/vc_row_inner][\/vc_column][\/vc_row][vc_row css_animation=&#8221;none&#8221; el_id=&#8221;titan-cta&#8221; el_class=&#8221;border-top&#8221;][vc_column]<\/p>\n<div class=\"templatera_shortcode\">\n<div class=\"vc_row wpb_row vc_row-fluid content-center content-max vc_row-o-equal-height vc_row-o-content-middle vc_row-flex\">\n<div class=\"wpb_column vc_column_container vc_col-sm-6\">\n<div class=\"vc_column-inner\">\n<div class=\"wpb_wrapper\">\n<div  class=\"wpb_single_image wpb_content_element vc_align_center  wpb_animate_when_almost_visible wpb_fadeIn fadeIn\">\n<figure class=\"wpb_wrapper vc_figure\">\n<div class=\"vc_single_image-wrapper   vc_box_border_grey\"><img loading=\"lazy\" decoding=\"async\" class=\"vc_single_image-img \" src=\"https:\/\/acadiankelpmeal.com\/wp-content\/uploads\/2018\/11\/Titan@2x-300x154.png\" width=\"300\" height=\"154\" alt=\"Titan Seaweed Product Logo\" title=\"Titan@2x\" \/><\/div>\n<\/figure><\/div>\n<\/div>\n<\/div>\n<\/div>\n<div class=\"wpb_column vc_column_container vc_col-sm-6\">\n<div class=\"vc_column-inner\">\n<div class=\"wpb_wrapper\">\n<div class=\"wpb_text_column wpb_content_element  wpb_animate_when_almost_visible wpb_fadeIn fadeIn\" >\n<div class=\"wpb_wrapper\">\n<h2 class=\"header-dark\" style=\"max-width: 500px;\">Ar mhaith leat triail a bhaint as \u00e1r dt\u00e1irg\u00ed Titan\u2122?<\/h2>\n<\/p><\/div>\n<\/p><\/div>\n<div class=\"wpb_text_column wpb_content_element  wpb_animate_when_almost_visible wpb_fadeInUp fadeInUp\" >\n<div class=\"wpb_wrapper\">\n\t\t\t<a class=\"button blue\" href=\"\/ga\/dean-teagmhail\/\" target=\"_self\">D\u00e9an iarratas<\/a><\/p><\/div>\n<\/p><\/div>\n<\/div>\n<\/div>\n<\/div>\n<\/div>\n<\/div>\n<p>[\/vc_column][\/vc_row][vc_row][vc_column][vc_empty_space][\/vc_column][\/vc_row][vc_row][vc_column]<\/p>\n<div class=\"templatera_shortcode\">\n<div data-vc-full-width=\"true\" data-vc-full-width-init=\"false\" data-vc-stretch-content=\"true\" class=\"vc_row wpb_row vc_row-fluid split-cta vc_custom_1545310294281 vc_row-no-padding vc_row-o-equal-height vc_row-flex\">\n<div class=\"split-blue-overlay split-col wpb_column vc_column_container vc_col-sm-6 vc_col-has-fill\">\n<div class=\"vc_column-inner vc_custom_1545310623931\">\n<div class=\"wpb_wrapper\">\n<div class=\"wpb_text_column wpb_content_element  split-copy\" >\n<div class=\"wpb_wrapper\">\n<h3>D\u2019fh\u00e9adf\u00e1 r\u00e1 gur clann \u00e9 Arramara n\u00edos m\u00f3 n\u00e1 gn\u00f3 at\u00e1 ag cruth\u00fa todhcha\u00ed inbhuanaithe d\u2019\u00c9irinn<\/h3>\n<p style=\"text-align: center;\"><a class=\"button white-blue\" href=\"\/ga\/eolas-fuinn\/\" target=\"_self\">Eolas f\u00fainn agus \u00e1r ndream<\/a><\/p>\n<\/p><\/div>\n<\/p><\/div>\n<div  class=\"wpb_single_image wpb_content_element vc_align_center\">\n<figure class=\"wpb_wrapper vc_figure\">\n<div class=\"vc_single_image-wrapper   vc_box_border_grey\"><img loading=\"lazy\" decoding=\"async\" width=\"877\" height=\"845\" src=\"https:\/\/acadiankelpmeal.com\/wp-content\/uploads\/2018\/12\/collage-square.jpg\" class=\"vc_single_image-img attachment-full\" alt=\"arramara collage square\" srcset=\"https:\/\/acadiankelpmeal.com\/wp-content\/uploads\/2018\/12\/collage-square.jpg 877w, https:\/\/acadiankelpmeal.com\/wp-content\/uploads\/2018\/12\/collage-square-300x289.jpg 300w, https:\/\/acadiankelpmeal.com\/wp-content\/uploads\/2018\/12\/collage-square-768x740.jpg 768w\" sizes=\"auto, (max-width: 877px) 100vw, 877px\" \/><\/div>\n<\/figure><\/div>\n<\/div>\n<\/div>\n<\/div>\n<div class=\"split-green-overlay split-col wpb_column vc_column_container vc_col-sm-6 vc_col-has-fill\">\n<div class=\"vc_column-inner vc_custom_1545310240877\">\n<div class=\"wpb_wrapper\">\n<div class=\"wpb_text_column wpb_content_element  split-copy\" >\n<div class=\"wpb_wrapper\">\n<h3>Ag \u00fas\u00e1id cleachtais inbhuanithe maidir le baint feamainne agus bainisti\u00fa a dh\u00e9anamh ar acmhainn\u00ed, is f\u00e9idir feamainn a choinne\u00e1il mar acmhainn in-athnuaite<\/h3>\n<p style=\"text-align: center;\"><a class=\"button white-green\" href=\"\/ga\/eolaiocht-acmhainne\/\" target=\"_self\">Eolas faoi na cleachtais inbhuanaithe a \u00fas\u00e1ideann muid<\/a><\/p>\n<\/p><\/div>\n<\/p><\/div>\n<div  class=\"wpb_single_image wpb_content_element vc_align_center\">\n<figure class=\"wpb_wrapper vc_figure\">\n<div class=\"vc_single_image-wrapper   vc_box_border_grey\"><img loading=\"lazy\" decoding=\"async\" width=\"877\" height=\"845\" src=\"https:\/\/acadiankelpmeal.com\/wp-content\/uploads\/2018\/12\/arramara-mobile-half.jpg\" class=\"vc_single_image-img attachment-full\" alt=\"\" srcset=\"https:\/\/acadiankelpmeal.com\/wp-content\/uploads\/2018\/12\/arramara-mobile-half.jpg 877w, https:\/\/acadiankelpmeal.com\/wp-content\/uploads\/2018\/12\/arramara-mobile-half-300x289.jpg 300w, https:\/\/acadiankelpmeal.com\/wp-content\/uploads\/2018\/12\/arramara-mobile-half-768x740.jpg 768w\" sizes=\"auto, (max-width: 877px) 100vw, 877px\" \/><\/div>\n<\/figure><\/div>\n<\/div>\n<\/div>\n<\/div>\n<\/div>\n<div class=\"vc_row-full-width vc_clearfix\"><\/div>\n<\/div>\n<p>[\/vc_column][\/vc_row][vc_row][vc_column]<\/p>\n<div class=\"templatera_shortcode\">\n<div class=\"vc_row wpb_row vc_row-fluid content-center content-max\">\n<div class=\"wpb_column vc_column_container vc_col-sm-12\">\n<div class=\"vc_column-inner\">\n<div class=\"wpb_wrapper\">\n<div class=\"vc_empty_space\"   style=\"height: 60px\"><span class=\"vc_empty_space_inner\"><\/span><\/div>\n<div class=\"wpb_text_column wpb_content_element \" >\n<div class=\"wpb_wrapper\">\n<h2>\u00c1r Deimhni\u00fach\u00e1in<\/h2>\n<\/p><\/div>\n<\/p><\/div>\n<\/div>\n<\/div>\n<\/div>\n<\/div>\n<div class=\"vc_row wpb_row vc_row-fluid content-center content-max\">\n<div class=\"wpb_column vc_column_container vc_col-sm-3\">\n<div class=\"vc_column-inner\">\n<div class=\"wpb_wrapper\">\n<div class=\"vc_empty_space\"   style=\"height: 32px\"><span class=\"vc_empty_space_inner\"><\/span><\/div>\n<div  class=\"wpb_single_image wpb_content_element vc_align_center\">\n<figure class=\"wpb_wrapper vc_figure\">\n<div class=\"vc_single_image-wrapper   vc_box_border_grey\"><img loading=\"lazy\" decoding=\"async\" width=\"140\" height=\"125\" src=\"https:\/\/acadiankelpmeal.com\/wp-content\/uploads\/2018\/12\/IE-ORG-02.jpg\" class=\"vc_single_image-img attachment-full\" alt=\"\" \/><\/div>\n<\/figure><\/div>\n<\/div>\n<\/div>\n<\/div>\n<div class=\"wpb_column vc_column_container vc_col-sm-3\">\n<div class=\"vc_column-inner\">\n<div class=\"wpb_wrapper\">\n<div class=\"vc_empty_space\"   style=\"height: 32px\"><span class=\"vc_empty_space_inner\"><\/span><\/div>\n<div  class=\"wpb_single_image wpb_content_element vc_align_center\">\n<figure class=\"wpb_wrapper vc_figure\">\n<div class=\"vc_single_image-wrapper   vc_box_border_grey\"><img loading=\"lazy\" decoding=\"async\" width=\"400\" height=\"163\" src=\"https:\/\/acadiankelpmeal.com\/wp-content\/uploads\/2018\/12\/DAFM-Logo-2.png\" class=\"vc_single_image-img attachment-full\" alt=\"\" srcset=\"https:\/\/acadiankelpmeal.com\/wp-content\/uploads\/2018\/12\/DAFM-Logo-2.png 400w, https:\/\/acadiankelpmeal.com\/wp-content\/uploads\/2018\/12\/DAFM-Logo-2-300x122.png 300w\" sizes=\"auto, (max-width: 400px) 100vw, 400px\" \/><\/div>\n<\/figure><\/div>\n<\/div>\n<\/div>\n<\/div>\n<div class=\"wpb_column vc_column_container vc_col-sm-3\">\n<div class=\"vc_column-inner\">\n<div class=\"wpb_wrapper\">\n<div class=\"vc_empty_space\"   style=\"height: 32px\"><span class=\"vc_empty_space_inner\"><\/span><\/div>\n<div  class=\"wpb_single_image wpb_content_element vc_align_center\">\n<figure class=\"wpb_wrapper vc_figure\">\n<div class=\"vc_single_image-wrapper   vc_box_border_grey\"><img loading=\"lazy\" decoding=\"async\" width=\"200\" height=\"200\" src=\"https:\/\/acadiankelpmeal.com\/wp-content\/uploads\/2018\/12\/iRISH-ORGANIC-big.png\" class=\"vc_single_image-img attachment-full\" alt=\"\" srcset=\"https:\/\/acadiankelpmeal.com\/wp-content\/uploads\/2018\/12\/iRISH-ORGANIC-big.png 200w, https:\/\/acadiankelpmeal.com\/wp-content\/uploads\/2018\/12\/iRISH-ORGANIC-big-150x150.png 150w\" sizes=\"auto, (max-width: 200px) 100vw, 200px\" \/><\/div>\n<\/figure><\/div>\n<\/div>\n<\/div>\n<\/div>\n<div class=\"wpb_column vc_column_container vc_col-sm-3\">\n<div class=\"vc_column-inner\">\n<div class=\"wpb_wrapper\">\n<div class=\"vc_empty_space\"   style=\"height: 32px\"><span class=\"vc_empty_space_inner\"><\/span><\/div>\n<div  class=\"wpb_single_image wpb_content_element vc_align_center\">\n<figure class=\"wpb_wrapper vc_figure\">\n<div class=\"vc_single_image-wrapper   vc_box_border_grey\"><img loading=\"lazy\" decoding=\"async\" width=\"170\" height=\"98\" src=\"https:\/\/acadiankelpmeal.com\/wp-content\/uploads\/2018\/12\/IGFA-Logo.jpg\" class=\"vc_single_image-img attachment-full\" alt=\"\" \/><\/div>\n<\/figure><\/div>\n<\/div>\n<\/div>\n<\/div>\n<\/div>\n<div class=\"vc_row wpb_row vc_row-fluid content-center content-max\">\n<div class=\"wpb_column vc_column_container vc_col-sm-3\">\n<div class=\"vc_column-inner\">\n<div class=\"wpb_wrapper\">\n<div class=\"vc_empty_space\"   style=\"height: 32px\"><span class=\"vc_empty_space_inner\"><\/span><\/div>\n<\/div>\n<\/div>\n<\/div>\n<div class=\"wpb_column vc_column_container vc_col-sm-3\">\n<div class=\"vc_column-inner\">\n<div class=\"wpb_wrapper\"><\/div>\n<\/div>\n<\/div>\n<div class=\"wpb_column vc_column_container vc_col-sm-3\">\n<div class=\"vc_column-inner\">\n<div class=\"wpb_wrapper\">\n<div class=\"vc_empty_space\"   style=\"height: 32px\"><span class=\"vc_empty_space_inner\"><\/span><\/div>\n<\/div>\n<\/div>\n<\/div>\n<div class=\"wpb_column vc_column_container vc_col-sm-3\">\n<div class=\"vc_column-inner\">\n<div class=\"wpb_wrapper\">\n<div class=\"vc_empty_space\"   style=\"height: 32px\"><span class=\"vc_empty_space_inner\"><\/span><\/div>\n<\/div>\n<\/div>\n<\/div>\n<\/div>\n<\/div>\n<p>[\/vc_column][\/vc_row]<\/p>\n","protected":false},"excerpt":{"rendered":"\u00c1r Deimhni\u00fach\u00e1in","protected":false},"author":2,"featured_media":0,"parent":128,"menu_order":0,"comment_status":"closed","ping_status":"closed","template":"","meta":{"footnotes":""},"class_list":["post-226","page","type-page","status-publish","hentry"],"yoast_head":"<!-- This site is optimized with the Yoast SEO plugin v25.3.1 - https:\/\/yoast.com\/wordpress\/plugins\/seo\/ -->\n<title>Titan\u2122 for Crops | Ascophyllum Nodosum Soil Conditioner<\/title>\n<meta name=\"description\" content=\"Titan\u2122 for Crops is our ascophyllum nodosum soil conditioner, improving the size, quality and shelf life of the fruits, vegetables and flowers it feeds.\" \/>\n<meta name=\"robots\" content=\"index, follow, max-snippet:-1, max-image-preview:large, max-video-preview:-1\" \/>\n<link rel=\"canonical\" href=\"https:\/\/acadiankelpmeal.com\/ga\/tairgi-titan\/titan-do-na-barrai\/\" \/>\n<meta property=\"og:locale\" content=\"ga_IE\" \/>\n<meta property=\"og:type\" content=\"article\" \/>\n<meta property=\"og:title\" content=\"Titan\u2122 for Crops | Ascophyllum Nodosum Soil Conditioner\" \/>\n<meta property=\"og:description\" content=\"Titan\u2122 for Crops is our ascophyllum nodosum soil conditioner, improving the size, quality and shelf life of the fruits, vegetables and flowers it feeds.\" \/>\n<meta property=\"og:url\" content=\"https:\/\/acadiankelpmeal.com\/ga\/tairgi-titan\/titan-do-na-barrai\/\" \/>\n<meta property=\"og:site_name\" content=\"Acadian Kelp Organic Seaweed\" \/>\n<meta property=\"article:modified_time\" content=\"2019-01-17T18:31:10+00:00\" \/>\n<meta name=\"twitter:card\" content=\"summary_large_image\" \/>\n<meta name=\"twitter:label1\" content=\"Est. reading time\" \/>\n\t<meta name=\"twitter:data1\" content=\"3 minutes\" \/>\n<script type=\"application\/ld+json\" class=\"yoast-schema-graph\">{\"@context\":\"https:\/\/schema.org\",\"@graph\":[{\"@type\":\"WebPage\",\"@id\":\"https:\/\/acadiankelpmeal.com\/ga\/tairgi-titan\/titan-do-na-barrai\/\",\"url\":\"https:\/\/acadiankelpmeal.com\/ga\/tairgi-titan\/titan-do-na-barrai\/\",\"name\":\"Titan\u2122 for Crops | Ascophyllum Nodosum Soil Conditioner\",\"isPartOf\":{\"@id\":\"https:\/\/acadiankelpmeal.com\/#website\"},\"datePublished\":\"2018-11-23T15:25:25+00:00\",\"dateModified\":\"2019-01-17T18:31:10+00:00\",\"description\":\"Titan\u2122 for Crops is our ascophyllum nodosum soil conditioner, improving the size, quality and shelf life of the fruits, vegetables and flowers it feeds.\",\"breadcrumb\":{\"@id\":\"https:\/\/acadiankelpmeal.com\/ga\/tairgi-titan\/titan-do-na-barrai\/#breadcrumb\"},\"inLanguage\":\"ga-IE\",\"potentialAction\":[{\"@type\":\"ReadAction\",\"target\":[\"https:\/\/acadiankelpmeal.com\/ga\/tairgi-titan\/titan-do-na-barrai\/\"]}]},{\"@type\":\"BreadcrumbList\",\"@id\":\"https:\/\/acadiankelpmeal.com\/ga\/tairgi-titan\/titan-do-na-barrai\/#breadcrumb\",\"itemListElement\":[{\"@type\":\"ListItem\",\"position\":1,\"name\":\"Home\",\"item\":\"https:\/\/acadiankelpmeal.com\/\"},{\"@type\":\"ListItem\",\"position\":2,\"name\":\"T\u00e1irg\u00ed Titan\",\"item\":\"https:\/\/acadiankelpmeal.com\/ga\/tairgi-titan\/\"},{\"@type\":\"ListItem\",\"position\":3,\"name\":\"Titan\u2122 do na Barra\u00ed\"}]},{\"@type\":\"WebSite\",\"@id\":\"https:\/\/acadiankelpmeal.com\/#website\",\"url\":\"https:\/\/acadiankelpmeal.com\/\",\"name\":\"Acadian Kelp Organic Seaweed\",\"description\":\"Prebiotic and nutrient-rich for Healthy Animals and Soil\",\"publisher\":{\"@id\":\"https:\/\/acadiankelpmeal.com\/#organization\"},\"potentialAction\":[{\"@type\":\"SearchAction\",\"target\":{\"@type\":\"EntryPoint\",\"urlTemplate\":\"https:\/\/acadiankelpmeal.com\/?s={search_term_string}\"},\"query-input\":{\"@type\":\"PropertyValueSpecification\",\"valueRequired\":true,\"valueName\":\"search_term_string\"}}],\"inLanguage\":\"ga-IE\"},{\"@type\":\"Organization\",\"@id\":\"https:\/\/acadiankelpmeal.com\/#organization\",\"name\":\"Arramara\",\"url\":\"https:\/\/acadiankelpmeal.com\/\",\"logo\":{\"@type\":\"ImageObject\",\"inLanguage\":\"ga-IE\",\"@id\":\"https:\/\/acadiankelpmeal.com\/#\/schema\/logo\/image\/\",\"url\":\"https:\/\/acadiankelpmeal.com\/wp-content\/uploads\/2018\/11\/Group-205@2x.png\",\"contentUrl\":\"https:\/\/acadiankelpmeal.com\/wp-content\/uploads\/2018\/11\/Group-205@2x.png\",\"width\":261,\"height\":261,\"caption\":\"Arramara\"},\"image\":{\"@id\":\"https:\/\/acadiankelpmeal.com\/#\/schema\/logo\/image\/\"}}]}<\/script>\n<!-- \/ Yoast SEO plugin. -->","yoast_head_json":{"title":"Titan\u2122 for Crops | Ascophyllum Nodosum Soil Conditioner","description":"Titan\u2122 for Crops is our ascophyllum nodosum soil conditioner, improving the size, quality and shelf life of the fruits, vegetables and flowers it feeds.","robots":{"index":"index","follow":"follow","max-snippet":"max-snippet:-1","max-image-preview":"max-image-preview:large","max-video-preview":"max-video-preview:-1"},"canonical":"https:\/\/acadiankelpmeal.com\/ga\/tairgi-titan\/titan-do-na-barrai\/","og_locale":"ga_IE","og_type":"article","og_title":"Titan\u2122 for Crops | Ascophyllum Nodosum Soil Conditioner","og_description":"Titan\u2122 for Crops is our ascophyllum nodosum soil conditioner, improving the size, quality and shelf life of the fruits, vegetables and flowers it feeds.","og_url":"https:\/\/acadiankelpmeal.com\/ga\/tairgi-titan\/titan-do-na-barrai\/","og_site_name":"Acadian Kelp Organic Seaweed","article_modified_time":"2019-01-17T18:31:10+00:00","twitter_card":"summary_large_image","twitter_misc":{"Est. reading time":"3 minutes"},"schema":{"@context":"https:\/\/schema.org","@graph":[{"@type":"WebPage","@id":"https:\/\/acadiankelpmeal.com\/ga\/tairgi-titan\/titan-do-na-barrai\/","url":"https:\/\/acadiankelpmeal.com\/ga\/tairgi-titan\/titan-do-na-barrai\/","name":"Titan\u2122 for Crops | Ascophyllum Nodosum Soil Conditioner","isPartOf":{"@id":"https:\/\/acadiankelpmeal.com\/#website"},"datePublished":"2018-11-23T15:25:25+00:00","dateModified":"2019-01-17T18:31:10+00:00","description":"Titan\u2122 for Crops is our ascophyllum nodosum soil conditioner, improving the size, quality and shelf life of the fruits, vegetables and flowers it feeds.","breadcrumb":{"@id":"https:\/\/acadiankelpmeal.com\/ga\/tairgi-titan\/titan-do-na-barrai\/#breadcrumb"},"inLanguage":"ga-IE","potentialAction":[{"@type":"ReadAction","target":["https:\/\/acadiankelpmeal.com\/ga\/tairgi-titan\/titan-do-na-barrai\/"]}]},{"@type":"BreadcrumbList","@id":"https:\/\/acadiankelpmeal.com\/ga\/tairgi-titan\/titan-do-na-barrai\/#breadcrumb","itemListElement":[{"@type":"ListItem","position":1,"name":"Home","item":"https:\/\/acadiankelpmeal.com\/"},{"@type":"ListItem","position":2,"name":"T\u00e1irg\u00ed Titan","item":"https:\/\/acadiankelpmeal.com\/ga\/tairgi-titan\/"},{"@type":"ListItem","position":3,"name":"Titan\u2122 do na Barra\u00ed"}]},{"@type":"WebSite","@id":"https:\/\/acadiankelpmeal.com\/#website","url":"https:\/\/acadiankelpmeal.com\/","name":"Acadian Kelp Organic Seaweed","description":"Prebiotic and nutrient-rich for Healthy Animals and Soil","publisher":{"@id":"https:\/\/acadiankelpmeal.com\/#organization"},"potentialAction":[{"@type":"SearchAction","target":{"@type":"EntryPoint","urlTemplate":"https:\/\/acadiankelpmeal.com\/?s={search_term_string}"},"query-input":{"@type":"PropertyValueSpecification","valueRequired":true,"valueName":"search_term_string"}}],"inLanguage":"ga-IE"},{"@type":"Organization","@id":"https:\/\/acadiankelpmeal.com\/#organization","name":"Arramara","url":"https:\/\/acadiankelpmeal.com\/","logo":{"@type":"ImageObject","inLanguage":"ga-IE","@id":"https:\/\/acadiankelpmeal.com\/#\/schema\/logo\/image\/","url":"https:\/\/acadiankelpmeal.com\/wp-content\/uploads\/2018\/11\/Group-205@2x.png","contentUrl":"https:\/\/acadiankelpmeal.com\/wp-content\/uploads\/2018\/11\/Group-205@2x.png","width":261,"height":261,"caption":"Arramara"},"image":{"@id":"https:\/\/acadiankelpmeal.com\/#\/schema\/logo\/image\/"}}]}},"_links":{"self":[{"href":"https:\/\/acadiankelpmeal.com\/ga\/wp-json\/wp\/v2\/pages\/226","targetHints":{"allow":["GET"]}}],"collection":[{"href":"https:\/\/acadiankelpmeal.com\/ga\/wp-json\/wp\/v2\/pages"}],"about":[{"href":"https:\/\/acadiankelpmeal.com\/ga\/wp-json\/wp\/v2\/types\/page"}],"author":[{"embeddable":true,"href":"https:\/\/acadiankelpmeal.com\/ga\/wp-json\/wp\/v2\/users\/2"}],"replies":[{"embeddable":true,"href":"https:\/\/acadiankelpmeal.com\/ga\/wp-json\/wp\/v2\/comments?post=226"}],"version-history":[{"count":0,"href":"https:\/\/acadiankelpmeal.com\/ga\/wp-json\/wp\/v2\/pages\/226\/revisions"}],"up":[{"embeddable":true,"href":"https:\/\/acadiankelpmeal.com\/ga\/wp-json\/wp\/v2\/pages\/128"}],"wp:attachment":[{"href":"https:\/\/acadiankelpmeal.com\/ga\/wp-json\/wp\/v2\/media?parent=226"}],"curies":[{"name":"wp","href":"https:\/\/api.w.org\/{rel}","templated":true}]}}