{"id":220,"date":"2018-11-23T15:23:19","date_gmt":"2018-11-23T15:23:19","guid":{"rendered":"http:\/\/arramara.wpengine.com\/?page_id=220"},"modified":"2019-01-17T17:05:19","modified_gmt":"2019-01-17T17:05:19","slug":"stair","status":"publish","type":"page","link":"https:\/\/acadiankelpmeal.com\/ga\/eolas-fuinn\/stair\/","title":{"rendered":"Stair"},"content":{"rendered":"<p>[vc_row full_width=&#8221;stretch_row_content_no_spaces&#8221; content_placement=&#8221;middle&#8221; css=&#8221;.vc_custom_1547080947435{background: #e0e0e0 url(https:\/\/acadiankelpmeal.com\/wp-content\/uploads\/2018\/11\/arramara.jpg?id=478) !important;background-position: center !important;background-repeat: no-repeat !important;background-size: cover !important;}&#8221; el_class=&#8221;sub-banner&#8221;][vc_column css_animation=&#8221;fadeIn&#8221;][\/vc_column][\/vc_row][vc_row el_class=&#8221;page-bg-photo&#8221;][vc_column css_animation=&#8221;fadeIn&#8221; el_class=&#8221;content-center content-max&#8221;][vc_row_inner el_class=&#8221;container&#8221;][vc_column_inner][vc_column_text css_animation=&#8221;fadeIn&#8221;]<\/p>\n<h2>\u00c1r Stair<\/h2>\n<p>&nbsp;<\/p>\n<p>T\u00e1 an fheamainn tar \u00e9is coth\u00fa\u00a0 a thabhairt do mhuintir Iarthar na h\u00c9ireann ar feadh na m\u00edlte bliain. Bh\u00ed \u00a0na gl\u00fanta sin a th\u00e1inig le linn an 12\u00fa haois ag braith ar fheamainn mar \u00e1bhar leighis, mar choth\u00fa bia agus i gcleachtais feirmeoireachta .<\/p>\n<p>&nbsp;<\/p>\n<p>Th\u00e1inig borradh faoin dtionscail feamainne san 18\u00fa haois, \u00fas\u00e1ideadh luaithreach ceilpe i nd\u00e9ant\u00fasa\u00edocht gloine agus freisin mar fhoinse\u00a0 iaid\u00edn. San fichi\u00fa haois, th\u00e1inig ceannair\u00ed \u00e1iti\u00fala agus pobail le ch\u00e9ile chun\u00a0 Alginate Industries (\u00c9irinn) Limited a thabhairt \u00a0isteach go Cill Chiar\u00e1in, ba \u00e9 seo an comhlacht a th\u00e1inig roimh Arramara Teoranta. Chuir Alginate Industries Limited t\u00fas le pr\u00f3iseas a lean ar aghaigh go dt\u00ed an l\u00e1 at\u00e1 inni\u00fa ann, mar anois t\u00e1 muid ar na pr\u00f3ise\u00e1laithe inbhuanaithe feamainne is faide ar an bhf\u00f3d in \u00c9irinn. Seo th\u00edos ar sc\u00e9al f\u00e9in.<\/p>\n<p>[\/vc_column_text][\/vc_column_inner][\/vc_row_inner][vc_row_inner equal_height=&#8221;yes&#8221; content_placement=&#8221;middle&#8221; el_class=&#8221;content-center content-max&#8221;][vc_column_inner width=&#8221;1\/2&#8243; css=&#8221;.vc_custom_1542749025635{padding: 50px !important;}&#8221;][vc_column_text css_animation=&#8221;fadeIn&#8221;]<\/p>\n<div style=\"max-width: 420px; margin: 0 auto;\">\n<h3>Na blianta luatha<\/h3>\n<p>&nbsp;<\/p>\n<p>D\u2019oscail Alginate Industries (\u00c9irinn) Limited in 1947 i gCill Chiar\u00e1in, Conamara, Contae na Gaillimhe \u00e1it a bhfuil an Ghaeilge, an cult\u00far agus an oidhreacht caomhnaithe. Ag an t\u00fas ba fiontar pr\u00edobh\u00e1ideach \u00e9 Alginate Industries\u00a0 a bh\u00edodh ag ceannacht <em>Laminaria hyperborea<\/em>\u00a0n\u00f3 slata mara a chuir stoirmeacha i dt\u00edr, \u00f3 bhainteoir\u00ed \u00e1iti\u00fala. Dh\u00e9anta\u00ed triom\u00fa ar na slata seo agus thugta\u00ed go hAlban iad chun an ailgion\u00e1it a bhaint astu.<\/p>\n<p>&nbsp;<\/p>\n<p>I 1949 fuair an Aire Tal\u00fana scaireanna\u00a0sa\u00a0chomhlacht. Ba \u00e9 an sprioc a bh\u00ed leis seo n\u00e1 deiseanna eacnama\u00edochta maithe a chruth\u00fa do Bhainteoir\u00ed \u00e1iti\u00fala agus d\u2019oibrithe monarchan . D\u00e9anadh \u00e9 seo thr\u00ed cine\u00e1lacha feamainne\u00a0 a bh\u00ed le f\u00e1il go fl\u00fairseach ar fud na cladaigh gleoite ar fud c\u00f3sata an Iarthair a dh\u00edol. D\u2019fh\u00e1iltigh na Bainteoir\u00ed feamainne \u00e1iti\u00fala roimh an gcomhph\u00e1irt\u00edocht seo, agus thugadar a gcuid feamainne chuig na tionscail ailgion\u00e1ite ag s\u00fail le praghas maith a fh\u00e1il uainn.<\/p>\n<\/div>\n<p>[\/vc_column_text][\/vc_column_inner][vc_column_inner width=&#8221;1\/2&#8243; css=&#8221;.vc_custom_1542749037311{padding: 50px !important;}&#8221;][vc_single_image image=&#8221;485&#8243; img_size=&#8221;full&#8221; alignment=&#8221;center&#8221; css_animation=&#8221;fadeInUp&#8221; el_class=&#8221;image-shadow&#8221;][\/vc_column_inner][\/vc_row_inner][vc_row_inner equal_height=&#8221;yes&#8221; content_placement=&#8221;middle&#8221;][vc_column_inner width=&#8221;1\/2&#8243; css=&#8221;.vc_custom_1542749302113{padding: 50px !important;}&#8221;][vc_single_image image=&#8221;691&#8243; img_size=&#8221;full&#8221; alignment=&#8221;center&#8221; css_animation=&#8221;fadeInUp&#8221; el_class=&#8221;image-shadow&#8221;][vc_empty_space height=&#8221;256px&#8221;][vc_single_image image=&#8221;689&#8243; img_size=&#8221;full&#8221; alignment=&#8221;center&#8221; css_animation=&#8221;fadeInUp&#8221; el_class=&#8221;image-shadow&#8221;][\/vc_column_inner][vc_column_inner width=&#8221;1\/2&#8243; css=&#8221;.vc_custom_1542749292398{padding: 50px !important;}&#8221;][vc_column_text css_animation=&#8221;fadeIn&#8221;]<\/p>\n<p>De r\u00e9ir mar a th\u00e1inig borradh ar \u00e1r ngn\u00f3 sa Ghaeltacht, th\u00e1inig f\u00e1s freisin ar \u00e1r nd\u00edlseacht do chult\u00far na h\u00c9ireann.\u00a0 I 1954, rinne muid an cinneadh ainm na comhlachta a athr\u00fa go Arramara Teoranta \u2013 fuaimni\u00fa foghra\u00edochta den dh\u00e1 fhocal \u201cEarra Mara\u201d. Dh\u00e1 bhliain ina dhiaidh sin nuair a th\u00e1inig Roinn na Gaeltachta ar an bhf\u00f3d, tugadh na scaireanna a bh\u00ed i seilbh an Aire Tal\u00fana do Aire na Gaeltachta.<\/p>\n<p>&nbsp;<\/p>\n<p>De r\u00e9ir mar a th\u00e1inig f\u00e1s ar ch\u00farsa\u00ed gn\u00f3,d\u2019oscail Arramara ionaid eile in aice Baile U\u00ed Fhiach\u00e1in, i gContae Mhaigh Eo agus sa gCloch\u00e1n Liath i dT\u00edr Chonaill, chur s\u00e9 seo foinse maith ioncaim ar f\u00e1il do phobail ar an gc\u00f3sta. I 1962 thosaigh muid ag d\u00edri\u00fa isteach ar fheamainn l\u00e1mh bhainte s\u00e9 sin, an <em>Ascophyllum nodosum.<\/em> Is sean-tradisi\u00fan \u00e9 baili\u00fa na feamainne seo ar an gc\u00f3sta thiar. De bharr seo dh\u00edrigh muid isteach go pr\u00edomha ar an gcine\u00e1la feamainne seo ag d\u00e9anamh pr\u00f3ise\u00e1la ar bhealach ch\u00faramach ar an acmhainn feamainne \u00c9ireannach\u00a0 seo, chun go mbeadh muid inann \u00e9 a \u00fas\u00e1id ag baile agus thar lear.<\/p>\n<p>&nbsp;<\/p>\n<p>Le linn na mblianta d\u2019fhan Arramara Teoranta d\u00edlis d\u00e1 chuid bunluachanna ach ag an am c\u00e9anna d\u00e9anann siad aon athr\u00fa a theasta\u00edonn a thiocfaidh chun tairbhe don chomhlacht. Bhunaigh muid \u00e1r bpr\u00edomh oifig i gConamara \u2013 ceantar br\u00f3d\u00fail Gaeltachta \u2013 agus l\u00e1idrigh muid \u00e1r n-ionad i gCill Chiar\u00e1in, agus d\u2019\u00e9irigh linn n\u00edos m\u00f3 \u00e9ifeacht\u00falacht a bhaint amach i r\u00e9ims\u00ed mar bainisti\u00fa acmhainn\u00ed, l\u00f3ist\u00edocht agus t\u00e1irgi\u00fa.<\/p>\n<p>&nbsp;<\/p>\n<p>Faoin mbliain 1987, tugadh formh\u00f3r na scairsheilbhe chuig an Aire Mara mar ph\u00e1irt do Pholasa\u00ed Mara an Rialtais. Bh\u00ed baint mh\u00f3r ag an scairshealbh\u00f3ir mionlaigh, s\u00e9 sin an comhlacht NutraSweet Kelco mar at\u00e1 anois air, le dul chun cinn Arramara mar ba \u00e9 an t-aon chustaim\u00e9ara \u00e9 a bh\u00ed acu don ch\u00e9ad 40 bliain agus bh\u00ed s\u00e9 freagrach as 75% den t\u00e1irgi\u00fa ioml\u00e1n. Le himeacht na mblianta chuir custaim\u00e9\u00edr\u00ed in \u00c9irinn agus i dt\u00edortha eile aithne ar Arramara mar fhoinse iontaofa do th\u00e1irg\u00ed bhreisluacha feamainne a chuireann le caighde\u00e1n bia ainmh\u00ed agus le t\u00e1irg\u00ed chothaithe do bharra\u00ed agus don chr\u00e9f\u00f3ig<\/p>\n<p>[\/vc_column_text][\/vc_column_inner][\/vc_row_inner][vc_row_inner equal_height=&#8221;yes&#8221; content_placement=&#8221;middle&#8221;][vc_column_inner width=&#8221;1\/2&#8243; css=&#8221;.vc_custom_1542749281785{padding: 50px !important;}&#8221;][vc_column_text css_animation=&#8221;fadeIn&#8221;]<\/p>\n<div style=\"max-width: 420px; margin: 0 auto;\">\n<h3>An L\u00e1 at\u00e1 inni\u00fa ann<\/h3>\n<p>&nbsp;<\/p>\n<p>Le linn t\u00fas an 21\u00fa aois th\u00e1inig a thuilleadh athruithe spreag\u00fala. Le blianta fada bh\u00ed \u00fain\u00e9ireacht ag Roinn na Mara agus Acmhainn\u00ed N\u00e1d\u00fartha ar 82% de Arramara, ag roinnt an 18% a bh\u00ed f\u00e1gtha le ISP Alginates, fochomhlacht de chuid corpar\u00e1id iln\u00e1isi\u00fanta.<\/p>\n<p>&nbsp;<\/p>\n<p>Le linn 2006, ghlac \u00dadar\u00e1s na Gaeltachta (eagra\u00edocht St\u00e1t at\u00e1 freagrach as cur chun cinn na Gaeilge, chomh maith le gn\u00edomhachta\u00ed sh\u00f3isialta, chult\u00fartha agus eacnama\u00edochta a bhuan\u00fa chun pobail an iarthair a choime\u00e1d sl\u00e1n) \u00fain\u00e9ireacht ar 100% de Arramara \u2013 ar mhaithe le comhph\u00e1irt\u00ed a aimsi\u00fa chun borradh a chur le scairmhargadh Arramara\u00a0 agus le earn\u00e1il feamainne na h\u00c9ireann.<\/p>\n<p>&nbsp;<\/p>\n<p>Bh\u00ed an t\u00dadar\u00e1s ag lorg comhlacht a bheadh l\u00e1idir \u00f3 thaobh airgeadais de agus go mbeadh an saineolais feamainne cu\u00ed acu, chomh maith le eolas ar theicneolachta\u00ed pr\u00f3ise\u00e1la, taith\u00ed ar mharga\u00ed domhanda agus tiomantas l\u00e1idir i dtaobh inbhuanaitheacht. Tar \u00e9is fiosr\u00fach\u00e1in leathan, roghna\u00edodh Acadian Seaplants Limited agus i m\u00ed na Bealtaine 2014, bh\u00ed Arramara mar bhall do fhoireann Acadian.<\/p>\n<p>&nbsp;<\/p>\n<p>Sa l\u00e1 at\u00e1 inni\u00fa ann t\u00e1 dul chun cinn Arramara ag braith ar thaith\u00ed an dream sin a chuaigh romhainn.\u00a0 Le cabhair \u00f3n sean-tradisi\u00fan, taighde fhairsing eola\u00edochta ar choth\u00fa na feamainne agus obair \u00e1r\u00a0sinsir, Fostaithe agus na Bainteoir\u00ed a chuireann feamainn ar f\u00e1il dh\u00fainn, leanfaidh muid ar aghaidh ag cruth\u00fa postanna fi\u00fantacha do phobail an Iarthair agus f\u00e1s inbhuainaithe don geilleagar \u00c9ireannach.<\/p>\n<\/div>\n<p>[\/vc_column_text][\/vc_column_inner][vc_column_inner width=&#8221;1\/2&#8243; css=&#8221;.vc_custom_1542749271464{padding: 50px !important;}&#8221;][vc_single_image image=&#8221;693&#8243; img_size=&#8221;full&#8221; alignment=&#8221;center&#8221; css_animation=&#8221;fadeInUp&#8221; el_class=&#8221;image-shadow&#8221;][vc_empty_space height=&#8221;160px&#8221;][vc_single_image image=&#8221;695&#8243; img_size=&#8221;full&#8221; alignment=&#8221;center&#8221; css_animation=&#8221;fadeInUp&#8221; el_class=&#8221;image-shadow&#8221;][\/vc_column_inner][\/vc_row_inner][\/vc_column][\/vc_row][vc_row css_animation=&#8221;none&#8221; el_id=&#8221;titan-cta&#8221; el_class=&#8221;border-top&#8221;][vc_column]<\/p>\n<div class=\"templatera_shortcode\">\n<div class=\"vc_row wpb_row vc_row-fluid content-center content-max vc_row-o-content-middle vc_row-flex\">\n<div class=\"wpb_column vc_column_container vc_col-sm-6\">\n<div class=\"vc_column-inner\">\n<div class=\"wpb_wrapper\">\n<div  class=\"wpb_single_image wpb_content_element vc_align_center  wpb_animate_when_almost_visible wpb_fadeIn fadeIn\">\n<figure class=\"wpb_wrapper vc_figure\">\n<div class=\"vc_single_image-wrapper   vc_box_border_grey\"><img loading=\"lazy\" decoding=\"async\" class=\"vc_single_image-img \" src=\"https:\/\/acadiankelpmeal.com\/wp-content\/uploads\/2018\/11\/Titan@2x-300x154.png\" width=\"300\" height=\"154\" alt=\"Titan Seaweed Product Logo\" title=\"Titan@2x\" \/><\/div>\n<\/figure><\/div>\n<\/div>\n<\/div>\n<\/div>\n<div class=\"wpb_column vc_column_container vc_col-sm-6\">\n<div class=\"vc_column-inner\">\n<div class=\"wpb_wrapper\">\n<div class=\"wpb_text_column wpb_content_element  wpb_animate_when_almost_visible wpb_fadeIn fadeIn\" >\n<div class=\"wpb_wrapper\">\n<h2>Faigh amach an f\u00e1th go bhfuil \u00e1r gcuid feamainne chomh t\u00e1bhachtach c\u00e9anna inni\u00fa agus a bh\u00ed 70 bliain \u00f3 shin<\/h2>\n<\/p><\/div>\n<\/p><\/div>\n<div class=\"wpb_text_column wpb_content_element  wpb_animate_when_almost_visible wpb_fadeInUp fadeInUp\" >\n<div class=\"wpb_wrapper\">\n\t\t\t<a class=\"button blue\" href=\"\/ga\/dean-teagmhail\/\" target=\"_self\">D\u00e9an teagmh\u00e1il linn<\/a><\/p><\/div>\n<\/p><\/div>\n<\/div>\n<\/div>\n<\/div>\n<\/div>\n<\/div>\n<p>[\/vc_column][\/vc_row][vc_row][vc_column]<\/p>\n<div class=\"templatera_shortcode\">\n<div data-vc-full-width=\"true\" data-vc-full-width-init=\"false\" data-vc-stretch-content=\"true\" class=\"vc_row wpb_row vc_row-fluid split-cta vc_custom_1545310294281 vc_row-no-padding vc_row-o-equal-height vc_row-flex\">\n<div class=\"split-blue-overlay split-col wpb_column vc_column_container vc_col-sm-6 vc_col-has-fill\">\n<div class=\"vc_column-inner vc_custom_1545310623931\">\n<div class=\"wpb_wrapper\">\n<div class=\"wpb_text_column wpb_content_element  split-copy\" >\n<div class=\"wpb_wrapper\">\n<h3>D\u2019fh\u00e9adf\u00e1 r\u00e1 gur clann \u00e9 Arramara n\u00edos m\u00f3 n\u00e1 gn\u00f3 at\u00e1 ag cruth\u00fa todhcha\u00ed inbhuanaithe d\u2019\u00c9irinn<\/h3>\n<p style=\"text-align: center;\"><a class=\"button white-blue\" href=\"\/ga\/eolas-fuinn\/\" target=\"_self\">Eolas f\u00fainn agus \u00e1r ndream<\/a><\/p>\n<\/p><\/div>\n<\/p><\/div>\n<div  class=\"wpb_single_image wpb_content_element vc_align_center\">\n<figure class=\"wpb_wrapper vc_figure\">\n<div class=\"vc_single_image-wrapper   vc_box_border_grey\"><img loading=\"lazy\" decoding=\"async\" width=\"877\" height=\"845\" src=\"https:\/\/acadiankelpmeal.com\/wp-content\/uploads\/2018\/12\/collage-square.jpg\" class=\"vc_single_image-img attachment-full\" alt=\"arramara collage square\" srcset=\"https:\/\/acadiankelpmeal.com\/wp-content\/uploads\/2018\/12\/collage-square.jpg 877w, https:\/\/acadiankelpmeal.com\/wp-content\/uploads\/2018\/12\/collage-square-300x289.jpg 300w, https:\/\/acadiankelpmeal.com\/wp-content\/uploads\/2018\/12\/collage-square-768x740.jpg 768w\" sizes=\"auto, (max-width: 877px) 100vw, 877px\" \/><\/div>\n<\/figure><\/div>\n<\/div>\n<\/div>\n<\/div>\n<div class=\"split-green-overlay split-col wpb_column vc_column_container vc_col-sm-6 vc_col-has-fill\">\n<div class=\"vc_column-inner vc_custom_1545310240877\">\n<div class=\"wpb_wrapper\">\n<div class=\"wpb_text_column wpb_content_element  split-copy\" >\n<div class=\"wpb_wrapper\">\n<h3>Ag \u00fas\u00e1id cleachtais inbhuanithe maidir le baint feamainne agus bainisti\u00fa a dh\u00e9anamh ar acmhainn\u00ed, is f\u00e9idir feamainn a choinne\u00e1il mar acmhainn in-athnuaite<\/h3>\n<p style=\"text-align: center;\"><a class=\"button white-green\" href=\"\/ga\/eolaiocht-acmhainne\/\" target=\"_self\">Eolas faoi na cleachtais inbhuanaithe a \u00fas\u00e1ideann muid<\/a><\/p>\n<\/p><\/div>\n<\/p><\/div>\n<div  class=\"wpb_single_image wpb_content_element vc_align_center\">\n<figure class=\"wpb_wrapper vc_figure\">\n<div class=\"vc_single_image-wrapper   vc_box_border_grey\"><img loading=\"lazy\" decoding=\"async\" width=\"877\" height=\"845\" src=\"https:\/\/acadiankelpmeal.com\/wp-content\/uploads\/2018\/12\/arramara-mobile-half.jpg\" class=\"vc_single_image-img attachment-full\" alt=\"\" srcset=\"https:\/\/acadiankelpmeal.com\/wp-content\/uploads\/2018\/12\/arramara-mobile-half.jpg 877w, https:\/\/acadiankelpmeal.com\/wp-content\/uploads\/2018\/12\/arramara-mobile-half-300x289.jpg 300w, https:\/\/acadiankelpmeal.com\/wp-content\/uploads\/2018\/12\/arramara-mobile-half-768x740.jpg 768w\" sizes=\"auto, (max-width: 877px) 100vw, 877px\" \/><\/div>\n<\/figure><\/div>\n<\/div>\n<\/div>\n<\/div>\n<\/div>\n<div class=\"vc_row-full-width vc_clearfix\"><\/div>\n<\/div>\n<p>[\/vc_column][\/vc_row]<\/p>\n","protected":false},"excerpt":{"rendered":"D\u2019fh\u00e9adf\u00e1 r\u00e1 gur clann \u00e9 Arramara n\u00edos m\u00f3 n\u00e1 gn\u00f3 at\u00e1 ag cruth\u00fa todhcha\u00ed inbhuanaithe d\u2019\u00c9irinn Eolas f\u00fainn agus \u00e1r ndream Ag \u00fas\u00e1id cleachtais inbhuanithe maidir le baint feamainne agus bainisti\u00fa a dh\u00e9anamh ar acmhainn\u00ed, is f\u00e9idir feamainn a choinne\u00e1il mar acmhainn in-athnuaite Eolas faoi na cleachtais inbhuanaithe a \u00fas\u00e1ideann muid","protected":false},"author":2,"featured_media":0,"parent":124,"menu_order":0,"comment_status":"closed","ping_status":"closed","template":"","meta":{"footnotes":""},"class_list":["post-220","page","type-page","status-publish","hentry"],"yoast_head":"<!-- This site is optimized with the Yoast SEO plugin v25.3.1 - https:\/\/yoast.com\/wordpress\/plugins\/seo\/ -->\n<title>Connemara Seaweed Processing Company | Arramara History<\/title>\n<meta name=\"description\" content=\"Arramara has grown to become a fast-growing Connemara seaweed processing company with business through Ireland and beyond! See how we made it here!\" \/>\n<meta name=\"robots\" content=\"index, follow, max-snippet:-1, max-image-preview:large, max-video-preview:-1\" \/>\n<link rel=\"canonical\" href=\"https:\/\/acadiankelpmeal.com\/?page_id=194\" \/>\n<meta property=\"og:locale\" content=\"ga_IE\" \/>\n<meta property=\"og:type\" content=\"article\" \/>\n<meta property=\"og:title\" content=\"Connemara Seaweed Processing Company | Arramara History\" \/>\n<meta property=\"og:description\" content=\"Arramara has grown to become a fast-growing Connemara seaweed processing company with business through Ireland and beyond! See how we made it here!\" \/>\n<meta property=\"og:url\" content=\"https:\/\/acadiankelpmeal.com\/?page_id=194\" \/>\n<meta property=\"og:site_name\" content=\"Acadian Kelp Organic Seaweed\" \/>\n<meta property=\"article:modified_time\" content=\"2019-01-17T17:05:19+00:00\" \/>\n<meta name=\"twitter:card\" content=\"summary_large_image\" \/>\n<meta name=\"twitter:label1\" content=\"Est. reading time\" \/>\n\t<meta name=\"twitter:data1\" content=\"7 minutes\" \/>\n<script type=\"application\/ld+json\" class=\"yoast-schema-graph\">{\"@context\":\"https:\/\/schema.org\",\"@graph\":[{\"@type\":\"WebPage\",\"@id\":\"https:\/\/acadiankelpmeal.com\/?page_id=194\",\"url\":\"https:\/\/acadiankelpmeal.com\/?page_id=194\",\"name\":\"Connemara Seaweed Processing Company | Arramara History\",\"isPartOf\":{\"@id\":\"https:\/\/acadiankelpmeal.com\/#website\"},\"datePublished\":\"2018-11-23T15:23:19+00:00\",\"dateModified\":\"2019-01-17T17:05:19+00:00\",\"description\":\"Arramara has grown to become a fast-growing Connemara seaweed processing company with business through Ireland and beyond! See how we made it here!\",\"breadcrumb\":{\"@id\":\"https:\/\/acadiankelpmeal.com\/?page_id=194#breadcrumb\"},\"inLanguage\":\"ga-IE\",\"potentialAction\":[{\"@type\":\"ReadAction\",\"target\":[\"https:\/\/acadiankelpmeal.com\/?page_id=194\"]}]},{\"@type\":\"BreadcrumbList\",\"@id\":\"https:\/\/acadiankelpmeal.com\/?page_id=194#breadcrumb\",\"itemListElement\":[{\"@type\":\"ListItem\",\"position\":1,\"name\":\"Home\",\"item\":\"https:\/\/acadiankelpmeal.com\/\"},{\"@type\":\"ListItem\",\"position\":2,\"name\":\"Eolas f\u00fainn\",\"item\":\"https:\/\/acadiankelpmeal.com\/our-story\/\"},{\"@type\":\"ListItem\",\"position\":3,\"name\":\"Stair\"}]},{\"@type\":\"WebSite\",\"@id\":\"https:\/\/acadiankelpmeal.com\/#website\",\"url\":\"https:\/\/acadiankelpmeal.com\/\",\"name\":\"Acadian Kelp Organic Seaweed\",\"description\":\"Prebiotic and nutrient-rich for Healthy Animals and Soil\",\"publisher\":{\"@id\":\"https:\/\/acadiankelpmeal.com\/#organization\"},\"potentialAction\":[{\"@type\":\"SearchAction\",\"target\":{\"@type\":\"EntryPoint\",\"urlTemplate\":\"https:\/\/acadiankelpmeal.com\/?s={search_term_string}\"},\"query-input\":{\"@type\":\"PropertyValueSpecification\",\"valueRequired\":true,\"valueName\":\"search_term_string\"}}],\"inLanguage\":\"ga-IE\"},{\"@type\":\"Organization\",\"@id\":\"https:\/\/acadiankelpmeal.com\/#organization\",\"name\":\"Arramara\",\"url\":\"https:\/\/acadiankelpmeal.com\/\",\"logo\":{\"@type\":\"ImageObject\",\"inLanguage\":\"ga-IE\",\"@id\":\"https:\/\/acadiankelpmeal.com\/#\/schema\/logo\/image\/\",\"url\":\"https:\/\/acadiankelpmeal.com\/wp-content\/uploads\/2018\/11\/Group-205@2x.png\",\"contentUrl\":\"https:\/\/acadiankelpmeal.com\/wp-content\/uploads\/2018\/11\/Group-205@2x.png\",\"width\":261,\"height\":261,\"caption\":\"Arramara\"},\"image\":{\"@id\":\"https:\/\/acadiankelpmeal.com\/#\/schema\/logo\/image\/\"}}]}<\/script>\n<!-- \/ Yoast SEO plugin. -->","yoast_head_json":{"title":"Connemara Seaweed Processing Company | Arramara History","description":"Arramara has grown to become a fast-growing Connemara seaweed processing company with business through Ireland and beyond! See how we made it here!","robots":{"index":"index","follow":"follow","max-snippet":"max-snippet:-1","max-image-preview":"max-image-preview:large","max-video-preview":"max-video-preview:-1"},"canonical":"https:\/\/acadiankelpmeal.com\/?page_id=194","og_locale":"ga_IE","og_type":"article","og_title":"Connemara Seaweed Processing Company | Arramara History","og_description":"Arramara has grown to become a fast-growing Connemara seaweed processing company with business through Ireland and beyond! See how we made it here!","og_url":"https:\/\/acadiankelpmeal.com\/?page_id=194","og_site_name":"Acadian Kelp Organic Seaweed","article_modified_time":"2019-01-17T17:05:19+00:00","twitter_card":"summary_large_image","twitter_misc":{"Est. reading time":"7 minutes"},"schema":{"@context":"https:\/\/schema.org","@graph":[{"@type":"WebPage","@id":"https:\/\/acadiankelpmeal.com\/?page_id=194","url":"https:\/\/acadiankelpmeal.com\/?page_id=194","name":"Connemara Seaweed Processing Company | Arramara History","isPartOf":{"@id":"https:\/\/acadiankelpmeal.com\/#website"},"datePublished":"2018-11-23T15:23:19+00:00","dateModified":"2019-01-17T17:05:19+00:00","description":"Arramara has grown to become a fast-growing Connemara seaweed processing company with business through Ireland and beyond! See how we made it here!","breadcrumb":{"@id":"https:\/\/acadiankelpmeal.com\/?page_id=194#breadcrumb"},"inLanguage":"ga-IE","potentialAction":[{"@type":"ReadAction","target":["https:\/\/acadiankelpmeal.com\/?page_id=194"]}]},{"@type":"BreadcrumbList","@id":"https:\/\/acadiankelpmeal.com\/?page_id=194#breadcrumb","itemListElement":[{"@type":"ListItem","position":1,"name":"Home","item":"https:\/\/acadiankelpmeal.com\/"},{"@type":"ListItem","position":2,"name":"Eolas f\u00fainn","item":"https:\/\/acadiankelpmeal.com\/our-story\/"},{"@type":"ListItem","position":3,"name":"Stair"}]},{"@type":"WebSite","@id":"https:\/\/acadiankelpmeal.com\/#website","url":"https:\/\/acadiankelpmeal.com\/","name":"Acadian Kelp Organic Seaweed","description":"Prebiotic and nutrient-rich for Healthy Animals and Soil","publisher":{"@id":"https:\/\/acadiankelpmeal.com\/#organization"},"potentialAction":[{"@type":"SearchAction","target":{"@type":"EntryPoint","urlTemplate":"https:\/\/acadiankelpmeal.com\/?s={search_term_string}"},"query-input":{"@type":"PropertyValueSpecification","valueRequired":true,"valueName":"search_term_string"}}],"inLanguage":"ga-IE"},{"@type":"Organization","@id":"https:\/\/acadiankelpmeal.com\/#organization","name":"Arramara","url":"https:\/\/acadiankelpmeal.com\/","logo":{"@type":"ImageObject","inLanguage":"ga-IE","@id":"https:\/\/acadiankelpmeal.com\/#\/schema\/logo\/image\/","url":"https:\/\/acadiankelpmeal.com\/wp-content\/uploads\/2018\/11\/Group-205@2x.png","contentUrl":"https:\/\/acadiankelpmeal.com\/wp-content\/uploads\/2018\/11\/Group-205@2x.png","width":261,"height":261,"caption":"Arramara"},"image":{"@id":"https:\/\/acadiankelpmeal.com\/#\/schema\/logo\/image\/"}}]}},"_links":{"self":[{"href":"https:\/\/acadiankelpmeal.com\/ga\/wp-json\/wp\/v2\/pages\/220","targetHints":{"allow":["GET"]}}],"collection":[{"href":"https:\/\/acadiankelpmeal.com\/ga\/wp-json\/wp\/v2\/pages"}],"about":[{"href":"https:\/\/acadiankelpmeal.com\/ga\/wp-json\/wp\/v2\/types\/page"}],"author":[{"embeddable":true,"href":"https:\/\/acadiankelpmeal.com\/ga\/wp-json\/wp\/v2\/users\/2"}],"replies":[{"embeddable":true,"href":"https:\/\/acadiankelpmeal.com\/ga\/wp-json\/wp\/v2\/comments?post=220"}],"version-history":[{"count":0,"href":"https:\/\/acadiankelpmeal.com\/ga\/wp-json\/wp\/v2\/pages\/220\/revisions"}],"up":[{"embeddable":true,"href":"https:\/\/acadiankelpmeal.com\/ga\/wp-json\/wp\/v2\/pages\/124"}],"wp:attachment":[{"href":"https:\/\/acadiankelpmeal.com\/ga\/wp-json\/wp\/v2\/media?parent=220"}],"curies":[{"name":"wp","href":"https:\/\/api.w.org\/{rel}","templated":true}]}}