{"id":218,"date":"2018-11-23T15:22:33","date_gmt":"2018-11-23T15:22:33","guid":{"rendered":"http:\/\/arramara.wpengine.com\/?page_id=218"},"modified":"2019-01-17T17:06:28","modified_gmt":"2019-01-17T17:06:28","slug":"gairmeacha","status":"publish","type":"page","link":"https:\/\/acadiankelpmeal.com\/ga\/eolas-fuinn\/gairmeacha\/","title":{"rendered":"Gairmeacha"},"content":{"rendered":"<p>[vc_row full_width=&#8221;stretch_row_content_no_spaces&#8221; content_placement=&#8221;middle&#8221; css=&#8221;.vc_custom_1547081937678{background: #e0e0e0 url(https:\/\/acadiankelpmeal.com\/wp-content\/uploads\/2018\/12\/Arramara-factory-staff-e1547081898474.jpg?id=697) !important;background-position: center !important;background-repeat: no-repeat !important;background-size: cover !important;}&#8221; el_class=&#8221;sub-banner background-xcenter-ytop&#8221;][vc_column css_animation=&#8221;fadeIn&#8221;][\/vc_column][\/vc_row][vc_row el_class=&#8221;page-bg-photo&#8221;][vc_column css_animation=&#8221;fadeIn&#8221; el_class=&#8221;content-center content-max&#8221;][vc_row_inner el_class=&#8221;container&#8221;][vc_column_inner][vc_column_text css_animation=&#8221;fadeIn&#8221;]<\/p>\n<h2>Gairmeacha<\/h2>\n<p>&nbsp;<\/p>\n<p>Ag Arramara b\u00edonn muid ag obair ar son leas na ndaoine, na pobail, an \u00e9iceach\u00f3ras \u00e1iti\u00fail agus an domhan. Teasta\u00edonn daoine d\u00edograiseacha, seifti\u00fail uainn <strong>mar thusa<\/strong> chun a bheith ag obair linn. Nuair a thagann sibh isteach linn sa bhfoireann, beidh t\u00fa mar bhall do ghr\u00fapa daoine at\u00e1 tiomanta don\u00a0 inbhuanaitheacht a bhaineann le acmhainn n\u00e1d\u00fartha at\u00e1 in \u00fas\u00e1id ag daoine in Iarthar na h\u00c9ireann agus ar fud na cruinne. Is clann at\u00e1 ionainn chomh maith le gn\u00f3 at\u00e1 ag forbairt todhcha\u00ed inbhuanaithe d\u2019\u00c9irinn. B\u00ed mar bhall don fhoireann agus b\u00ed p\u00e1irteach sa ngluaiseacht iontach seo.<\/p>\n<p>[\/vc_column_text][vc_empty_space][vc_column_text css_animation=&#8221;fadeIn&#8221;]<\/p>\n<h2 style=\"text-align: center;\">Is bre\u00e1 len\u00e1r bhFostaithe Arramara<\/h2>\n<p>[\/vc_column_text][\/vc_column_inner][\/vc_row_inner][vc_row_inner equal_height=&#8221;yes&#8221; content_placement=&#8221;middle&#8221; el_class=&#8221;content-center content-max&#8221;][vc_column_inner width=&#8221;1\/2&#8243; css=&#8221;.vc_custom_1542749025635{padding: 50px !important;}&#8221;][vc_empty_space][vc_column_text css_animation=&#8221;fadeIn&#8221;]<\/p>\n<div style=\"max-width: 420px; margin: 0 auto;\">\n<h3 class=\"header-med\">Alan Considine<\/h3>\n<h4>Bainisteoir Monarchan Arramara<\/h4>\n<p style=\"margin-bottom: 35px; line-height: 25px;\">Agus m\u00e9 ag teacht isteach le gairid mar Bhainisteoir Monarchan in Arramara t\u00e1 s\u00e9 tughta faoi deara go maith agam na difr\u00edochta\u00ed idir comhlacht mhe\u00e1nmh\u00e9ide phr\u00edomh\u00e1ideach \u00e1it a bhfuilim anois i gcompar\u00e1id le bheith ag obair do chomhlacht mh\u00f3r iln\u00e1isi\u00fanta \u00e1it a raibh m\u00e9 cheana. T\u00e1 m\u00e9 ag obair anois i l\u00e1thair at\u00e1 n\u00edos fi\u00fantach, comhoibr\u00edoch agus cairdi\u00fail. T\u00e1 cur chuige sol\u00fabtha, tac\u00fail agus proifisi\u00fanta ag an lucht bainist\u00edochta maidir le feidhmi\u00fa Arramara. T\u00e1 an-s\u00e1samh bainte agam as an s\u00e9 mh\u00ed at\u00e1 caite anseo agam go dt\u00ed seo, t\u00e1 s\u00e9 an-\u00e9ags\u00fail \u00f3n obair eile a bh\u00edodh ar bun agam, gura fada buan \u00e9.\u201d<\/p>\n<\/div>\n<p>[\/vc_column_text][\/vc_column_inner][vc_column_inner width=&#8221;1\/2&#8243; css=&#8221;.vc_custom_1542749037311{padding: 50px !important;}&#8221;][vc_single_image image=&#8221;423&#8243; img_size=&#8221;full&#8221; alignment=&#8221;center&#8221; css_animation=&#8221;fadeInUp&#8221; el_class=&#8221;image-shadow&#8221;][\/vc_column_inner][\/vc_row_inner][vc_row_inner equal_height=&#8221;yes&#8221; content_placement=&#8221;middle&#8221;][vc_column_inner width=&#8221;1\/2&#8243; css=&#8221;.vc_custom_1542749302113{padding: 50px !important;}&#8221;][vc_single_image image=&#8221;435&#8243; img_size=&#8221;full&#8221; alignment=&#8221;center&#8221; css_animation=&#8221;fadeInUp&#8221; el_class=&#8221;image-shadow&#8221;][\/vc_column_inner][vc_column_inner width=&#8221;1\/2&#8243; css=&#8221;.vc_custom_1542749292398{padding: 50px !important;}&#8221;][vc_empty_space][vc_column_text css_animation=&#8221;fadeIn&#8221;]<\/p>\n<div style=\"max-width: 460px;\">\n<h3 class=\"header-med\">Mich\u00e9al Mac Monagail<\/h3>\n<h4>Bainisteoir Acmhainne Feamainn<\/h4>\n<p style=\"margin-bottom: 35px; line-height: 25px;\">&#8221; Is \u00e9 an r\u00f3l at\u00e1 agamsa in Arramara n\u00e1 comhord\u00fa a dh\u00e9anamh ar thaighde an sampl\u00e1il feamainne in \u00c9irinn. D\u00e9anaimse meastach\u00e1n ar an ioml\u00e1n bithmhais de <em>Ascophyllum nodosum<\/em> at\u00e1 ar f\u00e1il agus d\u00e9anaim tomhais caomhnach ar an toirt ar cheart a bhaint go inbhuanaithe. Is bre\u00e1 liom a bheith ag obair do Arramara mar t\u00e1 an fhoireann at\u00e1 againn anseo go hiontach. Taitn\u00edonn s\u00e9 liom freisin go bhfuil deis agam obair a dh\u00e9anamh taobh amuigh agus an fheamainn agus na hathruithe a thagann air \u00f3 mh\u00ed go mh\u00ed agus \u00f3 bhliain go bliain a fheice\u00e1il dhom f\u00e9in.&#8221;<\/p>\n<\/div>\n<p>[\/vc_column_text][\/vc_column_inner][\/vc_row_inner][vc_row_inner equal_height=&#8221;yes&#8221; content_placement=&#8221;middle&#8221;][vc_column_inner width=&#8221;1\/2&#8243; css=&#8221;.vc_custom_1542749281785{padding: 50px !important;}&#8221;][vc_empty_space][vc_column_text css_animation=&#8221;fadeIn&#8221;]<\/p>\n<div style=\"max-width: 420px; margin: 0 auto;\">\n<h3 class=\"header-med\">Maura Flaherty<\/h3>\n<h4>Bainisteoir Caighde\u00e1in agus S\u00e1bh\u00e1ilteachta Arramara<\/h4>\n<p style=\"margin-bottom: 35px; line-height: 25px;\">\u201cT\u00e1 Arramara dhomsa, ar n\u00f3s bosca seacl\u00e1ide mar ta gach l\u00e1 \u00e9ags\u00fail agus spreag\u00fail. T\u00f3gadh m\u00e9 in Arramara agus bh\u00ed a lan c\u00far\u00e1im\u00ed \u00e9ags\u00fala orm i rith mo chuid ama anseo. N\u00ed raibh l\u00e1 ar bith mar an ch\u00e9ile agus t\u00e1 s\u00e9 iontach deis a fh\u00e1il oibri\u00fa ar thionscadail nua. Is aoibhinn liom mo chuid oibre, is iontach tairbheach an fiche bliain at\u00e1 caite agam leis an gcomhlacht seo, agus t\u00e1im ag tsn\u00fath leis an gc\u00e9ad fiche eile.\u201d<\/p>\n<\/div>\n<p>[\/vc_column_text][\/vc_column_inner][vc_column_inner width=&#8221;1\/2&#8243; css=&#8221;.vc_custom_1542749271464{padding: 50px !important;}&#8221;][vc_single_image image=&#8221;428&#8243; img_size=&#8221;full&#8221; alignment=&#8221;center&#8221; css_animation=&#8221;fadeInUp&#8221; el_class=&#8221;image-shadow&#8221;][\/vc_column_inner][\/vc_row_inner][\/vc_column][\/vc_row][vc_row css_animation=&#8221;none&#8221; el_id=&#8221;titan-cta&#8221; el_class=&#8221;border-top&#8221;][vc_column][vc_row_inner][vc_column_inner width=&#8221;1\/2&#8243;][vc_single_image image=&#8221;699&#8243; img_size=&#8221;full&#8221; alignment=&#8221;center&#8221; css_animation=&#8221;fadeInUp&#8221; el_class=&#8221;image-shadow&#8221;][\/vc_column_inner][vc_column_inner width=&#8221;1\/2&#8243;][vc_empty_space][vc_column_text]<\/p>\n<div style=\"max-width: 460px;\">\n<h3 class=\"header-med\">Deiseanna in Arramara<\/h3>\n<p>An bhfuil t\u00fa ag iarraidh go mbeidh n\u00edos m\u00f3 br\u00ed a bheith le do chuid oibre? T\u00e1 t\u00fa san \u00e1it cheart. \u00d3 ham go ham, b\u00edonn muid ag lorg daoine le r\u00e9imse leathan scileanna. Seo cuid de na rann\u00f3g\u00e1 eile in Arramara:<\/p>\n<ul>\n<li>Cuntasa\u00edocht<\/li>\n<li>S\u00e1bh\u00e1ilteacht &amp; Foll\u00e1ine<\/li>\n<li>Bainist\u00edocht Acmhainne Feamainne<\/li>\n<li>Oibri\u00fach\u00e1in (pr\u00f3ise\u00e1il, pac\u00e1il, seoladh)<\/li>\n<li>Riarach\u00e1n Oifige<\/li>\n<\/ul>\n<p>De r\u00e9ir agus a bheidh muid ag f\u00e1s, beidh n\u00edos m\u00f3 daoine fi\u00fantacha ag teast\u00e1il \u00f3n bhfoireann! Fi\u00fa mura bhfuil aon phost againn faoi l\u00e1thair, is f\u00e9idir leat do C.V. a chur chugainn ar aon n\u00f3s. Ba bhre\u00e1 linn aithne a chur ort.<\/p>\n<\/div>\n<p>[\/vc_column_text][\/vc_column_inner][\/vc_row_inner]<\/p>\n<div class=\"templatera_shortcode\">\n<div class=\"vc_row wpb_row vc_row-fluid content-center content-max vc_row-o-content-middle vc_row-flex\">\n<div class=\"wpb_column vc_column_container vc_col-sm-6\">\n<div class=\"vc_column-inner\">\n<div class=\"wpb_wrapper\">\n<div  class=\"wpb_single_image wpb_content_element vc_align_center  wpb_animate_when_almost_visible wpb_fadeIn fadeIn\">\n<figure class=\"wpb_wrapper vc_figure\">\n<div class=\"vc_single_image-wrapper   vc_box_border_grey\"><img loading=\"lazy\" decoding=\"async\" class=\"vc_single_image-img \" src=\"https:\/\/acadiankelpmeal.com\/wp-content\/uploads\/2018\/11\/Titan@2x-300x154.png\" width=\"300\" height=\"154\" alt=\"Titan Seaweed Product Logo\" title=\"Titan@2x\" \/><\/div>\n<\/figure><\/div>\n<\/div>\n<\/div>\n<\/div>\n<div class=\"wpb_column vc_column_container vc_col-sm-6\">\n<div class=\"vc_column-inner\">\n<div class=\"wpb_wrapper\">\n<div class=\"wpb_text_column wpb_content_element  wpb_animate_when_almost_visible wpb_fadeIn fadeIn\" >\n<div class=\"wpb_wrapper\">\n<h2>B\u00ed p\u00e1irteach i rud \u00e9igin iontach.<\/h2>\n<\/p><\/div>\n<\/p><\/div>\n<div class=\"wpb_text_column wpb_content_element  wpb_animate_when_almost_visible wpb_fadeInUp fadeInUp\" >\n<div class=\"wpb_wrapper\">\n\t\t\t<a class=\"button blue\" href=\"\/ga\/dean-teagmhail\/\" target=\"_self\">D\u00e9an teagmh\u00e1il linn<\/a><\/p><\/div>\n<\/p><\/div>\n<\/div>\n<\/div>\n<\/div>\n<\/div>\n<\/div>\n<p>[\/vc_column][\/vc_row][vc_row][vc_column]<\/p>\n<div class=\"templatera_shortcode\">\n<div data-vc-full-width=\"true\" data-vc-full-width-init=\"false\" data-vc-stretch-content=\"true\" class=\"vc_row wpb_row vc_row-fluid split-cta vc_custom_1545310294281 vc_row-no-padding vc_row-o-equal-height vc_row-flex\">\n<div class=\"split-blue-overlay split-col wpb_column vc_column_container vc_col-sm-6 vc_col-has-fill\">\n<div class=\"vc_column-inner vc_custom_1545310623931\">\n<div class=\"wpb_wrapper\">\n<div class=\"wpb_text_column wpb_content_element  split-copy\" >\n<div class=\"wpb_wrapper\">\n<h3>D\u2019fh\u00e9adf\u00e1 r\u00e1 gur clann \u00e9 Arramara n\u00edos m\u00f3 n\u00e1 gn\u00f3 at\u00e1 ag cruth\u00fa todhcha\u00ed inbhuanaithe d\u2019\u00c9irinn<\/h3>\n<p style=\"text-align: center;\"><a class=\"button white-blue\" href=\"\/ga\/eolas-fuinn\/\" target=\"_self\">Eolas f\u00fainn agus \u00e1r ndream<\/a><\/p>\n<\/p><\/div>\n<\/p><\/div>\n<div  class=\"wpb_single_image wpb_content_element vc_align_center\">\n<figure class=\"wpb_wrapper vc_figure\">\n<div class=\"vc_single_image-wrapper   vc_box_border_grey\"><img loading=\"lazy\" decoding=\"async\" width=\"877\" height=\"845\" src=\"https:\/\/acadiankelpmeal.com\/wp-content\/uploads\/2018\/12\/collage-square.jpg\" class=\"vc_single_image-img attachment-full\" alt=\"arramara collage square\" srcset=\"https:\/\/acadiankelpmeal.com\/wp-content\/uploads\/2018\/12\/collage-square.jpg 877w, https:\/\/acadiankelpmeal.com\/wp-content\/uploads\/2018\/12\/collage-square-300x289.jpg 300w, https:\/\/acadiankelpmeal.com\/wp-content\/uploads\/2018\/12\/collage-square-768x740.jpg 768w\" sizes=\"auto, (max-width: 877px) 100vw, 877px\" \/><\/div>\n<\/figure><\/div>\n<\/div>\n<\/div>\n<\/div>\n<div class=\"split-green-overlay split-col wpb_column vc_column_container vc_col-sm-6 vc_col-has-fill\">\n<div class=\"vc_column-inner vc_custom_1545310240877\">\n<div class=\"wpb_wrapper\">\n<div class=\"wpb_text_column wpb_content_element  split-copy\" >\n<div class=\"wpb_wrapper\">\n<h3>Ag \u00fas\u00e1id cleachtais inbhuanithe maidir le baint feamainne agus bainisti\u00fa a dh\u00e9anamh ar acmhainn\u00ed, is f\u00e9idir feamainn a choinne\u00e1il mar acmhainn in-athnuaite<\/h3>\n<p style=\"text-align: center;\"><a class=\"button white-green\" href=\"\/ga\/eolaiocht-acmhainne\/\" target=\"_self\">Eolas faoi na cleachtais inbhuanaithe a \u00fas\u00e1ideann muid<\/a><\/p>\n<\/p><\/div>\n<\/p><\/div>\n<div  class=\"wpb_single_image wpb_content_element vc_align_center\">\n<figure class=\"wpb_wrapper vc_figure\">\n<div class=\"vc_single_image-wrapper   vc_box_border_grey\"><img loading=\"lazy\" decoding=\"async\" width=\"877\" height=\"845\" src=\"https:\/\/acadiankelpmeal.com\/wp-content\/uploads\/2018\/12\/arramara-mobile-half.jpg\" class=\"vc_single_image-img attachment-full\" alt=\"\" srcset=\"https:\/\/acadiankelpmeal.com\/wp-content\/uploads\/2018\/12\/arramara-mobile-half.jpg 877w, https:\/\/acadiankelpmeal.com\/wp-content\/uploads\/2018\/12\/arramara-mobile-half-300x289.jpg 300w, https:\/\/acadiankelpmeal.com\/wp-content\/uploads\/2018\/12\/arramara-mobile-half-768x740.jpg 768w\" sizes=\"auto, (max-width: 877px) 100vw, 877px\" \/><\/div>\n<\/figure><\/div>\n<\/div>\n<\/div>\n<\/div>\n<\/div>\n<div class=\"vc_row-full-width vc_clearfix\"><\/div>\n<\/div>\n<p>[\/vc_column][\/vc_row][vc_row][vc_column]<\/p>\n<div class=\"templatera_shortcode\">\n<div class=\"vc_row wpb_row vc_row-fluid content-center content-max\">\n<div class=\"wpb_column vc_column_container vc_col-sm-12\">\n<div class=\"vc_column-inner\">\n<div class=\"wpb_wrapper\">\n<div class=\"vc_empty_space\"   style=\"height: 60px\"><span class=\"vc_empty_space_inner\"><\/span><\/div>\n<div class=\"wpb_text_column wpb_content_element \" >\n<div class=\"wpb_wrapper\">\n<h2>\u00c1r Deimhni\u00fach\u00e1in<\/h2>\n<\/p><\/div>\n<\/p><\/div>\n<\/div>\n<\/div>\n<\/div>\n<\/div>\n<div class=\"vc_row wpb_row vc_row-fluid content-center content-max\">\n<div class=\"wpb_column vc_column_container vc_col-sm-12\">\n<div class=\"vc_column-inner\">\n<div class=\"wpb_wrapper\">\n<div class=\"vc_empty_space\"   style=\"height: 32px\"><span class=\"vc_empty_space_inner\"><\/span><\/div>\n<div  class=\"wpb_single_image wpb_content_element vc_align_center\">\n<figure class=\"wpb_wrapper vc_figure\">\n<div class=\"vc_single_image-wrapper   vc_box_border_grey\"><img loading=\"lazy\" decoding=\"async\" width=\"341\" height=\"341\" src=\"https:\/\/acadiankelpmeal.com\/wp-content\/uploads\/2018\/12\/NISO.jpg\" class=\"vc_single_image-img attachment-full\" alt=\"\" srcset=\"https:\/\/acadiankelpmeal.com\/wp-content\/uploads\/2018\/12\/NISO.jpg 341w, https:\/\/acadiankelpmeal.com\/wp-content\/uploads\/2018\/12\/NISO-150x150.jpg 150w, https:\/\/acadiankelpmeal.com\/wp-content\/uploads\/2018\/12\/NISO-300x300.jpg 300w\" sizes=\"auto, (max-width: 341px) 100vw, 341px\" \/><\/div>\n<\/figure><\/div>\n<\/div>\n<\/div>\n<\/div>\n<\/div>\n<div class=\"vc_row wpb_row vc_row-fluid content-center content-max\">\n<div class=\"wpb_column vc_column_container vc_col-sm-3\">\n<div class=\"vc_column-inner\">\n<div class=\"wpb_wrapper\">\n<div class=\"vc_empty_space\"   style=\"height: 32px\"><span class=\"vc_empty_space_inner\"><\/span><\/div>\n<\/div>\n<\/div>\n<\/div>\n<div class=\"wpb_column vc_column_container vc_col-sm-3\">\n<div class=\"vc_column-inner\">\n<div class=\"wpb_wrapper\"><\/div>\n<\/div>\n<\/div>\n<div class=\"wpb_column vc_column_container vc_col-sm-3\">\n<div class=\"vc_column-inner\">\n<div class=\"wpb_wrapper\">\n<div class=\"vc_empty_space\"   style=\"height: 32px\"><span class=\"vc_empty_space_inner\"><\/span><\/div>\n<\/div>\n<\/div>\n<\/div>\n<div class=\"wpb_column vc_column_container vc_col-sm-3\">\n<div class=\"vc_column-inner\">\n<div class=\"wpb_wrapper\">\n<div class=\"vc_empty_space\"   style=\"height: 32px\"><span class=\"vc_empty_space_inner\"><\/span><\/div>\n<\/div>\n<\/div>\n<\/div>\n<\/div>\n<\/div>\n<p>[\/vc_column][\/vc_row]<\/p>\n","protected":false},"excerpt":{"rendered":"\u00c1r Deimhni\u00fach\u00e1in","protected":false},"author":2,"featured_media":0,"parent":124,"menu_order":0,"comment_status":"closed","ping_status":"closed","template":"","meta":{"footnotes":""},"class_list":["post-218","page","type-page","status-publish","hentry"],"yoast_head":"<!-- This site is optimized with the Yoast SEO plugin v25.3.1 - https:\/\/yoast.com\/wordpress\/plugins\/seo\/ -->\n<title>Irish Aquaculture Jobs | Seaweed Jobs | Arramara Careers<\/title>\n<meta name=\"description\" content=\"Looking for Irish aquaculture jobs? Want to work at a company that cares? Join Arramara and become part of something great!\" \/>\n<meta name=\"robots\" content=\"index, follow, max-snippet:-1, max-image-preview:large, max-video-preview:-1\" \/>\n<link rel=\"canonical\" href=\"https:\/\/acadiankelpmeal.com\/ga\/eolas-fuinn\/gairmeacha\/\" \/>\n<meta property=\"og:locale\" content=\"ga_IE\" \/>\n<meta property=\"og:type\" content=\"article\" \/>\n<meta property=\"og:title\" content=\"Irish Aquaculture Jobs | Seaweed Jobs | Arramara Careers\" \/>\n<meta property=\"og:description\" content=\"Looking for Irish aquaculture jobs? Want to work at a company that cares? Join Arramara and become part of something great!\" \/>\n<meta property=\"og:url\" content=\"https:\/\/acadiankelpmeal.com\/ga\/eolas-fuinn\/gairmeacha\/\" \/>\n<meta property=\"og:site_name\" content=\"Acadian Kelp Organic Seaweed\" \/>\n<meta property=\"article:modified_time\" content=\"2019-01-17T17:06:28+00:00\" \/>\n<meta name=\"twitter:card\" content=\"summary_large_image\" \/>\n<meta name=\"twitter:label1\" content=\"Est. reading time\" \/>\n\t<meta name=\"twitter:data1\" content=\"5 minutes\" \/>\n<script type=\"application\/ld+json\" class=\"yoast-schema-graph\">{\"@context\":\"https:\/\/schema.org\",\"@graph\":[{\"@type\":\"WebPage\",\"@id\":\"https:\/\/acadiankelpmeal.com\/ga\/eolas-fuinn\/gairmeacha\/\",\"url\":\"https:\/\/acadiankelpmeal.com\/ga\/eolas-fuinn\/gairmeacha\/\",\"name\":\"Irish Aquaculture Jobs | Seaweed Jobs | Arramara Careers\",\"isPartOf\":{\"@id\":\"https:\/\/acadiankelpmeal.com\/#website\"},\"datePublished\":\"2018-11-23T15:22:33+00:00\",\"dateModified\":\"2019-01-17T17:06:28+00:00\",\"description\":\"Looking for Irish aquaculture jobs? Want to work at a company that cares? Join Arramara and become part of something great!\",\"breadcrumb\":{\"@id\":\"https:\/\/acadiankelpmeal.com\/ga\/eolas-fuinn\/gairmeacha\/#breadcrumb\"},\"inLanguage\":\"ga-IE\",\"potentialAction\":[{\"@type\":\"ReadAction\",\"target\":[\"https:\/\/acadiankelpmeal.com\/ga\/eolas-fuinn\/gairmeacha\/\"]}]},{\"@type\":\"BreadcrumbList\",\"@id\":\"https:\/\/acadiankelpmeal.com\/ga\/eolas-fuinn\/gairmeacha\/#breadcrumb\",\"itemListElement\":[{\"@type\":\"ListItem\",\"position\":1,\"name\":\"Home\",\"item\":\"https:\/\/acadiankelpmeal.com\/\"},{\"@type\":\"ListItem\",\"position\":2,\"name\":\"Eolas f\u00fainn\",\"item\":\"https:\/\/acadiankelpmeal.com\/our-story\/\"},{\"@type\":\"ListItem\",\"position\":3,\"name\":\"Gairmeacha\"}]},{\"@type\":\"WebSite\",\"@id\":\"https:\/\/acadiankelpmeal.com\/#website\",\"url\":\"https:\/\/acadiankelpmeal.com\/\",\"name\":\"Acadian Kelp Organic Seaweed\",\"description\":\"Prebiotic and nutrient-rich for Healthy Animals and Soil\",\"publisher\":{\"@id\":\"https:\/\/acadiankelpmeal.com\/#organization\"},\"potentialAction\":[{\"@type\":\"SearchAction\",\"target\":{\"@type\":\"EntryPoint\",\"urlTemplate\":\"https:\/\/acadiankelpmeal.com\/?s={search_term_string}\"},\"query-input\":{\"@type\":\"PropertyValueSpecification\",\"valueRequired\":true,\"valueName\":\"search_term_string\"}}],\"inLanguage\":\"ga-IE\"},{\"@type\":\"Organization\",\"@id\":\"https:\/\/acadiankelpmeal.com\/#organization\",\"name\":\"Arramara\",\"url\":\"https:\/\/acadiankelpmeal.com\/\",\"logo\":{\"@type\":\"ImageObject\",\"inLanguage\":\"ga-IE\",\"@id\":\"https:\/\/acadiankelpmeal.com\/#\/schema\/logo\/image\/\",\"url\":\"https:\/\/acadiankelpmeal.com\/wp-content\/uploads\/2018\/11\/Group-205@2x.png\",\"contentUrl\":\"https:\/\/acadiankelpmeal.com\/wp-content\/uploads\/2018\/11\/Group-205@2x.png\",\"width\":261,\"height\":261,\"caption\":\"Arramara\"},\"image\":{\"@id\":\"https:\/\/acadiankelpmeal.com\/#\/schema\/logo\/image\/\"}}]}<\/script>\n<!-- \/ Yoast SEO plugin. -->","yoast_head_json":{"title":"Irish Aquaculture Jobs | Seaweed Jobs | Arramara Careers","description":"Looking for Irish aquaculture jobs? Want to work at a company that cares? Join Arramara and become part of something great!","robots":{"index":"index","follow":"follow","max-snippet":"max-snippet:-1","max-image-preview":"max-image-preview:large","max-video-preview":"max-video-preview:-1"},"canonical":"https:\/\/acadiankelpmeal.com\/ga\/eolas-fuinn\/gairmeacha\/","og_locale":"ga_IE","og_type":"article","og_title":"Irish Aquaculture Jobs | Seaweed Jobs | Arramara Careers","og_description":"Looking for Irish aquaculture jobs? Want to work at a company that cares? Join Arramara and become part of something great!","og_url":"https:\/\/acadiankelpmeal.com\/ga\/eolas-fuinn\/gairmeacha\/","og_site_name":"Acadian Kelp Organic Seaweed","article_modified_time":"2019-01-17T17:06:28+00:00","twitter_card":"summary_large_image","twitter_misc":{"Est. reading time":"5 minutes"},"schema":{"@context":"https:\/\/schema.org","@graph":[{"@type":"WebPage","@id":"https:\/\/acadiankelpmeal.com\/ga\/eolas-fuinn\/gairmeacha\/","url":"https:\/\/acadiankelpmeal.com\/ga\/eolas-fuinn\/gairmeacha\/","name":"Irish Aquaculture Jobs | Seaweed Jobs | Arramara Careers","isPartOf":{"@id":"https:\/\/acadiankelpmeal.com\/#website"},"datePublished":"2018-11-23T15:22:33+00:00","dateModified":"2019-01-17T17:06:28+00:00","description":"Looking for Irish aquaculture jobs? Want to work at a company that cares? Join Arramara and become part of something great!","breadcrumb":{"@id":"https:\/\/acadiankelpmeal.com\/ga\/eolas-fuinn\/gairmeacha\/#breadcrumb"},"inLanguage":"ga-IE","potentialAction":[{"@type":"ReadAction","target":["https:\/\/acadiankelpmeal.com\/ga\/eolas-fuinn\/gairmeacha\/"]}]},{"@type":"BreadcrumbList","@id":"https:\/\/acadiankelpmeal.com\/ga\/eolas-fuinn\/gairmeacha\/#breadcrumb","itemListElement":[{"@type":"ListItem","position":1,"name":"Home","item":"https:\/\/acadiankelpmeal.com\/"},{"@type":"ListItem","position":2,"name":"Eolas f\u00fainn","item":"https:\/\/acadiankelpmeal.com\/our-story\/"},{"@type":"ListItem","position":3,"name":"Gairmeacha"}]},{"@type":"WebSite","@id":"https:\/\/acadiankelpmeal.com\/#website","url":"https:\/\/acadiankelpmeal.com\/","name":"Acadian Kelp Organic Seaweed","description":"Prebiotic and nutrient-rich for Healthy Animals and Soil","publisher":{"@id":"https:\/\/acadiankelpmeal.com\/#organization"},"potentialAction":[{"@type":"SearchAction","target":{"@type":"EntryPoint","urlTemplate":"https:\/\/acadiankelpmeal.com\/?s={search_term_string}"},"query-input":{"@type":"PropertyValueSpecification","valueRequired":true,"valueName":"search_term_string"}}],"inLanguage":"ga-IE"},{"@type":"Organization","@id":"https:\/\/acadiankelpmeal.com\/#organization","name":"Arramara","url":"https:\/\/acadiankelpmeal.com\/","logo":{"@type":"ImageObject","inLanguage":"ga-IE","@id":"https:\/\/acadiankelpmeal.com\/#\/schema\/logo\/image\/","url":"https:\/\/acadiankelpmeal.com\/wp-content\/uploads\/2018\/11\/Group-205@2x.png","contentUrl":"https:\/\/acadiankelpmeal.com\/wp-content\/uploads\/2018\/11\/Group-205@2x.png","width":261,"height":261,"caption":"Arramara"},"image":{"@id":"https:\/\/acadiankelpmeal.com\/#\/schema\/logo\/image\/"}}]}},"_links":{"self":[{"href":"https:\/\/acadiankelpmeal.com\/ga\/wp-json\/wp\/v2\/pages\/218","targetHints":{"allow":["GET"]}}],"collection":[{"href":"https:\/\/acadiankelpmeal.com\/ga\/wp-json\/wp\/v2\/pages"}],"about":[{"href":"https:\/\/acadiankelpmeal.com\/ga\/wp-json\/wp\/v2\/types\/page"}],"author":[{"embeddable":true,"href":"https:\/\/acadiankelpmeal.com\/ga\/wp-json\/wp\/v2\/users\/2"}],"replies":[{"embeddable":true,"href":"https:\/\/acadiankelpmeal.com\/ga\/wp-json\/wp\/v2\/comments?post=218"}],"version-history":[{"count":0,"href":"https:\/\/acadiankelpmeal.com\/ga\/wp-json\/wp\/v2\/pages\/218\/revisions"}],"up":[{"embeddable":true,"href":"https:\/\/acadiankelpmeal.com\/ga\/wp-json\/wp\/v2\/pages\/124"}],"wp:attachment":[{"href":"https:\/\/acadiankelpmeal.com\/ga\/wp-json\/wp\/v2\/media?parent=218"}],"curies":[{"name":"wp","href":"https:\/\/api.w.org\/{rel}","templated":true}]}}