{"id":134,"date":"2018-11-15T22:53:55","date_gmt":"2018-11-15T22:53:55","guid":{"rendered":"http:\/\/arramara.wpengine.com\/?page_id=134"},"modified":"2019-01-14T20:56:21","modified_gmt":"2019-01-14T20:56:21","slug":"dean-teagmhail","status":"publish","type":"page","link":"https:\/\/acadiankelpmeal.com\/ga\/dean-teagmhail\/","title":{"rendered":"D\u00e9an teagmh\u00e1il linn"},"content":{"rendered":"<p>[vc_row full_width=&#8221;stretch_row_content_no_spaces&#8221; content_placement=&#8221;middle&#8221; css=&#8221;.vc_custom_1543556046937{background: #e0e0e0 url(https:\/\/acadiankelpmeal.com\/wp-content\/uploads\/2018\/11\/ireland-beauty-shot-2.jpg?id=592) !important;background-position: center !important;background-repeat: no-repeat !important;background-size: cover !important;}&#8221; el_class=&#8221;sub-banner&#8221;][vc_column css_animation=&#8221;fadeIn&#8221;][\/vc_column][\/vc_row][vc_row el_class=&#8221;page-bg-photo&#8221;][vc_column css_animation=&#8221;fadeIn&#8221; el_class=&#8221;content-center content-max&#8221;][vc_row_inner equal_height=&#8221;yes&#8221; content_placement=&#8221;middle&#8221; el_class=&#8221;content-center content-max&#8221;][vc_column_inner css=&#8221;.vc_custom_1542749025635{padding: 50px !important;}&#8221;][vc_column_text css_animation=&#8221;fadeIn&#8221;]<\/p>\n<h2>Ba bhre\u00e1 linn cloiste\u00e1il uait!<\/h2>\n<p>&nbsp;<\/p>\n<p>L\u00edon amach an fhoirm seo th\u00edos agus d\u00e9an iarratas ar shampla, d\u00e9an teagm\u00e1il len\u00e1r ionadaithe d\u00edolach\u00e1n Titan\u2122,\u00a0 roinn sc\u00e9al maith linn n\u00f3 cur ceist orainn. T\u00e1imid anseo chun th\u00fa a chur ar an eolas maidir leis an leas a bhaineann le feamainn na h\u00c9ireann.<\/p>\n<p>[\/vc_column_text][vc_column_text]<\/p>\n<div class=\"wpcf7 no-js\" id=\"wpcf7-f1015-o1\" lang=\"en-US\" dir=\"ltr\" data-wpcf7-id=\"1015\">\n<div class=\"screen-reader-response\">\n<p role=\"status\" aria-live=\"polite\" aria-atomic=\"true\">\n<ul><\/ul>\n<\/div>\n<form action=\"\/ga\/wp-json\/wp\/v2\/pages\/134#wpcf7-f1015-o1\" method=\"post\" class=\"wpcf7-form init\" aria-label=\"Contact form\" novalidate=\"novalidate\" data-status=\"init\">\n<div style=\"display: none;\">\n<input type=\"hidden\" name=\"_wpcf7\" value=\"1015\" \/><br \/>\n<input type=\"hidden\" name=\"_wpcf7_version\" value=\"6.0.6\" \/><br \/>\n<input type=\"hidden\" name=\"_wpcf7_locale\" value=\"en_US\" \/><br \/>\n<input type=\"hidden\" name=\"_wpcf7_unit_tag\" value=\"wpcf7-f1015-o1\" \/><br \/>\n<input type=\"hidden\" name=\"_wpcf7_container_post\" value=\"0\" \/><br \/>\n<input type=\"hidden\" name=\"_wpcf7_posted_data_hash\" value=\"\" \/><br \/>\n<input type=\"hidden\" name=\"_wpcf7_recaptcha_response\" value=\"\" \/>\n<\/div>\n<p><label> Do ainm (Ag teast\u00e1il)<br \/>\n<span class=\"wpcf7-form-control-wrap\" data-name=\"your-name\"><input size=\"40\" maxlength=\"400\" class=\"wpcf7-form-control wpcf7-text wpcf7-validates-as-required\" aria-required=\"true\" aria-invalid=\"false\" value=\"\" type=\"text\" name=\"your-name\" \/><\/span> <\/label>\n<\/p>\n<p><label> Do R\u00edomphost (ag teast\u00e1il)<br \/>\n<span class=\"wpcf7-form-control-wrap\" data-name=\"your-email\"><input size=\"40\" maxlength=\"400\" class=\"wpcf7-form-control wpcf7-email wpcf7-validates-as-required wpcf7-text wpcf7-validates-as-email\" aria-required=\"true\" aria-invalid=\"false\" value=\"\" type=\"email\" name=\"your-email\" \/><\/span> <\/label>\n<\/p>\n<p><label> \u00c1bhar<br \/>\n<span class=\"wpcf7-form-control-wrap\" data-name=\"your-subject\"><input size=\"40\" maxlength=\"400\" class=\"wpcf7-form-control wpcf7-text\" aria-invalid=\"false\" value=\"\" type=\"text\" name=\"your-subject\" \/><\/span> <\/label>\n<\/p>\n<p><label> Do theachtaireacht<br \/>\n<span class=\"wpcf7-form-control-wrap\" data-name=\"your-message\"><textarea cols=\"40\" rows=\"10\" maxlength=\"2000\" class=\"wpcf7-form-control wpcf7-textarea\" aria-invalid=\"false\" name=\"your-message\"><\/textarea><\/span> <\/label>\n<\/p>\n<p><input class=\"wpcf7-form-control wpcf7-submit has-spinner\" type=\"submit\" value=\"Seol\" \/>\n<\/p>\n<div class=\"wpcf7-response-output\" aria-hidden=\"true\"><\/div>\n<\/form>\n<\/div>\n<p>[\/vc_column_text][\/vc_column_inner][\/vc_row_inner][\/vc_column][\/vc_row][vc_row css_animation=&#8221;none&#8221; el_id=&#8221;titan-cta&#8221; el_class=&#8221;border-top&#8221;][vc_column][\/vc_column][\/vc_row][vc_row][vc_column]<\/p>\n<div class=\"templatera_shortcode\">\n<div data-vc-full-width=\"true\" data-vc-full-width-init=\"false\" data-vc-stretch-content=\"true\" class=\"vc_row wpb_row vc_row-fluid split-cta vc_custom_1545310294281 vc_row-no-padding vc_row-o-equal-height vc_row-flex\">\n<div class=\"split-blue-overlay split-col wpb_column vc_column_container vc_col-sm-6 vc_col-has-fill\">\n<div class=\"vc_column-inner vc_custom_1545310623931\">\n<div class=\"wpb_wrapper\">\n<div class=\"wpb_text_column wpb_content_element  split-copy\" >\n<div class=\"wpb_wrapper\">\n<h3>D\u2019fh\u00e9adf\u00e1 r\u00e1 gur clann \u00e9 Arramara n\u00edos m\u00f3 n\u00e1 gn\u00f3 at\u00e1 ag cruth\u00fa todhcha\u00ed inbhuanaithe d\u2019\u00c9irinn<\/h3>\n<p style=\"text-align: center;\"><a class=\"button white-blue\" href=\"\/ga\/eolas-fuinn\/\" target=\"_self\">Eolas f\u00fainn agus \u00e1r ndream<\/a><\/p>\n<\/p><\/div>\n<\/p><\/div>\n<div  class=\"wpb_single_image wpb_content_element vc_align_center\">\n<figure class=\"wpb_wrapper vc_figure\">\n<div class=\"vc_single_image-wrapper   vc_box_border_grey\"><img loading=\"lazy\" decoding=\"async\" width=\"877\" height=\"845\" src=\"https:\/\/acadiankelpmeal.com\/wp-content\/uploads\/2018\/12\/collage-square.jpg\" class=\"vc_single_image-img attachment-full\" alt=\"arramara collage square\" srcset=\"https:\/\/acadiankelpmeal.com\/wp-content\/uploads\/2018\/12\/collage-square.jpg 877w, https:\/\/acadiankelpmeal.com\/wp-content\/uploads\/2018\/12\/collage-square-300x289.jpg 300w, https:\/\/acadiankelpmeal.com\/wp-content\/uploads\/2018\/12\/collage-square-768x740.jpg 768w\" sizes=\"auto, (max-width: 877px) 100vw, 877px\" \/><\/div>\n<\/figure><\/div>\n<\/div>\n<\/div>\n<\/div>\n<div class=\"split-green-overlay split-col wpb_column vc_column_container vc_col-sm-6 vc_col-has-fill\">\n<div class=\"vc_column-inner vc_custom_1545310240877\">\n<div class=\"wpb_wrapper\">\n<div class=\"wpb_text_column wpb_content_element  split-copy\" >\n<div class=\"wpb_wrapper\">\n<h3>Ag \u00fas\u00e1id cleachtais inbhuanithe maidir le baint feamainne agus bainisti\u00fa a dh\u00e9anamh ar acmhainn\u00ed, is f\u00e9idir feamainn a choinne\u00e1il mar acmhainn in-athnuaite<\/h3>\n<p style=\"text-align: center;\"><a class=\"button white-green\" href=\"\/ga\/eolaiocht-acmhainne\/\" target=\"_self\">Eolas faoi na cleachtais inbhuanaithe a \u00fas\u00e1ideann muid<\/a><\/p>\n<\/p><\/div>\n<\/p><\/div>\n<div  class=\"wpb_single_image wpb_content_element vc_align_center\">\n<figure class=\"wpb_wrapper vc_figure\">\n<div class=\"vc_single_image-wrapper   vc_box_border_grey\"><img loading=\"lazy\" decoding=\"async\" width=\"877\" height=\"845\" src=\"https:\/\/acadiankelpmeal.com\/wp-content\/uploads\/2018\/12\/arramara-mobile-half.jpg\" class=\"vc_single_image-img attachment-full\" alt=\"\" srcset=\"https:\/\/acadiankelpmeal.com\/wp-content\/uploads\/2018\/12\/arramara-mobile-half.jpg 877w, https:\/\/acadiankelpmeal.com\/wp-content\/uploads\/2018\/12\/arramara-mobile-half-300x289.jpg 300w, https:\/\/acadiankelpmeal.com\/wp-content\/uploads\/2018\/12\/arramara-mobile-half-768x740.jpg 768w\" sizes=\"auto, (max-width: 877px) 100vw, 877px\" \/><\/div>\n<\/figure><\/div>\n<\/div>\n<\/div>\n<\/div>\n<\/div>\n<div class=\"vc_row-full-width vc_clearfix\"><\/div>\n<\/div>\n<p>[\/vc_column][\/vc_row][vc_row][vc_column][vc_gmaps link=&#8221;#E-8_JTNDaWZyYW1lJTIwc3JjJTNEJTIyaHR0cHMlM0ElMkYlMkZ3d3cuZ29vZ2xlLmNvbSUyRm1hcHMlMkZlbWJlZCUzRnBiJTNEJTIxMW0xOCUyMTFtMTIlMjExbTMlMjExZDYxMDA5Mi42NTY3NDA2Mzg3JTIxMmQtMTAuMjk0NjAyMDk1MDM5OTcyJTIxM2Q1My4zMjIyMjk5MDA1OTkxJTIxMm0zJTIxMWYwJTIxMmYwJTIxM2YwJTIxM20yJTIxMWkxMDI0JTIxMmk3NjglMjE0ZjEzLjElMjEzbTMlMjExbTIlMjExczB4NDg1YTRhMWU0M2UyZjE0ZiUyNTNBMHhiYWRlNWNiMTFkY2VkNTc2JTIxMnNBcnJhbWFyYSUyQlRlb3JhbnRhJTIxNWUwJTIxM20yJTIxMXNlbiUyMTJzdXMlMjE0djE1NDQwNDM0NzI1OTElMjIlMjB3aWR0aCUzRCUyMjYwMCUyMiUyMGhlaWdodCUzRCUyMjQ1MCUyMiUyMGZyYW1lYm9yZGVyJTNEJTIyMCUyMiUyMHN0eWxlJTNEJTIyYm9yZGVyJTNBMCUyMiUyMGFsbG93ZnVsbHNjcmVlbiUzRSUzQyUyRmlmcmFtZSUzRQ==&#8221;][\/vc_column][\/vc_row]<\/p>\n","protected":false},"excerpt":{"rendered":"D\u2019fh\u00e9adf\u00e1 r\u00e1 gur clann \u00e9 Arramara n\u00edos m\u00f3 n\u00e1 gn\u00f3 at\u00e1 ag cruth\u00fa todhcha\u00ed inbhuanaithe d\u2019\u00c9irinn Eolas f\u00fainn agus \u00e1r ndream Ag \u00fas\u00e1id cleachtais inbhuanithe maidir le baint feamainne agus bainisti\u00fa a dh\u00e9anamh ar acmhainn\u00ed, is f\u00e9idir feamainn a choinne\u00e1il mar acmhainn in-athnuaite Eolas faoi na cleachtais inbhuanaithe a \u00fas\u00e1ideann muid","protected":false},"author":1,"featured_media":0,"parent":0,"menu_order":0,"comment_status":"closed","ping_status":"closed","template":"","meta":{"footnotes":""},"class_list":["post-134","page","type-page","status-publish","hentry"],"yoast_head":"<!-- This site is optimized with the Yoast SEO plugin v25.3.1 - https:\/\/yoast.com\/wordpress\/plugins\/seo\/ -->\n<title>Contact Arramara | Connemara Seaweed Company | Buy Irish Seaweed<\/title>\n<meta name=\"description\" content=\"Want to contact a Titan\u2122 sales rep, share a story or ask a question? Arramara is the Connemara seaweed company ready and eager to help.\" \/>\n<meta name=\"robots\" content=\"index, follow, max-snippet:-1, max-image-preview:large, max-video-preview:-1\" \/>\n<link rel=\"canonical\" href=\"https:\/\/acadiankelpmeal.com\/contact-us\/\" \/>\n<meta property=\"og:locale\" content=\"ga_IE\" \/>\n<meta property=\"og:type\" content=\"article\" \/>\n<meta property=\"og:title\" content=\"Contact Arramara | Connemara Seaweed Company | Buy Irish Seaweed\" \/>\n<meta property=\"og:description\" content=\"Want to contact a Titan\u2122 sales rep, share a story or ask a question? Arramara is the Connemara seaweed company ready and eager to help.\" \/>\n<meta property=\"og:url\" content=\"https:\/\/acadiankelpmeal.com\/contact-us\/\" \/>\n<meta property=\"og:site_name\" content=\"Acadian Kelp Organic Seaweed\" \/>\n<meta property=\"article:modified_time\" content=\"2019-01-14T20:56:21+00:00\" \/>\n<meta name=\"twitter:card\" content=\"summary_large_image\" \/>\n<meta name=\"twitter:label1\" content=\"Est. reading time\" \/>\n\t<meta name=\"twitter:data1\" content=\"1 minute\" \/>\n<script type=\"application\/ld+json\" class=\"yoast-schema-graph\">{\"@context\":\"https:\/\/schema.org\",\"@graph\":[{\"@type\":\"WebPage\",\"@id\":\"https:\/\/acadiankelpmeal.com\/contact-us\/\",\"url\":\"https:\/\/acadiankelpmeal.com\/contact-us\/\",\"name\":\"Contact Arramara | Connemara Seaweed Company | Buy Irish Seaweed\",\"isPartOf\":{\"@id\":\"https:\/\/acadiankelpmeal.com\/#website\"},\"datePublished\":\"2018-11-15T22:53:55+00:00\",\"dateModified\":\"2019-01-14T20:56:21+00:00\",\"description\":\"Want to contact a Titan\u2122 sales rep, share a story or ask a question? Arramara is the Connemara seaweed company ready and eager to help.\",\"breadcrumb\":{\"@id\":\"https:\/\/acadiankelpmeal.com\/contact-us\/#breadcrumb\"},\"inLanguage\":\"ga-IE\",\"potentialAction\":[{\"@type\":\"ReadAction\",\"target\":[\"https:\/\/acadiankelpmeal.com\/contact-us\/\"]}]},{\"@type\":\"BreadcrumbList\",\"@id\":\"https:\/\/acadiankelpmeal.com\/contact-us\/#breadcrumb\",\"itemListElement\":[{\"@type\":\"ListItem\",\"position\":1,\"name\":\"Home\",\"item\":\"https:\/\/acadiankelpmeal.com\/\"},{\"@type\":\"ListItem\",\"position\":2,\"name\":\"D\u00e9an teagmh\u00e1il linn\"}]},{\"@type\":\"WebSite\",\"@id\":\"https:\/\/acadiankelpmeal.com\/#website\",\"url\":\"https:\/\/acadiankelpmeal.com\/\",\"name\":\"Acadian Kelp Organic Seaweed\",\"description\":\"Prebiotic and nutrient-rich for Healthy Animals and Soil\",\"publisher\":{\"@id\":\"https:\/\/acadiankelpmeal.com\/#organization\"},\"potentialAction\":[{\"@type\":\"SearchAction\",\"target\":{\"@type\":\"EntryPoint\",\"urlTemplate\":\"https:\/\/acadiankelpmeal.com\/?s={search_term_string}\"},\"query-input\":{\"@type\":\"PropertyValueSpecification\",\"valueRequired\":true,\"valueName\":\"search_term_string\"}}],\"inLanguage\":\"ga-IE\"},{\"@type\":\"Organization\",\"@id\":\"https:\/\/acadiankelpmeal.com\/#organization\",\"name\":\"Arramara\",\"url\":\"https:\/\/acadiankelpmeal.com\/\",\"logo\":{\"@type\":\"ImageObject\",\"inLanguage\":\"ga-IE\",\"@id\":\"https:\/\/acadiankelpmeal.com\/#\/schema\/logo\/image\/\",\"url\":\"https:\/\/acadiankelpmeal.com\/wp-content\/uploads\/2018\/11\/Group-205@2x.png\",\"contentUrl\":\"https:\/\/acadiankelpmeal.com\/wp-content\/uploads\/2018\/11\/Group-205@2x.png\",\"width\":261,\"height\":261,\"caption\":\"Arramara\"},\"image\":{\"@id\":\"https:\/\/acadiankelpmeal.com\/#\/schema\/logo\/image\/\"}}]}<\/script>\n<!-- \/ Yoast SEO plugin. -->","yoast_head_json":{"title":"Contact Arramara | Connemara Seaweed Company | Buy Irish Seaweed","description":"Want to contact a Titan\u2122 sales rep, share a story or ask a question? Arramara is the Connemara seaweed company ready and eager to help.","robots":{"index":"index","follow":"follow","max-snippet":"max-snippet:-1","max-image-preview":"max-image-preview:large","max-video-preview":"max-video-preview:-1"},"canonical":"https:\/\/acadiankelpmeal.com\/contact-us\/","og_locale":"ga_IE","og_type":"article","og_title":"Contact Arramara | Connemara Seaweed Company | Buy Irish Seaweed","og_description":"Want to contact a Titan\u2122 sales rep, share a story or ask a question? Arramara is the Connemara seaweed company ready and eager to help.","og_url":"https:\/\/acadiankelpmeal.com\/contact-us\/","og_site_name":"Acadian Kelp Organic Seaweed","article_modified_time":"2019-01-14T20:56:21+00:00","twitter_card":"summary_large_image","twitter_misc":{"Est. reading time":"1 minute"},"schema":{"@context":"https:\/\/schema.org","@graph":[{"@type":"WebPage","@id":"https:\/\/acadiankelpmeal.com\/contact-us\/","url":"https:\/\/acadiankelpmeal.com\/contact-us\/","name":"Contact Arramara | Connemara Seaweed Company | Buy Irish Seaweed","isPartOf":{"@id":"https:\/\/acadiankelpmeal.com\/#website"},"datePublished":"2018-11-15T22:53:55+00:00","dateModified":"2019-01-14T20:56:21+00:00","description":"Want to contact a Titan\u2122 sales rep, share a story or ask a question? Arramara is the Connemara seaweed company ready and eager to help.","breadcrumb":{"@id":"https:\/\/acadiankelpmeal.com\/contact-us\/#breadcrumb"},"inLanguage":"ga-IE","potentialAction":[{"@type":"ReadAction","target":["https:\/\/acadiankelpmeal.com\/contact-us\/"]}]},{"@type":"BreadcrumbList","@id":"https:\/\/acadiankelpmeal.com\/contact-us\/#breadcrumb","itemListElement":[{"@type":"ListItem","position":1,"name":"Home","item":"https:\/\/acadiankelpmeal.com\/"},{"@type":"ListItem","position":2,"name":"D\u00e9an teagmh\u00e1il linn"}]},{"@type":"WebSite","@id":"https:\/\/acadiankelpmeal.com\/#website","url":"https:\/\/acadiankelpmeal.com\/","name":"Acadian Kelp Organic Seaweed","description":"Prebiotic and nutrient-rich for Healthy Animals and Soil","publisher":{"@id":"https:\/\/acadiankelpmeal.com\/#organization"},"potentialAction":[{"@type":"SearchAction","target":{"@type":"EntryPoint","urlTemplate":"https:\/\/acadiankelpmeal.com\/?s={search_term_string}"},"query-input":{"@type":"PropertyValueSpecification","valueRequired":true,"valueName":"search_term_string"}}],"inLanguage":"ga-IE"},{"@type":"Organization","@id":"https:\/\/acadiankelpmeal.com\/#organization","name":"Arramara","url":"https:\/\/acadiankelpmeal.com\/","logo":{"@type":"ImageObject","inLanguage":"ga-IE","@id":"https:\/\/acadiankelpmeal.com\/#\/schema\/logo\/image\/","url":"https:\/\/acadiankelpmeal.com\/wp-content\/uploads\/2018\/11\/Group-205@2x.png","contentUrl":"https:\/\/acadiankelpmeal.com\/wp-content\/uploads\/2018\/11\/Group-205@2x.png","width":261,"height":261,"caption":"Arramara"},"image":{"@id":"https:\/\/acadiankelpmeal.com\/#\/schema\/logo\/image\/"}}]}},"_links":{"self":[{"href":"https:\/\/acadiankelpmeal.com\/ga\/wp-json\/wp\/v2\/pages\/134","targetHints":{"allow":["GET"]}}],"collection":[{"href":"https:\/\/acadiankelpmeal.com\/ga\/wp-json\/wp\/v2\/pages"}],"about":[{"href":"https:\/\/acadiankelpmeal.com\/ga\/wp-json\/wp\/v2\/types\/page"}],"author":[{"embeddable":true,"href":"https:\/\/acadiankelpmeal.com\/ga\/wp-json\/wp\/v2\/users\/1"}],"replies":[{"embeddable":true,"href":"https:\/\/acadiankelpmeal.com\/ga\/wp-json\/wp\/v2\/comments?post=134"}],"version-history":[{"count":0,"href":"https:\/\/acadiankelpmeal.com\/ga\/wp-json\/wp\/v2\/pages\/134\/revisions"}],"wp:attachment":[{"href":"https:\/\/acadiankelpmeal.com\/ga\/wp-json\/wp\/v2\/media?parent=134"}],"curies":[{"name":"wp","href":"https:\/\/api.w.org\/{rel}","templated":true}]}}