{"id":124,"date":"2018-11-15T22:47:08","date_gmt":"2018-11-15T22:47:08","guid":{"rendered":"http:\/\/arramara.wpengine.com\/?page_id=124"},"modified":"2019-01-17T16:59:27","modified_gmt":"2019-01-17T16:59:27","slug":"eolas-fuinn","status":"publish","type":"page","link":"https:\/\/acadiankelpmeal.com\/ga\/eolas-fuinn\/","title":{"rendered":"Eolas f\u00fainn"},"content":{"rendered":"<p>[vc_row full_width=&#8221;stretch_row_content_no_spaces&#8221; content_placement=&#8221;middle&#8221; css=&#8221;.vc_custom_1547080018684{background: #e0e0e0 url(https:\/\/acadiankelpmeal.com\/wp-content\/uploads\/2018\/12\/Arramara_Teo_Building_2-edited-e1547080001483.jpg?id=678) !important;background-position: center !important;background-repeat: no-repeat !important;background-size: cover !important;}&#8221; el_class=&#8221;sub-banner&#8221;][vc_column css_animation=&#8221;fadeIn&#8221;][\/vc_column][\/vc_row][vc_row el_class=&#8221;page-bg-photo&#8221;][vc_column css_animation=&#8221;fadeIn&#8221; el_class=&#8221;content-center content-max&#8221;][vc_row_inner el_class=&#8221;container&#8221;][vc_column_inner][vc_column_text css_animation=&#8221;fadeIn&#8221;]<\/p>\n<h2>\u00c1r Sc\u00e9al F\u00e9in<\/h2>\n<p>&nbsp;<\/p>\n<p>\u00d3n t\u00fas l\u00e9irigh Arramara meas agus tuiscint ar leith ar an bhfeamainn mar fhoinse luachmhar in iarthar na h\u00c9ireann.\u00a0 Molann muid inbhuanaitheacht, bainist\u00edocht acmhainn\u00ed agus chomh maith leis seo b\u00edonn muid ag braith ar bhainteoir\u00ed a chleachta\u00edonn modhanna bainte nach nd\u00e9anann dochar don timpeallacht. Mar thoradh ar seo go l\u00e9ir t\u00e1 feamainn le f\u00e1il go fl\u00fairseach f\u00f3s in uisc\u00ed an ch\u00f3sta Atlantaigh.<\/p>\n<p>Tuigeann muid go r\u00ed-mhaith go bhfuil freagracht ar leith orainn maidir leis an an \u00e9iceach\u00f3ras \u00e1iti\u00fail, \u00e1r gcuid fostaithe, bainteoir\u00ed agus muintir Chonamara. Faigh a thuilleadh eolais maidir leis an \u00e9ileamh at\u00e1 anois ar an bhfeamainn \u00a0\u00c9ireannach\u00a0 ar fud an domhain.<\/p>\n<p>[\/vc_column_text][\/vc_column_inner][\/vc_row_inner][vc_row_inner equal_height=&#8221;yes&#8221; el_class=&#8221;content-center content-max&#8221;][vc_column_inner width=&#8221;1\/3&#8243; css=&#8221;.vc_custom_1543873245799{padding-top: 50px !important;padding-right: 50px !important;padding-bottom: 50px !important;padding-left: 50px !important;}&#8221;][vc_single_image image=&#8221;702&#8243; img_size=&#8221;full&#8221; alignment=&#8221;center&#8221; css_animation=&#8221;fadeIn&#8221;][vc_empty_space][vc_column_text css_animation=&#8221;fadeIn&#8221;]<\/p>\n<div style=\"max-width: 420px; margin: 0 auto;\">\n<h3>Fostaithe<\/h3>\n<p>Bh\u00ed p\u00e1irt l\u00e1rnach i gc\u00f3na\u00ed ag \u00e1r gcuid fostaithe i ndul chun cinn \u00e1r dt\u00e1irg\u00ed feamainne , an geilleagar \u00e1iti\u00fail chomh maith le c\u00farsa\u00ed inbhuanaitheachta amach sna blianta at\u00e1 romhainn. Faigh amach faoi na daoine \u00e9irimi\u00fala a tharraing cl\u00fa agus c\u00e1il ar Arramara.<\/p>\n<\/div>\n<p>[\/vc_column_text][vc_empty_space][vc_column_text]<\/p>\n<p><a class=\"button blue\" href=\"\/ga\/eolas-fuinn\/fostaithe\/\" target=\"_self\">N\u00edos m\u00f3 eolais<\/a><\/p>\n<p>[\/vc_column_text][\/vc_column_inner][vc_column_inner width=&#8221;1\/3&#8243; css=&#8221;.vc_custom_1543873260705{padding-top: 50px !important;padding-right: 50px !important;padding-bottom: 50px !important;padding-left: 50px !important;}&#8221;][vc_single_image image=&#8221;704&#8243; img_size=&#8221;full&#8221; alignment=&#8221;center&#8221; css_animation=&#8221;fadeInUp&#8221; el_class=&#8221;image-shadow&#8221;][vc_empty_space][vc_column_text css_animation=&#8221;fadeIn&#8221;]<\/p>\n<div style=\"max-width: 420px; margin: 0 auto;\">\n<h3>Bainteoir\u00ed<\/h3>\n<p>T\u00e1 na bainteoir\u00ed \u00a0a bh\u00edonn ag obair againn mar chn\u00e1mh droma Arramara Teoranta. Faigh tuilleadh eolais ar an gcaoi a thaca\u00edonn a gcuid oibre leis an ngeilleagar \u00e1iti\u00fail.<\/p>\n<\/div>\n<p>[\/vc_column_text][vc_empty_space][vc_column_text]<\/p>\n<p><a class=\"button blue\" href=\"\/ga\/eolas-fuinn\/lucht-bainte-feamainne\/\" target=\"_self\">N\u00edos m\u00f3 eolais<\/a><\/p>\n<p>[\/vc_column_text][\/vc_column_inner][vc_column_inner width=&#8221;1\/3&#8243; css=&#8221;.vc_custom_1543873282776{padding-top: 50px !important;padding-right: 50px !important;padding-bottom: 50px !important;padding-left: 50px !important;}&#8221;][vc_single_image image=&#8221;706&#8243; img_size=&#8221;full&#8221; alignment=&#8221;center&#8221; css_animation=&#8221;fadeInUp&#8221; el_class=&#8221;image-shadow&#8221;][vc_empty_space][vc_column_text css_animation=&#8221;fadeIn&#8221;]<\/p>\n<div style=\"max-width: 420px; margin: 0 auto;\">\n<h3>Stair<\/h3>\n<p>Le breis agus 70 bliain anois t\u00e1 Arramara ag pr\u00f3ise\u00e1il feamainne ar ch\u00f3sta thiar na h\u00c9ireann.\u00a0 Faigh tuilleadh eolais f\u00fainn, \u00a0\u00e1r n-oidhreacht agus \u00e1r dtraidisi\u00fain.<\/p>\n<\/div>\n<p>[\/vc_column_text][vc_empty_space][vc_column_text]<\/p>\n<p><a class=\"button blue\" href=\"\/ga\/eolas-fuinn\/stair\/\" target=\"_self\">N\u00edos m\u00f3 eolais<\/a><\/p>\n<p>[\/vc_column_text][\/vc_column_inner][\/vc_row_inner][vc_row_inner equal_height=&#8221;yes&#8221; content_placement=&#8221;middle&#8221;][vc_column_inner width=&#8221;1\/2&#8243; css=&#8221;.vc_custom_1542749302113{padding: 50px !important;}&#8221;][vc_single_image image=&#8221;929&#8243; img_size=&#8221;full&#8221; alignment=&#8221;center&#8221; css_animation=&#8221;fadeInUp&#8221; el_class=&#8221;image-shadow&#8221;][\/vc_column_inner][vc_column_inner width=&#8221;1\/2&#8243; css=&#8221;.vc_custom_1542749292398{padding: 50px !important;}&#8221;][vc_column_text css_animation=&#8221;fadeIn&#8221;]<\/p>\n<div style=\"max-width: 460px;\">\n<h2>F\u00eds Arramara<\/h2>\n<h4>Le: Jean-Paul Deveau, Cathaoirleach ar an mBord, Arramara Teoranta<\/h4>\n<p>T\u00e1im s\u00e1sta anois \u00f3 ghlac muid \u00fain\u00e9ireacht ar Arramara Teoranta i m\u00ed na Bealtaine 2014, go bhfuil Acadian Seaplants\u00a0 tar \u00e9is \u00e1r ndualgais go l\u00e9ir a chomhl\u00edonadh.\u00a0 T\u00e1imid ag obair go fonnmhar \u00a0len\u00e1r gcuid Fostaithe, Lucht bainte feamainne, custaim\u00e9ir\u00ed agus geallshealbh\u00f3ir\u00ed eile chun go mbeidh\u00a0 borradh \u00e1 chur leis an gcomhlacht ar mhaithe le gach \u00e9inne. Mar gheall ar infheist\u00edocht, eola\u00edocht acmhainne agus cleachtais bhainist\u00edocht Inbhuanaithe ar Acmhainn\u00ed, t\u00e1 f\u00e1il lean\u00fanach anois ag custaim\u00e9ir\u00ed ar th\u00e1irg\u00ed Arramara. T\u00e1 tuilleadh dl\u00fais curtha len\u00e1r gcuid marga\u00ed anois freisin a chuims\u00edonn seacht dt\u00edr eile.<\/p>\n<p>&nbsp;<\/p>\n<p>D\u00fairt m\u00e9 \u00e9 seo cheana agus ba mhaith liom b\u00e9im a chur ar\u00eds air, murach an sol\u00e1thar feamainne\u00a0 chuig Arramara Teo. n\u00ed bheadh aon rath ar an gcomhlacht. Leanfaidh Arramara ar aghaidh ag ceannacht feamainne \u00f3 lucht bainte \u00e1iti\u00fail agus d\u00e9anfaimid \u00e1r seacht m\u00edle d\u00edcheall barr feabhais a chur ar an gcaidreamh seanbhunaithe seo amach sna blianta at\u00e1 romhainn.<\/p>\n<p>T\u00e1 todhcha\u00ed maith ag Arramara. Is l\u00e9ir dhom go mbainfidh an comhlacht leas as na deiseanna nua f\u00e1is de thoradh infheist\u00edochta\u00ed agus aistri\u00fa eolais \u00f3 Acadian.<\/p>\n<p>Aithn\u00edm na freagreachta\u00ed \u00a0at\u00e1 ar Arramara maidir leis an ngeilleagar \u00e1\u00edti\u00fail agus freisin go nd\u00e9anfaimid cinnte go mbeidh muid ag tac\u00fa leis an teanga, an \u00a0cult\u00far agus an oidhreacht dh\u00fachasach. \u00a0N\u00ed amh\u00e1in go mbeidh an comhlacht ag forbairt ann fh\u00e9in, ach beidh s\u00e9 ag feidhmi\u00fa go l\u00e1idir sa bpobal chomh maith.<\/p>\n<p>T\u00e1 an-bhr\u00f3d orm go bhfuil\u00a0 aitheantas domhanda bainte amach ag \u00e1r gcomhlacht mar gheall ar \u00e1r gcleachtais bhainist\u00edocht Inbhuanaithe ar Acmhainn\u00ed, \u00e1r \u00a0taighde, \u00e1r gcumas nu\u00e1la\u00edochta maidir le t\u00e1irg\u00ed agus pr\u00f3ise\u00e1il agus chomh maith leis seo rannph\u00e1irt\u00edocht i bpobal \u00e1r bhfostaithe.\u00a0 Leanfaidh muid ar aghaidh ag roinnt na dea-chleachtais seo chun go mbeidh gach rath ar Arramara, na geallshealbh\u00f3\u00edr\u00ed go l\u00e9ir agus ar thionscail feamainne na h\u00c9ireann.<\/p>\n<\/div>\n<p>[\/vc_column_text][\/vc_column_inner][\/vc_row_inner][\/vc_column][\/vc_row][vc_row css_animation=&#8221;none&#8221; el_id=&#8221;titan-cta&#8221; el_class=&#8221;border-top&#8221;][vc_column]<\/p>\n<div class=\"templatera_shortcode\">\n<div class=\"vc_row wpb_row vc_row-fluid content-center content-max vc_row-o-equal-height vc_row-o-content-middle vc_row-flex\">\n<div class=\"wpb_column vc_column_container vc_col-sm-6\">\n<div class=\"vc_column-inner\">\n<div class=\"wpb_wrapper\">\n<div  class=\"wpb_single_image wpb_content_element vc_align_center  wpb_animate_when_almost_visible wpb_fadeIn fadeIn\">\n<figure class=\"wpb_wrapper vc_figure\">\n<div class=\"vc_single_image-wrapper   vc_box_border_grey\"><img loading=\"lazy\" decoding=\"async\" class=\"vc_single_image-img \" src=\"https:\/\/acadiankelpmeal.com\/wp-content\/uploads\/2018\/11\/Titan@2x-300x154.png\" width=\"300\" height=\"154\" alt=\"Titan Seaweed Product Logo\" title=\"Titan@2x\" \/><\/div>\n<\/figure><\/div>\n<\/div>\n<\/div>\n<\/div>\n<div class=\"wpb_column vc_column_container vc_col-sm-6\">\n<div class=\"vc_column-inner\">\n<div class=\"wpb_wrapper\">\n<div class=\"wpb_text_column wpb_content_element  wpb_animate_when_almost_visible wpb_fadeIn fadeIn\" >\n<div class=\"wpb_wrapper\">\n<h2 class=\"header-dark\" style=\"max-width: 500px;\">Ar mhaith leat triail a bhaint as \u00e1r dt\u00e1irg\u00ed Titan\u2122?<\/h2>\n<\/p><\/div>\n<\/p><\/div>\n<div class=\"wpb_text_column wpb_content_element  wpb_animate_when_almost_visible wpb_fadeInUp fadeInUp\" >\n<div class=\"wpb_wrapper\">\n\t\t\t<a class=\"button blue\" href=\"\/ga\/dean-teagmhail\/\" target=\"_self\">D\u00e9an iarratas<\/a><\/p><\/div>\n<\/p><\/div>\n<\/div>\n<\/div>\n<\/div>\n<\/div>\n<\/div>\n<p>[\/vc_column][\/vc_row][vc_row][vc_column]<\/p>\n<div class=\"templatera_shortcode\">\n<div data-vc-full-width=\"true\" data-vc-full-width-init=\"false\" data-vc-stretch-content=\"true\" class=\"vc_row wpb_row vc_row-fluid split-cta vc_custom_1545310294281 vc_row-no-padding vc_row-o-equal-height vc_row-flex\">\n<div class=\"split-blue-overlay split-col wpb_column vc_column_container vc_col-sm-6 vc_col-has-fill\">\n<div class=\"vc_column-inner vc_custom_1545310623931\">\n<div class=\"wpb_wrapper\">\n<div class=\"wpb_text_column wpb_content_element  split-copy\" >\n<div class=\"wpb_wrapper\">\n<h3>D\u2019fh\u00e9adf\u00e1 r\u00e1 gur clann \u00e9 Arramara n\u00edos m\u00f3 n\u00e1 gn\u00f3 at\u00e1 ag cruth\u00fa todhcha\u00ed inbhuanaithe d\u2019\u00c9irinn<\/h3>\n<p style=\"text-align: center;\"><a class=\"button white-blue\" href=\"\/ga\/eolas-fuinn\/\" target=\"_self\">Eolas f\u00fainn agus \u00e1r ndream<\/a><\/p>\n<\/p><\/div>\n<\/p><\/div>\n<div  class=\"wpb_single_image wpb_content_element vc_align_center\">\n<figure class=\"wpb_wrapper vc_figure\">\n<div class=\"vc_single_image-wrapper   vc_box_border_grey\"><img loading=\"lazy\" decoding=\"async\" width=\"877\" height=\"845\" src=\"https:\/\/acadiankelpmeal.com\/wp-content\/uploads\/2018\/12\/collage-square.jpg\" class=\"vc_single_image-img attachment-full\" alt=\"arramara collage square\" srcset=\"https:\/\/acadiankelpmeal.com\/wp-content\/uploads\/2018\/12\/collage-square.jpg 877w, https:\/\/acadiankelpmeal.com\/wp-content\/uploads\/2018\/12\/collage-square-300x289.jpg 300w, https:\/\/acadiankelpmeal.com\/wp-content\/uploads\/2018\/12\/collage-square-768x740.jpg 768w\" sizes=\"auto, (max-width: 877px) 100vw, 877px\" \/><\/div>\n<\/figure><\/div>\n<\/div>\n<\/div>\n<\/div>\n<div class=\"split-green-overlay split-col wpb_column vc_column_container vc_col-sm-6 vc_col-has-fill\">\n<div class=\"vc_column-inner vc_custom_1545310240877\">\n<div class=\"wpb_wrapper\">\n<div class=\"wpb_text_column wpb_content_element  split-copy\" >\n<div class=\"wpb_wrapper\">\n<h3>Ag \u00fas\u00e1id cleachtais inbhuanithe maidir le baint feamainne agus bainisti\u00fa a dh\u00e9anamh ar acmhainn\u00ed, is f\u00e9idir feamainn a choinne\u00e1il mar acmhainn in-athnuaite<\/h3>\n<p style=\"text-align: center;\"><a class=\"button white-green\" href=\"\/ga\/eolaiocht-acmhainne\/\" target=\"_self\">Eolas faoi na cleachtais inbhuanaithe a \u00fas\u00e1ideann muid<\/a><\/p>\n<\/p><\/div>\n<\/p><\/div>\n<div  class=\"wpb_single_image wpb_content_element vc_align_center\">\n<figure class=\"wpb_wrapper vc_figure\">\n<div class=\"vc_single_image-wrapper   vc_box_border_grey\"><img loading=\"lazy\" decoding=\"async\" width=\"877\" height=\"845\" src=\"https:\/\/acadiankelpmeal.com\/wp-content\/uploads\/2018\/12\/arramara-mobile-half.jpg\" class=\"vc_single_image-img attachment-full\" alt=\"\" srcset=\"https:\/\/acadiankelpmeal.com\/wp-content\/uploads\/2018\/12\/arramara-mobile-half.jpg 877w, https:\/\/acadiankelpmeal.com\/wp-content\/uploads\/2018\/12\/arramara-mobile-half-300x289.jpg 300w, https:\/\/acadiankelpmeal.com\/wp-content\/uploads\/2018\/12\/arramara-mobile-half-768x740.jpg 768w\" sizes=\"auto, (max-width: 877px) 100vw, 877px\" \/><\/div>\n<\/figure><\/div>\n<\/div>\n<\/div>\n<\/div>\n<\/div>\n<div class=\"vc_row-full-width vc_clearfix\"><\/div>\n<\/div>\n<p>[\/vc_column][\/vc_row]<\/p>\n","protected":false},"excerpt":{"rendered":"D\u2019fh\u00e9adf\u00e1 r\u00e1 gur clann \u00e9 Arramara n\u00edos m\u00f3 n\u00e1 gn\u00f3 at\u00e1 ag cruth\u00fa todhcha\u00ed inbhuanaithe d\u2019\u00c9irinn Eolas f\u00fainn agus \u00e1r ndream Ag \u00fas\u00e1id cleachtais inbhuanithe maidir le baint feamainne agus bainisti\u00fa a dh\u00e9anamh ar acmhainn\u00ed, is f\u00e9idir feamainn a choinne\u00e1il mar acmhainn in-athnuaite Eolas faoi na cleachtais inbhuanaithe a \u00fas\u00e1ideann muid","protected":false},"author":1,"featured_media":0,"parent":0,"menu_order":0,"comment_status":"closed","ping_status":"closed","template":"","meta":{"footnotes":""},"class_list":["post-124","page","type-page","status-publish","hentry"],"yoast_head":"<!-- This site is optimized with the Yoast SEO plugin v25.3.1 - https:\/\/yoast.com\/wordpress\/plugins\/seo\/ -->\n<title>Irish Seaweed Processing Company | Arramara Teoranta&#039;s Story<\/title>\n<meta name=\"description\" content=\"As an Irish seaweed processing company, Arramara takes pride in supporting our local ecosystem, our Employees, our Harvesters and the people of Connemara.\" \/>\n<meta name=\"robots\" content=\"index, follow, max-snippet:-1, max-image-preview:large, max-video-preview:-1\" \/>\n<link rel=\"canonical\" href=\"https:\/\/acadiankelpmeal.com\/our-story\/\" \/>\n<meta property=\"og:locale\" content=\"ga_IE\" \/>\n<meta property=\"og:type\" content=\"article\" \/>\n<meta property=\"og:title\" content=\"Irish Seaweed Processing Company | Arramara Teoranta&#039;s Story\" \/>\n<meta property=\"og:description\" content=\"As an Irish seaweed processing company, Arramara takes pride in supporting our local ecosystem, our Employees, our Harvesters and the people of Connemara.\" \/>\n<meta property=\"og:url\" content=\"https:\/\/acadiankelpmeal.com\/our-story\/\" \/>\n<meta property=\"og:site_name\" content=\"Acadian Kelp Organic Seaweed\" \/>\n<meta property=\"article:modified_time\" content=\"2019-01-17T16:59:27+00:00\" \/>\n<meta name=\"twitter:card\" content=\"summary_large_image\" \/>\n<meta name=\"twitter:label1\" content=\"Est. reading time\" \/>\n\t<meta name=\"twitter:data1\" content=\"5 minutes\" \/>\n<script type=\"application\/ld+json\" class=\"yoast-schema-graph\">{\"@context\":\"https:\/\/schema.org\",\"@graph\":[{\"@type\":\"WebPage\",\"@id\":\"https:\/\/acadiankelpmeal.com\/our-story\/\",\"url\":\"https:\/\/acadiankelpmeal.com\/our-story\/\",\"name\":\"Irish Seaweed Processing Company | Arramara Teoranta's Story\",\"isPartOf\":{\"@id\":\"https:\/\/acadiankelpmeal.com\/#website\"},\"datePublished\":\"2018-11-15T22:47:08+00:00\",\"dateModified\":\"2019-01-17T16:59:27+00:00\",\"description\":\"As an Irish seaweed processing company, Arramara takes pride in supporting our local ecosystem, our Employees, our Harvesters and the people of Connemara.\",\"breadcrumb\":{\"@id\":\"https:\/\/acadiankelpmeal.com\/our-story\/#breadcrumb\"},\"inLanguage\":\"ga-IE\",\"potentialAction\":[{\"@type\":\"ReadAction\",\"target\":[\"https:\/\/acadiankelpmeal.com\/our-story\/\"]}]},{\"@type\":\"BreadcrumbList\",\"@id\":\"https:\/\/acadiankelpmeal.com\/our-story\/#breadcrumb\",\"itemListElement\":[{\"@type\":\"ListItem\",\"position\":1,\"name\":\"Home\",\"item\":\"https:\/\/acadiankelpmeal.com\/\"},{\"@type\":\"ListItem\",\"position\":2,\"name\":\"Eolas f\u00fainn\"}]},{\"@type\":\"WebSite\",\"@id\":\"https:\/\/acadiankelpmeal.com\/#website\",\"url\":\"https:\/\/acadiankelpmeal.com\/\",\"name\":\"Acadian Kelp Organic Seaweed\",\"description\":\"Prebiotic and nutrient-rich for Healthy Animals and Soil\",\"publisher\":{\"@id\":\"https:\/\/acadiankelpmeal.com\/#organization\"},\"potentialAction\":[{\"@type\":\"SearchAction\",\"target\":{\"@type\":\"EntryPoint\",\"urlTemplate\":\"https:\/\/acadiankelpmeal.com\/?s={search_term_string}\"},\"query-input\":{\"@type\":\"PropertyValueSpecification\",\"valueRequired\":true,\"valueName\":\"search_term_string\"}}],\"inLanguage\":\"ga-IE\"},{\"@type\":\"Organization\",\"@id\":\"https:\/\/acadiankelpmeal.com\/#organization\",\"name\":\"Arramara\",\"url\":\"https:\/\/acadiankelpmeal.com\/\",\"logo\":{\"@type\":\"ImageObject\",\"inLanguage\":\"ga-IE\",\"@id\":\"https:\/\/acadiankelpmeal.com\/#\/schema\/logo\/image\/\",\"url\":\"https:\/\/acadiankelpmeal.com\/wp-content\/uploads\/2018\/11\/Group-205@2x.png\",\"contentUrl\":\"https:\/\/acadiankelpmeal.com\/wp-content\/uploads\/2018\/11\/Group-205@2x.png\",\"width\":261,\"height\":261,\"caption\":\"Arramara\"},\"image\":{\"@id\":\"https:\/\/acadiankelpmeal.com\/#\/schema\/logo\/image\/\"}}]}<\/script>\n<!-- \/ Yoast SEO plugin. -->","yoast_head_json":{"title":"Irish Seaweed Processing Company | Arramara Teoranta's Story","description":"As an Irish seaweed processing company, Arramara takes pride in supporting our local ecosystem, our Employees, our Harvesters and the people of Connemara.","robots":{"index":"index","follow":"follow","max-snippet":"max-snippet:-1","max-image-preview":"max-image-preview:large","max-video-preview":"max-video-preview:-1"},"canonical":"https:\/\/acadiankelpmeal.com\/our-story\/","og_locale":"ga_IE","og_type":"article","og_title":"Irish Seaweed Processing Company | Arramara Teoranta's Story","og_description":"As an Irish seaweed processing company, Arramara takes pride in supporting our local ecosystem, our Employees, our Harvesters and the people of Connemara.","og_url":"https:\/\/acadiankelpmeal.com\/our-story\/","og_site_name":"Acadian Kelp Organic Seaweed","article_modified_time":"2019-01-17T16:59:27+00:00","twitter_card":"summary_large_image","twitter_misc":{"Est. reading time":"5 minutes"},"schema":{"@context":"https:\/\/schema.org","@graph":[{"@type":"WebPage","@id":"https:\/\/acadiankelpmeal.com\/our-story\/","url":"https:\/\/acadiankelpmeal.com\/our-story\/","name":"Irish Seaweed Processing Company | Arramara Teoranta's Story","isPartOf":{"@id":"https:\/\/acadiankelpmeal.com\/#website"},"datePublished":"2018-11-15T22:47:08+00:00","dateModified":"2019-01-17T16:59:27+00:00","description":"As an Irish seaweed processing company, Arramara takes pride in supporting our local ecosystem, our Employees, our Harvesters and the people of Connemara.","breadcrumb":{"@id":"https:\/\/acadiankelpmeal.com\/our-story\/#breadcrumb"},"inLanguage":"ga-IE","potentialAction":[{"@type":"ReadAction","target":["https:\/\/acadiankelpmeal.com\/our-story\/"]}]},{"@type":"BreadcrumbList","@id":"https:\/\/acadiankelpmeal.com\/our-story\/#breadcrumb","itemListElement":[{"@type":"ListItem","position":1,"name":"Home","item":"https:\/\/acadiankelpmeal.com\/"},{"@type":"ListItem","position":2,"name":"Eolas f\u00fainn"}]},{"@type":"WebSite","@id":"https:\/\/acadiankelpmeal.com\/#website","url":"https:\/\/acadiankelpmeal.com\/","name":"Acadian Kelp Organic Seaweed","description":"Prebiotic and nutrient-rich for Healthy Animals and Soil","publisher":{"@id":"https:\/\/acadiankelpmeal.com\/#organization"},"potentialAction":[{"@type":"SearchAction","target":{"@type":"EntryPoint","urlTemplate":"https:\/\/acadiankelpmeal.com\/?s={search_term_string}"},"query-input":{"@type":"PropertyValueSpecification","valueRequired":true,"valueName":"search_term_string"}}],"inLanguage":"ga-IE"},{"@type":"Organization","@id":"https:\/\/acadiankelpmeal.com\/#organization","name":"Arramara","url":"https:\/\/acadiankelpmeal.com\/","logo":{"@type":"ImageObject","inLanguage":"ga-IE","@id":"https:\/\/acadiankelpmeal.com\/#\/schema\/logo\/image\/","url":"https:\/\/acadiankelpmeal.com\/wp-content\/uploads\/2018\/11\/Group-205@2x.png","contentUrl":"https:\/\/acadiankelpmeal.com\/wp-content\/uploads\/2018\/11\/Group-205@2x.png","width":261,"height":261,"caption":"Arramara"},"image":{"@id":"https:\/\/acadiankelpmeal.com\/#\/schema\/logo\/image\/"}}]}},"_links":{"self":[{"href":"https:\/\/acadiankelpmeal.com\/ga\/wp-json\/wp\/v2\/pages\/124","targetHints":{"allow":["GET"]}}],"collection":[{"href":"https:\/\/acadiankelpmeal.com\/ga\/wp-json\/wp\/v2\/pages"}],"about":[{"href":"https:\/\/acadiankelpmeal.com\/ga\/wp-json\/wp\/v2\/types\/page"}],"author":[{"embeddable":true,"href":"https:\/\/acadiankelpmeal.com\/ga\/wp-json\/wp\/v2\/users\/1"}],"replies":[{"embeddable":true,"href":"https:\/\/acadiankelpmeal.com\/ga\/wp-json\/wp\/v2\/comments?post=124"}],"version-history":[{"count":0,"href":"https:\/\/acadiankelpmeal.com\/ga\/wp-json\/wp\/v2\/pages\/124\/revisions"}],"wp:attachment":[{"href":"https:\/\/acadiankelpmeal.com\/ga\/wp-json\/wp\/v2\/media?parent=124"}],"curies":[{"name":"wp","href":"https:\/\/api.w.org\/{rel}","templated":true}]}}